{"id":13586,"date":"2021-02-01T12:19:30","date_gmt":"2021-02-01T10:19:30","guid":{"rendered":"https:\/\/thebestantique.com\/?post_type=product&#038;p=13586"},"modified":"2024-01-07T12:09:22","modified_gmt":"2024-01-07T10:09:22","slug":"indian-dagger-type-indo-persian-kandjar","status":"publish","type":"product","link":"https:\/\/thebestantique.com\/et\/product\/indian-dagger-type-indo-persian-kandjar\/","title":{"rendered":"India kortik T\u00fc\u00fcp indo-p\u00e4rsia Khanjar."},"content":{"rendered":"<p>India kortik T\u00fc\u00fcp indo-p\u00e4rsia Khanjar.<br \/>\nNephrite k\u00e4epide kaunistatud punase ja rohelise klaasi vahelehed ja kroonlehed. Kumer tera keskmise servaga, h\u00f5bedane kannal.<br \/>\n19 sajandi l\u00f5pus.<\/p>\n<blockquote><p>M\u00f5\u00f5dud:<\/p>\n<p>Kogupikkus: 37 cm.<\/p>\n<p>Tera pikkus: 26.5 cm.<\/p>\n<p>Tera laius: 4,5 cm.<\/p><\/blockquote>\n<p><\/p>","protected":false},"excerpt":{"rendered":"<p>India kortik T\u00fc\u00fcp indo-p\u00e4rsia Khanjar.<br \/>\nNephrite k\u00e4epide kaunistatud punase ja rohelise klaasi vahelehed ja kroonlehed. Kumer tera keskmise servaga, h\u00f5bedane kannal.<br \/>\n19 sajandi l\u00f5pus.<\/p>\n<blockquote><p>M\u00f5\u00f5dud:<\/p>\n<p>Kogupikkus: 37 cm.<\/p>\n<p>Tera pikkus: 26.5 cm.<\/p>\n<p>Tera laius: 4,5 cm.<\/p><\/blockquote>\n","protected":false},"featured_media":13587,"comment_status":"closed","ping_status":"closed","template":"","meta":{"_exactmetrics_skip_tracking":false,"_exactmetrics_sitenote_active":false,"_exactmetrics_sitenote_note":"","_exactmetrics_sitenote_category":0,"_uf_show_specific_survey":0,"_uf_disable_surveys":false},"product_brand":[],"product_cat":[421],"product_tag":[1795],"class_list":{"0":"post-13586","1":"product","2":"type-product","3":"status-publish","4":"has-post-thumbnail","6":"product_cat-sold-items","7":"product_tag-indian-dagger-type-indo-persian-kandjar","8":"product_shipping_class-small-item-0-500-g","10":"first","11":"outofstock","12":"shipping-taxable","13":"product-type-simple"},"aioseo_notices":[],"_links":{"self":[{"href":"https:\/\/thebestantique.com\/et\/wp-json\/wp\/v2\/product\/13586","targetHints":{"allow":["GET"]}}],"collection":[{"href":"https:\/\/thebestantique.com\/et\/wp-json\/wp\/v2\/product"}],"about":[{"href":"https:\/\/thebestantique.com\/et\/wp-json\/wp\/v2\/types\/product"}],"replies":[{"embeddable":true,"href":"https:\/\/thebestantique.com\/et\/wp-json\/wp\/v2\/comments?post=13586"}],"wp:featuredmedia":[{"embeddable":true,"href":"https:\/\/thebestantique.com\/et\/wp-json\/wp\/v2\/media\/13587"}],"wp:attachment":[{"href":"https:\/\/thebestantique.com\/et\/wp-json\/wp\/v2\/media?parent=13586"}],"wp:term":[{"taxonomy":"product_brand","embeddable":true,"href":"https:\/\/thebestantique.com\/et\/wp-json\/wp\/v2\/product_brand?post=13586"},{"taxonomy":"product_cat","embeddable":true,"href":"https:\/\/thebestantique.com\/et\/wp-json\/wp\/v2\/product_cat?post=13586"},{"taxonomy":"product_tag","embeddable":true,"href":"https:\/\/thebestantique.com\/et\/wp-json\/wp\/v2\/product_tag?post=13586"}],"curies":[{"name":"wp","href":"https:\/\/api.w.org\/{rel}","templated":true}]}}