{"id":13504,"date":"2021-01-14T13:45:48","date_gmt":"2021-01-14T11:45:48","guid":{"rendered":"https:\/\/thebestantique.com\/?post_type=product&#038;p=13504"},"modified":"2021-01-14T13:45:48","modified_gmt":"2021-01-14T11:45:48","slug":"unknown-european-knife-or-dagger-middle-of-20-century","status":"publish","type":"product","link":"https:\/\/thebestantique.com\/et\/product\/unknown-european-knife-or-dagger-middle-of-20-century\/","title":{"rendered":"Tundmatu Euroopa nuga v\u00f5i kortik 20 sajandi keskel"},"content":{"rendered":"<p>Tundmatu Euroopa nuga v\u00f5i kortik 20 sajandi keskel. Kahe teraga tera, nahast k\u00e4rnt\u00f5bi.<\/p>\n<p>\u00dcldiselt heas seisukorras.<\/p>\n<blockquote><p>M\u00f5\u00f5dud:<\/p>\n<p>Kogupikkus: 28 cm.<\/p>\n<p>Tera pikkus: 14 cm.<\/p>\n<p>Tera laius: 2 cm.<\/p>\n<h5>Tootekood: K032.0.15.140121<\/h5>\n<\/blockquote>\n<p><\/p>","protected":false},"excerpt":{"rendered":"<p>Tundmatu Euroopa nuga v\u00f5i kortik 20 sajandi keskel. Kahe teraga tera, nahast k\u00e4rnt\u00f5bi.<\/p>\n<p>\u00dcldiselt heas seisukorras.<\/p>\n<blockquote><p>M\u00f5\u00f5dud:<\/p>\n<p>Kogupikkus: 28 cm.<\/p>\n<p>Tera pikkus: 14 cm.<\/p>\n<p>Tera laius: 2 cm.<\/p>\n<h5>Tootekood: K032.0.15.140121<\/h5>\n<\/blockquote>\n","protected":false},"featured_media":13505,"comment_status":"closed","ping_status":"closed","template":"","meta":{"_exactmetrics_skip_tracking":false,"_exactmetrics_sitenote_active":false,"_exactmetrics_sitenote_note":"","_exactmetrics_sitenote_category":0,"_uf_show_specific_survey":0,"_uf_disable_surveys":false},"product_brand":[],"product_cat":[36],"product_tag":[],"class_list":{"0":"post-13504","1":"product","2":"type-product","3":"status-publish","4":"has-post-thumbnail","6":"product_cat-daggers","7":"product_shipping_class-small-item-0-500-g","9":"first","10":"instock","11":"sale","12":"shipping-taxable","13":"purchasable","14":"product-type-simple"},"aioseo_notices":[],"_links":{"self":[{"href":"https:\/\/thebestantique.com\/et\/wp-json\/wp\/v2\/product\/13504","targetHints":{"allow":["GET"]}}],"collection":[{"href":"https:\/\/thebestantique.com\/et\/wp-json\/wp\/v2\/product"}],"about":[{"href":"https:\/\/thebestantique.com\/et\/wp-json\/wp\/v2\/types\/product"}],"replies":[{"embeddable":true,"href":"https:\/\/thebestantique.com\/et\/wp-json\/wp\/v2\/comments?post=13504"}],"wp:featuredmedia":[{"embeddable":true,"href":"https:\/\/thebestantique.com\/et\/wp-json\/wp\/v2\/media\/13505"}],"wp:attachment":[{"href":"https:\/\/thebestantique.com\/et\/wp-json\/wp\/v2\/media?parent=13504"}],"wp:term":[{"taxonomy":"product_brand","embeddable":true,"href":"https:\/\/thebestantique.com\/et\/wp-json\/wp\/v2\/product_brand?post=13504"},{"taxonomy":"product_cat","embeddable":true,"href":"https:\/\/thebestantique.com\/et\/wp-json\/wp\/v2\/product_cat?post=13504"},{"taxonomy":"product_tag","embeddable":true,"href":"https:\/\/thebestantique.com\/et\/wp-json\/wp\/v2\/product_tag?post=13504"}],"curies":[{"name":"wp","href":"https:\/\/api.w.org\/{rel}","templated":true}]}}