{"id":13498,"date":"2021-01-14T12:26:33","date_gmt":"2021-01-14T10:26:33","guid":{"rendered":"https:\/\/thebestantique.com\/?post_type=product&#038;p=13498"},"modified":"2024-09-09T20:43:46","modified_gmt":"2024-09-09T18:43:46","slug":"miniature-souvenir-american-navy-sword-paper-knife","status":"publish","type":"product","link":"https:\/\/thebestantique.com\/et\/product\/miniature-souvenir-american-navy-sword-paper-knife\/","title":{"rendered":"Miniatuurne suveniir Ameerika m\u00f5\u00f5k, paberi nuga"},"content":{"rendered":"<p>Miniatuurne suveniir Ameerika m\u00f5\u00f5k, paberi nuga. Valmistatud Taiwanis.<\/p>\n<blockquote><p>Kogupikkus: 28,5 cm.<\/p>\n<p>Tera pikkus: 19,2 cm.<\/p>\n<p>Tera laius: 0,9 cm.<\/p><\/blockquote>\n<p><\/p>","protected":false},"excerpt":{"rendered":"<p>Miniatuurne suveniir Ameerika m\u00f5\u00f5k, paberi nuga. Valmistatud Taiwanis.<\/p>\n<blockquote><p>Kogupikkus: 28,5 cm.<\/p>\n<p>Tera pikkus: 19,2 cm.<\/p>\n<p>Tera laius: 0,9 cm.<\/p><\/blockquote>\n","protected":false},"featured_media":13499,"comment_status":"closed","ping_status":"closed","template":"","meta":{"_exactmetrics_skip_tracking":false,"_exactmetrics_sitenote_active":false,"_exactmetrics_sitenote_note":"","_exactmetrics_sitenote_category":0,"_uf_show_specific_survey":0,"_uf_disable_surveys":false},"product_brand":[],"product_cat":[36],"product_tag":[],"class_list":{"0":"post-13498","1":"product","2":"type-product","3":"status-publish","4":"has-post-thumbnail","6":"product_cat-daggers","7":"product_shipping_class-small-item-0-500-g","9":"first","10":"outofstock","11":"sale","12":"shipping-taxable","13":"purchasable","14":"product-type-simple"},"aioseo_notices":[],"_links":{"self":[{"href":"https:\/\/thebestantique.com\/et\/wp-json\/wp\/v2\/product\/13498","targetHints":{"allow":["GET"]}}],"collection":[{"href":"https:\/\/thebestantique.com\/et\/wp-json\/wp\/v2\/product"}],"about":[{"href":"https:\/\/thebestantique.com\/et\/wp-json\/wp\/v2\/types\/product"}],"replies":[{"embeddable":true,"href":"https:\/\/thebestantique.com\/et\/wp-json\/wp\/v2\/comments?post=13498"}],"wp:featuredmedia":[{"embeddable":true,"href":"https:\/\/thebestantique.com\/et\/wp-json\/wp\/v2\/media\/13499"}],"wp:attachment":[{"href":"https:\/\/thebestantique.com\/et\/wp-json\/wp\/v2\/media?parent=13498"}],"wp:term":[{"taxonomy":"product_brand","embeddable":true,"href":"https:\/\/thebestantique.com\/et\/wp-json\/wp\/v2\/product_brand?post=13498"},{"taxonomy":"product_cat","embeddable":true,"href":"https:\/\/thebestantique.com\/et\/wp-json\/wp\/v2\/product_cat?post=13498"},{"taxonomy":"product_tag","embeddable":true,"href":"https:\/\/thebestantique.com\/et\/wp-json\/wp\/v2\/product_tag?post=13498"}],"curies":[{"name":"wp","href":"https:\/\/api.w.org\/{rel}","templated":true}]}}