{"id":13371,"date":"2020-09-14T12:10:23","date_gmt":"2020-09-14T10:10:23","guid":{"rendered":"https:\/\/thebestantique.com\/?post_type=product&#038;p=13371"},"modified":"2021-01-12T12:08:31","modified_gmt":"2021-01-12T10:08:31","slug":"french-silver-mounted-scent-bottle","status":"publish","type":"product","link":"https:\/\/thebestantique.com\/et\/product\/french-silver-mounted-scent-bottle\/","title":{"rendered":"Prantsusmaa vanaaegne l\u00f5hna\u00f5lipudel"},"content":{"rendered":"<p><\/p>\n<div class=\"tab-content\">\n<div id=\"t1\" class=\"tab-pane active\">\n<div class=\"col-md-9\">\n<div>\n<div class=\"core_post_content\">\n<p>Prantsusmaa l\u00f5hna\u00f5lipudel. H\u00f5be 950, kullatud, klaas. Prantsusmaa, 20 sajandi algus.<\/p>\n<\/div>\n<\/div>\n<\/div>\n<\/div>\n<\/div>\n<div id=\"wlt_shortcode_related\" class=\"owl-carousel wlt_search_results grid_style owl-theme\">\n<div class=\"owl-wrapper-outer\">\n<div class=\"owl-wrapper\">\n<div class=\"owl-item\">\n<div class=\"itemdata icons itemid28884 item-28884 col-xs-12\">\n<div>\n<div>\n<div><\/div>\n<\/div>\n<div><\/div>\n<\/div>\n<div class=\"lotnum\" align=\"center\"><\/div>\n<\/div>\n<\/div>\n<\/div>\n<\/div>\n<\/div>\n<p><\/p>","protected":false},"excerpt":{"rendered":"<div class=\"tab-content\">\n<div id=\"t1\" class=\"tab-pane active\">\n<div class=\"col-md-9\">\n<div>\n<div class=\"core_post_content\">\n<p>Prantsusmaa l\u00f5hna\u00f5lipudel. H\u00f5be 950, kullatud, klaas. Prantsusmaa, 20 sajandi algus.<\/p>\n<blockquote><p>K\u00f5rgus: 15 cm.<\/p><\/blockquote>\n<\/div>\n<\/div>\n<\/div>\n<\/div>\n<\/div>\n<div id=\"wlt_shortcode_related\" class=\"owl-carousel wlt_search_results grid_style owl-theme\">\n<div class=\"owl-wrapper-outer\">\n<div class=\"owl-wrapper\">\n<div class=\"owl-item\">\n<div class=\"itemdata icons itemid28884 item-28884 col-xs-12\">\n<div>\n<div>\n<div><\/div>\n<\/div>\n<div><\/div>\n<\/div>\n<div class=\"lotnum\" align=\"center\"><\/div>\n<\/div>\n<\/div>\n<\/div>\n<\/div>\n<\/div>\n","protected":false},"featured_media":13372,"comment_status":"closed","ping_status":"closed","template":"","meta":{"_exactmetrics_skip_tracking":false,"_exactmetrics_sitenote_active":false,"_exactmetrics_sitenote_note":"","_exactmetrics_sitenote_category":0,"_uf_show_specific_survey":0,"_uf_disable_surveys":false},"product_brand":[],"product_cat":[356,222],"product_tag":[564,1762,613,603,1765,1648,1763,1764],"class_list":{"0":"post-13371","1":"product","2":"type-product","3":"status-publish","4":"has-post-thumbnail","6":"product_cat-antique-carafes-decatners-and-jars","7":"product_cat-more-silver","8":"product_tag-beginning-of-the-20th-century","9":"product_tag-french-silver-mounted-scent-bottle-950-silver-standard","10":"product_tag-gilding","11":"product_tag-glass-france","12":"product_tag-prantsusmaa-vanaaegne-lohnaolipudel","13":"product_tag-1648","14":"product_tag-1763","15":"product_tag-1764","16":"product_shipping_class-average-item-500-1500-g","18":"first","19":"instock","20":"sold-individually","21":"shipping-taxable","22":"purchasable","23":"product-type-simple"},"aioseo_notices":[],"_links":{"self":[{"href":"https:\/\/thebestantique.com\/et\/wp-json\/wp\/v2\/product\/13371","targetHints":{"allow":["GET"]}}],"collection":[{"href":"https:\/\/thebestantique.com\/et\/wp-json\/wp\/v2\/product"}],"about":[{"href":"https:\/\/thebestantique.com\/et\/wp-json\/wp\/v2\/types\/product"}],"replies":[{"embeddable":true,"href":"https:\/\/thebestantique.com\/et\/wp-json\/wp\/v2\/comments?post=13371"}],"wp:featuredmedia":[{"embeddable":true,"href":"https:\/\/thebestantique.com\/et\/wp-json\/wp\/v2\/media\/13372"}],"wp:attachment":[{"href":"https:\/\/thebestantique.com\/et\/wp-json\/wp\/v2\/media?parent=13371"}],"wp:term":[{"taxonomy":"product_brand","embeddable":true,"href":"https:\/\/thebestantique.com\/et\/wp-json\/wp\/v2\/product_brand?post=13371"},{"taxonomy":"product_cat","embeddable":true,"href":"https:\/\/thebestantique.com\/et\/wp-json\/wp\/v2\/product_cat?post=13371"},{"taxonomy":"product_tag","embeddable":true,"href":"https:\/\/thebestantique.com\/et\/wp-json\/wp\/v2\/product_tag?post=13371"}],"curies":[{"name":"wp","href":"https:\/\/api.w.org\/{rel}","templated":true}]}}