{"id":13286,"date":"2020-08-24T17:07:27","date_gmt":"2020-08-24T15:07:27","guid":{"rendered":"https:\/\/thebestantique.com\/?post_type=product&#038;p=13286"},"modified":"2025-03-17T14:48:00","modified_gmt":"2025-03-17T12:48:00","slug":"wmfwmf-fruit-vase","status":"publish","type":"product","link":"https:\/\/thebestantique.com\/et\/product\/wmfwmf-fruit-vase\/","title":{"rendered":"Juugendstiilis WMF puuviljavaagen"},"content":{"rendered":"<p><\/p>\n<p data-start=\"147\" data-end=\"239\">Juugendstiilis WMF puuviljavaagen.<br data-start=\"184\" data-end=\"187\" \/>H\u00f5betatud, WMF proov. Puuduvad kaks lillekest.<\/p>\n<p data-start=\"241\" data-end=\"297\">WMF = W\u00fcrttembergische Metallwarenfabrik, Saksamaa<\/p>\n<blockquote>\n<p data-start=\"299\" data-end=\"330\">M\u00f5\u00f5dud: 19,5 \u00d7 57 \u00d7 33 cm<\/p>\n<\/blockquote>\n<p><\/p>","protected":false},"excerpt":{"rendered":"<p data-start=\"147\" data-end=\"239\">Juugendstiilis WMF puuviljavaagen<\/p>\n","protected":false},"featured_media":13288,"comment_status":"closed","ping_status":"closed","template":"","meta":{"_exactmetrics_skip_tracking":false,"_exactmetrics_sitenote_active":false,"_exactmetrics_sitenote_note":"","_exactmetrics_sitenote_category":0,"_uf_show_specific_survey":0,"_uf_disable_surveys":false},"product_brand":[],"product_cat":[356,291,18],"product_tag":[1730,1731,363,1732],"class_list":{"0":"post-13286","1":"product","2":"type-product","3":"status-publish","4":"has-post-thumbnail","6":"product_cat-antique-carafes-decatners-and-jars","7":"product_cat-other","8":"product_cat-vases","9":"product_tag-art-nouveau-wmf-fruit-vase","10":"product_tag-centre-piece-wmf-wurtembergische-metalwaren-fabriek","11":"product_tag-germany","12":"product_tag-------wmf","14":"first","15":"instock","16":"sold-individually","17":"shipping-taxable","18":"purchasable","19":"product-type-simple"},"aioseo_notices":[],"_links":{"self":[{"href":"https:\/\/thebestantique.com\/et\/wp-json\/wp\/v2\/product\/13286","targetHints":{"allow":["GET"]}}],"collection":[{"href":"https:\/\/thebestantique.com\/et\/wp-json\/wp\/v2\/product"}],"about":[{"href":"https:\/\/thebestantique.com\/et\/wp-json\/wp\/v2\/types\/product"}],"replies":[{"embeddable":true,"href":"https:\/\/thebestantique.com\/et\/wp-json\/wp\/v2\/comments?post=13286"}],"wp:featuredmedia":[{"embeddable":true,"href":"https:\/\/thebestantique.com\/et\/wp-json\/wp\/v2\/media\/13288"}],"wp:attachment":[{"href":"https:\/\/thebestantique.com\/et\/wp-json\/wp\/v2\/media?parent=13286"}],"wp:term":[{"taxonomy":"product_brand","embeddable":true,"href":"https:\/\/thebestantique.com\/et\/wp-json\/wp\/v2\/product_brand?post=13286"},{"taxonomy":"product_cat","embeddable":true,"href":"https:\/\/thebestantique.com\/et\/wp-json\/wp\/v2\/product_cat?post=13286"},{"taxonomy":"product_tag","embeddable":true,"href":"https:\/\/thebestantique.com\/et\/wp-json\/wp\/v2\/product_tag?post=13286"}],"curies":[{"name":"wp","href":"https:\/\/api.w.org\/{rel}","templated":true}]}}