{"id":13243,"date":"2020-07-30T17:33:46","date_gmt":"2020-07-30T15:33:46","guid":{"rendered":"https:\/\/thebestantique.com\/?post_type=product&#038;p=13243"},"modified":"2022-06-02T09:24:28","modified_gmt":"2022-06-02T07:24:28","slug":"russian-braclet","status":"publish","type":"product","link":"https:\/\/thebestantique.com\/et\/product\/russian-braclet\/","title":{"rendered":"Vene h\u00f5bedast v\u00e4rvilise emailiga k\u00e4ev\u00f5ru"},"content":{"rendered":"<p>Vene h\u00f5bedast v\u00e4rvilise emailiga k\u00e4ev\u00f5ru. H\u00f5be 84, v\u00e4rviline email.<\/p>\n<ul>\n<li>Kaal: 20.6 cm.<\/li>\n<li>Pikkus: 19.8 cm.<\/li>\n<\/ul>\n<p><\/p>","protected":false},"excerpt":{"rendered":"<p>Vene h\u00f5bedast v\u00e4rvilise emailiga k\u00e4ev\u00f5ru. H\u00f5be 84, v\u00e4rviline email.<\/p>\n<ul>\n<li>Kaal: 20.6 cm.<\/li>\n<li>Pikkus: 19.8 cm.<\/li>\n<\/ul>\n","protected":false},"featured_media":13252,"comment_status":"closed","ping_status":"closed","template":"","meta":{"_exactmetrics_skip_tracking":false,"_exactmetrics_sitenote_active":false,"_exactmetrics_sitenote_note":"","_exactmetrics_sitenote_category":0,"_uf_show_specific_survey":0,"_uf_disable_surveys":false},"product_brand":[],"product_cat":[421],"product_tag":[],"class_list":{"0":"post-13243","1":"product","2":"type-product","3":"status-publish","4":"has-post-thumbnail","6":"product_cat-sold-items","7":"product_shipping_class-free-shipping","9":"first","10":"outofstock","11":"sold-individually","12":"shipping-taxable","13":"product-type-simple"},"aioseo_notices":[],"_links":{"self":[{"href":"https:\/\/thebestantique.com\/et\/wp-json\/wp\/v2\/product\/13243","targetHints":{"allow":["GET"]}}],"collection":[{"href":"https:\/\/thebestantique.com\/et\/wp-json\/wp\/v2\/product"}],"about":[{"href":"https:\/\/thebestantique.com\/et\/wp-json\/wp\/v2\/types\/product"}],"replies":[{"embeddable":true,"href":"https:\/\/thebestantique.com\/et\/wp-json\/wp\/v2\/comments?post=13243"}],"wp:featuredmedia":[{"embeddable":true,"href":"https:\/\/thebestantique.com\/et\/wp-json\/wp\/v2\/media\/13252"}],"wp:attachment":[{"href":"https:\/\/thebestantique.com\/et\/wp-json\/wp\/v2\/media?parent=13243"}],"wp:term":[{"taxonomy":"product_brand","embeddable":true,"href":"https:\/\/thebestantique.com\/et\/wp-json\/wp\/v2\/product_brand?post=13243"},{"taxonomy":"product_cat","embeddable":true,"href":"https:\/\/thebestantique.com\/et\/wp-json\/wp\/v2\/product_cat?post=13243"},{"taxonomy":"product_tag","embeddable":true,"href":"https:\/\/thebestantique.com\/et\/wp-json\/wp\/v2\/product_tag?post=13243"}],"curies":[{"name":"wp","href":"https:\/\/api.w.org\/{rel}","templated":true}]}}