{"id":13029,"date":"2020-05-27T21:01:30","date_gmt":"2020-05-27T19:01:30","guid":{"rendered":"https:\/\/thebestantique.com\/?post_type=product&#038;p=13029"},"modified":"2022-11-29T14:59:45","modified_gmt":"2022-11-29T12:59:45","slug":"big-french-dinner-set-for-12-persons","status":"publish","type":"product","link":"https:\/\/thebestantique.com\/et\/product\/big-french-dinner-set-for-12-persons\/","title":{"rendered":"Hiigelsuur h\u00f5be 12-osaline s\u00f6\u00f6giriistade komplekt"},"content":{"rendered":"<p><\/p>\n<div class=\"tab-content\">\n<div id=\"t1\" class=\"tab-pane active\">\n<div class=\"col-md-9\">\n<div>\n<div class=\"core_post_content\">\n<p><span data-sheets-value=\"{\" data-sheets-userformat=\"{\">Hiigelsuur h\u00f5be 12-inimesele s\u00f6\u00f6giriistade komplekt. 12 kahvlit ( h\u00f5be 950), 12 supilusikat ( h\u00f5be 950), 12 desserdi kahvlit ( h\u00f5be 950), 12 desserdi lusikat ( h\u00f5be 950), 12 desserdi nuga ( h\u00f5be 950), 12 teelusikat ( h\u00f5be 950), vahukulp ( h\u00f5be 950), 12 nuga ( k\u00e4epide \u2014 h\u00f5be 950, terasest teraosa); 12 desserdi nuga ( k\u00e4epide \u2013 h\u00f5be 950, terasest teraosa). Meistri tempel: Charles-Alexandre Lavallee, Pariis, 19 sajandi teine pool. Vahukulp: 32 cm. Nuga: 25.5 cm. Teelusika pikkus: 14.5 cm. H\u00f5beda \u00fcldkaal: 4206 g.<\/span><\/p>\n<\/div>\n<\/div>\n<\/div>\n<\/div>\n<\/div>\n<div id=\"wlt_shortcode_related\" class=\"owl-carousel wlt_search_results grid_style owl-theme\">\n<div class=\"owl-wrapper-outer\">\n<div class=\"owl-wrapper\">\n<div class=\"owl-item\">\n<div class=\"itemdata icons itemid30755  item-30755 col-xs-12\">\n<div>\n<div>\n<div><\/div>\n<\/div>\n<div><\/div>\n<\/div>\n<div class=\"lotnum\" align=\"center\"><\/div>\n<\/div>\n<\/div>\n<\/div>\n<\/div>\n<\/div>\n<p><\/p>","protected":false},"excerpt":{"rendered":"<p>Hiigelsuur h\u00f5be 12-inimesele s\u00f6\u00f6giriistade komplekt. 12 kahvlit ( h\u00f5be 950), 12 supilusikat ( h\u00f5be 950), 12 desserdi kahvlit ( h\u00f5be 950), 12 desserdi lusikat ( h\u00f5be 950), 12 desserdi nuga ( h\u00f5be 950), 12 teelusikat ( h\u00f5be 950), vahukulp ( h\u00f5be 950), 12 nuga ( k\u00e4epide \u2014 h\u00f5be 950, terasest teraosa); 12 desserdi nuga ( [&hellip;]<\/p>\n","protected":false},"featured_media":13118,"comment_status":"closed","ping_status":"closed","template":"","meta":{"_exactmetrics_skip_tracking":false,"_exactmetrics_sitenote_active":false,"_exactmetrics_sitenote_note":"","_exactmetrics_sitenote_category":0,"_uf_show_specific_survey":0,"_uf_disable_surveys":false},"product_brand":[],"product_cat":[421],"product_tag":[1697],"class_list":{"0":"post-13029","1":"product","2":"type-product","3":"status-publish","4":"has-post-thumbnail","6":"product_cat-sold-items","7":"product_tag-big-french-dinner-set-for-12-persons","8":"product_shipping_class-average-item-500-1500-g","10":"first","11":"onbackorder","12":"sold-individually","13":"shipping-taxable","14":"product-type-simple"},"aioseo_notices":[],"_links":{"self":[{"href":"https:\/\/thebestantique.com\/et\/wp-json\/wp\/v2\/product\/13029","targetHints":{"allow":["GET"]}}],"collection":[{"href":"https:\/\/thebestantique.com\/et\/wp-json\/wp\/v2\/product"}],"about":[{"href":"https:\/\/thebestantique.com\/et\/wp-json\/wp\/v2\/types\/product"}],"replies":[{"embeddable":true,"href":"https:\/\/thebestantique.com\/et\/wp-json\/wp\/v2\/comments?post=13029"}],"wp:featuredmedia":[{"embeddable":true,"href":"https:\/\/thebestantique.com\/et\/wp-json\/wp\/v2\/media\/13118"}],"wp:attachment":[{"href":"https:\/\/thebestantique.com\/et\/wp-json\/wp\/v2\/media?parent=13029"}],"wp:term":[{"taxonomy":"product_brand","embeddable":true,"href":"https:\/\/thebestantique.com\/et\/wp-json\/wp\/v2\/product_brand?post=13029"},{"taxonomy":"product_cat","embeddable":true,"href":"https:\/\/thebestantique.com\/et\/wp-json\/wp\/v2\/product_cat?post=13029"},{"taxonomy":"product_tag","embeddable":true,"href":"https:\/\/thebestantique.com\/et\/wp-json\/wp\/v2\/product_tag?post=13029"}],"curies":[{"name":"wp","href":"https:\/\/api.w.org\/{rel}","templated":true}]}}