{"id":13001,"date":"2020-05-27T10:58:47","date_gmt":"2020-05-27T08:58:47","guid":{"rendered":"https:\/\/thebestantique.com\/?post_type=product&#038;p=13001"},"modified":"2020-10-02T11:53:18","modified_gmt":"2020-10-02T09:53:18","slug":"%d1%86%d0%b0%d1%80%d1%8c-%d0%bc%d0%b8%d1%85%d0%b0%d0%b8%d0%bb-%d1%84%d0%b5%d0%b4%d0%be%d1%80%d0%be%d0%b2%d0%b8%d1%87","status":"publish","type":"product","link":"https:\/\/thebestantique.com\/et\/product\/%d1%86%d0%b0%d1%80%d1%8c-%d0%bc%d0%b8%d1%85%d0%b0%d0%b8%d0%bb-%d1%84%d0%b5%d0%b4%d0%be%d1%80%d0%be%d0%b2%d0%b8%d1%87\/","title":{"rendered":"Vene nahast p\u00fcssirohu jaoks \u00e4mber"},"content":{"rendered":"<p>Vene nahast p\u00fcssirohu jaoks \u00e4mber: tsaar Mihhail Fedorovit\u0161 \u21165 Odessa.<\/p>\n<p>Romanovite d\u00fcnastia 300. aastap\u00e4evaks nimetati laev Volga d\u00fcnastia esimese esindaja auks.<\/p>\n<p><img loading=\"lazy\" decoding=\"async\" class=\"alignnone size-medium wp-image-13038\" src=\"https:\/\/thebestantique.com\/wp-content\/uploads\/2020\/05\/130717132851_steamer_304x171_unknown_nocredit-300x169.jpg\" alt=\"\" width=\"300\" height=\"169\" srcset=\"https:\/\/thebestantique.com\/wp-content\/uploads\/2020\/05\/130717132851_steamer_304x171_unknown_nocredit-300x169.jpg 300w, https:\/\/thebestantique.com\/wp-content\/uploads\/2020\/05\/130717132851_steamer_304x171_unknown_nocredit.jpg 304w\" sizes=\"auto, (max-width: 300px) 100vw, 300px\" \/><\/p>\n<p>&nbsp;<\/p>\n<p><b>Mihhail I Fjodorovit\u0161<\/b>\u00a0(Feodorovit\u0161)\u00a0<b>Romanov<\/b>\u00a0ehk\u00a0<b>Mihhail Romanov<\/b>\u00a0(<a title=\"Vene keel\" href=\"https:\/\/et.wikipedia.org\/wiki\/Vene_keel\">vene keeles<\/a>\u00a0<i>\u041c\u0438\u0445\u0430\u0438\u043b I \u0424\u0435\u043e\u0434\u043e\u0440\u043e\u0432\u0438\u0447 \u0420\u043e\u043c\u0430\u043d\u043e\u0432<\/i>) (<a title=\"12. juuli\" href=\"https:\/\/et.wikipedia.org\/wiki\/12._juuli\">12. juuli<\/a>\u00a0(<a title=\"Juliuse kalender\" href=\"https:\/\/et.wikipedia.org\/wiki\/Juliuse_kalender\">vkj<\/a>)\u00a0<a title=\"1596\" href=\"https:\/\/et.wikipedia.org\/wiki\/1596\">1596<\/a>\u00a0\u2013\u00a0<a title=\"13. juuli\" href=\"https:\/\/et.wikipedia.org\/wiki\/13._juuli\">13. juuli<\/a>\u00a0(<a title=\"Juliuse kalender\" href=\"https:\/\/et.wikipedia.org\/wiki\/Juliuse_kalender\">vkj<\/a>)\u00a0<a title=\"1645\" href=\"https:\/\/et.wikipedia.org\/wiki\/1645\">1645<\/a>) oli\u00a0<a title=\"Romanovid\" href=\"https:\/\/et.wikipedia.org\/wiki\/Romanovid\">Romanovite<\/a>\u00a0<a title=\"D\u00fcnastia\" href=\"https:\/\/et.wikipedia.org\/wiki\/D%C3%BCnastia\">d\u00fcnastia<\/a>\u00a0rajaja\u00a0<a title=\"Venemaa\" href=\"https:\/\/et.wikipedia.org\/wiki\/Venemaa\">Venemaal<\/a>. Ta oli Vene\u00a0<a title=\"Tsaar\" href=\"https:\/\/et.wikipedia.org\/wiki\/Tsaar\">tsaar<\/a>\u00a0<a title=\"11. juuli\" href=\"https:\/\/et.wikipedia.org\/wiki\/11._juuli\">11. juulist<\/a>\u00a0<a title=\"1613\" href=\"https:\/\/et.wikipedia.org\/wiki\/1613\">1613<\/a>\u00a0kuni surmani.<\/p>","protected":false},"excerpt":{"rendered":"<p class=\"qtranxs-available-languages-message qtranxs-available-languages-message-et\">Vabandame, see kanne on saadaval ainult %LANG : ja %.<\/p>\n","protected":false},"featured_media":13003,"comment_status":"closed","ping_status":"closed","template":"","meta":{"_exactmetrics_skip_tracking":false,"_exactmetrics_sitenote_active":false,"_exactmetrics_sitenote_note":"","_exactmetrics_sitenote_category":0,"_uf_show_specific_survey":0,"_uf_disable_surveys":false},"product_brand":[],"product_cat":[291],"product_tag":[1701,1699,1698,1700,1702,1690],"class_list":{"0":"post-13001","1":"product","2":"type-product","3":"status-publish","4":"has-post-thumbnail","6":"product_cat-other","7":"product_tag-on-the-300th-anniversary-of-the-romanovi-house","8":"product_tag-romanovi-house","9":"product_tag-russian-leather-bucket-for-gunpowder","10":"product_tag-the-volga-ship-was-named","11":"product_tag-vene-nahast-pussirohu-jaoks-amber","12":"product_tag-1690","13":"product_shipping_class-big-item-1500-3000-g","15":"first","16":"instock","17":"sold-individually","18":"shipping-taxable","19":"purchasable","20":"product-type-simple"},"aioseo_notices":[],"_links":{"self":[{"href":"https:\/\/thebestantique.com\/et\/wp-json\/wp\/v2\/product\/13001","targetHints":{"allow":["GET"]}}],"collection":[{"href":"https:\/\/thebestantique.com\/et\/wp-json\/wp\/v2\/product"}],"about":[{"href":"https:\/\/thebestantique.com\/et\/wp-json\/wp\/v2\/types\/product"}],"replies":[{"embeddable":true,"href":"https:\/\/thebestantique.com\/et\/wp-json\/wp\/v2\/comments?post=13001"}],"wp:featuredmedia":[{"embeddable":true,"href":"https:\/\/thebestantique.com\/et\/wp-json\/wp\/v2\/media\/13003"}],"wp:attachment":[{"href":"https:\/\/thebestantique.com\/et\/wp-json\/wp\/v2\/media?parent=13001"}],"wp:term":[{"taxonomy":"product_brand","embeddable":true,"href":"https:\/\/thebestantique.com\/et\/wp-json\/wp\/v2\/product_brand?post=13001"},{"taxonomy":"product_cat","embeddable":true,"href":"https:\/\/thebestantique.com\/et\/wp-json\/wp\/v2\/product_cat?post=13001"},{"taxonomy":"product_tag","embeddable":true,"href":"https:\/\/thebestantique.com\/et\/wp-json\/wp\/v2\/product_tag?post=13001"}],"curies":[{"name":"wp","href":"https:\/\/api.w.org\/{rel}","templated":true}]}}