{"id":12987,"date":"2020-04-28T11:06:16","date_gmt":"2020-04-28T09:06:16","guid":{"rendered":"https:\/\/thebestantique.com\/?post_type=product&#038;p=12987"},"modified":"2021-01-12T13:05:27","modified_gmt":"2021-01-12T11:05:27","slug":"french-asparagus-tongs-2","status":"publish","type":"product","link":"https:\/\/thebestantique.com\/et\/product\/french-asparagus-tongs-2\/","title":{"rendered":"Prantsusmaa spargli jaoks tangid"},"content":{"rendered":"<p><\/p>\n<div class=\"tab-content\">\n<div id=\"t1\" class=\"tab-pane active\">\n<div class=\"col-md-9\">\n<div>\n<div class=\"core_post_content\">\n<p>Prantsusmaa spargli jaoks tangid. K\u00e4epide- h\u00f5be 950. Terasest l\u00f5ikeosa. Prantsusmaa, 19 sajandi l\u00f5pp.<\/p>\n<blockquote><p>Pikkus: 26 cm.<\/p><\/blockquote>\n<\/div>\n<\/div>\n<\/div>\n<\/div>\n<\/div>\n<div id=\"wlt_shortcode_related\" class=\"owl-carousel wlt_search_results grid_style owl-theme\">\n<div class=\"owl-wrapper-outer\">\n<div class=\"owl-wrapper\">\n<div class=\"owl-item\">\n<div class=\"itemdata icons itemid23522 item-23522 col-xs-12\">\n<div>\n<div>\n<div><\/div>\n<\/div>\n<div><\/div>\n<\/div>\n<div class=\"lotnum\" align=\"center\"><\/div>\n<\/div>\n<\/div>\n<\/div>\n<\/div>\n<\/div>\n<p><\/p>","protected":false},"excerpt":{"rendered":"<p>Prantsusmaa spargli jaoks tangid. K\u00e4epide- h\u00f5be 950. Terasest l\u00f5ikeosa. Prantsusmaa, 19 sajandi l\u00f5pp. Pikkus: 26 cm.<\/p>\n","protected":false},"featured_media":12988,"comment_status":"closed","ping_status":"closed","template":"","meta":{"_exactmetrics_skip_tracking":false,"_exactmetrics_sitenote_active":false,"_exactmetrics_sitenote_note":"","_exactmetrics_sitenote_category":0,"_uf_show_specific_survey":0,"_uf_disable_surveys":false},"product_brand":[],"product_cat":[421],"product_tag":[1506,1504],"class_list":{"0":"post-12987","1":"product","2":"type-product","3":"status-publish","4":"has-post-thumbnail","6":"product_cat-sold-items","7":"product_tag-french-asparagus-tongs","8":"product_tag-prantsusmaa-spargli-jaoks-tangid","9":"product_shipping_class-small-item-0-500-g","11":"first","12":"outofstock","13":"sold-individually","14":"shipping-taxable","15":"product-type-simple"},"aioseo_notices":[],"_links":{"self":[{"href":"https:\/\/thebestantique.com\/et\/wp-json\/wp\/v2\/product\/12987","targetHints":{"allow":["GET"]}}],"collection":[{"href":"https:\/\/thebestantique.com\/et\/wp-json\/wp\/v2\/product"}],"about":[{"href":"https:\/\/thebestantique.com\/et\/wp-json\/wp\/v2\/types\/product"}],"replies":[{"embeddable":true,"href":"https:\/\/thebestantique.com\/et\/wp-json\/wp\/v2\/comments?post=12987"}],"wp:featuredmedia":[{"embeddable":true,"href":"https:\/\/thebestantique.com\/et\/wp-json\/wp\/v2\/media\/12988"}],"wp:attachment":[{"href":"https:\/\/thebestantique.com\/et\/wp-json\/wp\/v2\/media?parent=12987"}],"wp:term":[{"taxonomy":"product_brand","embeddable":true,"href":"https:\/\/thebestantique.com\/et\/wp-json\/wp\/v2\/product_brand?post=12987"},{"taxonomy":"product_cat","embeddable":true,"href":"https:\/\/thebestantique.com\/et\/wp-json\/wp\/v2\/product_cat?post=12987"},{"taxonomy":"product_tag","embeddable":true,"href":"https:\/\/thebestantique.com\/et\/wp-json\/wp\/v2\/product_tag?post=12987"}],"curies":[{"name":"wp","href":"https:\/\/api.w.org\/{rel}","templated":true}]}}