{"id":12976,"date":"2020-04-01T12:08:33","date_gmt":"2020-04-01T10:08:33","guid":{"rendered":"https:\/\/thebestantique.com\/?post_type=product&#038;p=12976"},"modified":"2024-01-20T01:04:22","modified_gmt":"2024-01-19T23:04:22","slug":"wwii-japanese-police-superintendent-sword-with-scabbard","status":"publish","type":"product","link":"https:\/\/thebestantique.com\/et\/product\/wwii-japanese-police-superintendent-sword-with-scabbard\/","title":{"rendered":"Jaapani politsei m\u00f5\u00f5k II maailmas\u00f5da"},"content":{"rendered":"<p>Jaapani politsei m\u00f5\u00f5k II maailmas\u00f5da.\u00a0 Alampolkovnik.<\/p>\n<p>V\u00e4ga heas korras.<\/p>\n<blockquote><p>\u00dcldpikkus: 79.5 cm.<\/p>\n<p>Tera pikkus: 63 cm.<\/p>\n<p>Tera laius: 2 cm.<\/p><\/blockquote>\n<p><\/p>","protected":false},"excerpt":{"rendered":"<p>Jaapani politsei m\u00f5\u00f5k II maailmas\u00f5da.\u00a0 Alampolkovnik.<\/p>\n<p>V\u00e4ga heas korras.<\/p>\n<blockquote><p>\u00dcldpikkus: 79.5 cm.<\/p>\n<p>Tera pikkus: 63 cm.<\/p>\n<p>Tera laius: 2 cm.<\/p><\/blockquote>\n","protected":false},"featured_media":12984,"comment_status":"closed","ping_status":"closed","template":"","meta":{"_exactmetrics_skip_tracking":false,"_exactmetrics_sitenote_active":false,"_exactmetrics_sitenote_note":"","_exactmetrics_sitenote_category":0,"_uf_show_specific_survey":0,"_uf_disable_surveys":false},"product_brand":[],"product_cat":[421],"product_tag":[1682,1678,1681,1680,1679],"class_list":{"0":"post-12976","1":"product","2":"type-product","3":"status-publish","4":"has-post-thumbnail","6":"product_cat-sold-items","7":"product_tag-jaapani-politsei-mook-ii-maailmasoda","8":"product_tag-wwii-japanese-police-superintendent-sword-with-scabbard","9":"product_tag-1681","10":"product_tag-1680","11":"product_tag-1679","12":"product_shipping_class-average-item-500-1500-g","14":"first","15":"outofstock","16":"sold-individually","17":"shipping-taxable","18":"product-type-simple"},"aioseo_notices":[],"_links":{"self":[{"href":"https:\/\/thebestantique.com\/et\/wp-json\/wp\/v2\/product\/12976","targetHints":{"allow":["GET"]}}],"collection":[{"href":"https:\/\/thebestantique.com\/et\/wp-json\/wp\/v2\/product"}],"about":[{"href":"https:\/\/thebestantique.com\/et\/wp-json\/wp\/v2\/types\/product"}],"replies":[{"embeddable":true,"href":"https:\/\/thebestantique.com\/et\/wp-json\/wp\/v2\/comments?post=12976"}],"wp:featuredmedia":[{"embeddable":true,"href":"https:\/\/thebestantique.com\/et\/wp-json\/wp\/v2\/media\/12984"}],"wp:attachment":[{"href":"https:\/\/thebestantique.com\/et\/wp-json\/wp\/v2\/media?parent=12976"}],"wp:term":[{"taxonomy":"product_brand","embeddable":true,"href":"https:\/\/thebestantique.com\/et\/wp-json\/wp\/v2\/product_brand?post=12976"},{"taxonomy":"product_cat","embeddable":true,"href":"https:\/\/thebestantique.com\/et\/wp-json\/wp\/v2\/product_cat?post=12976"},{"taxonomy":"product_tag","embeddable":true,"href":"https:\/\/thebestantique.com\/et\/wp-json\/wp\/v2\/product_tag?post=12976"}],"curies":[{"name":"wp","href":"https:\/\/api.w.org\/{rel}","templated":true}]}}