{"id":12904,"date":"2020-03-20T12:28:16","date_gmt":"2020-03-20T10:28:16","guid":{"rendered":"https:\/\/thebestantique.com\/?post_type=product&#038;p=12904"},"modified":"2020-09-26T12:36:48","modified_gmt":"2020-09-26T10:36:48","slug":"m-1907-unusual-imperial-russian-bebut-sword-kindjal","status":"publish","type":"product","link":"https:\/\/thebestantique.com\/et\/product\/m-1907-unusual-imperial-russian-bebut-sword-kindjal\/","title":{"rendered":"Vene s\u00f5duri m\u00f5\u00f5k-bebut"},"content":{"rendered":"<p>Vene s\u00f5duri m\u00f5\u00f5k-bebut. Vene keisririik, Artinsk t\u00f6\u00f6koda, 1915 aasta. Haruldane k\u00e4epide ja terasest teraosa.<\/p>\n<blockquote><p>M\u00f5\u00f5dud: kogupikkus: 60 cm. Tera pikkus: 43.5 cm. Tera laius: 3.6 cm.<\/p><\/blockquote>\n<p><\/p>","protected":false},"excerpt":{"rendered":"<p>Vene bebut m\u00f5\u00f5k. Artinsk t\u00f6\u00f6koda.<\/p>\n","protected":false},"featured_media":12854,"comment_status":"closed","ping_status":"closed","template":"","meta":{"_exactmetrics_skip_tracking":false,"_exactmetrics_sitenote_active":false,"_exactmetrics_sitenote_note":"","_exactmetrics_sitenote_category":0,"_uf_show_specific_survey":0,"_uf_disable_surveys":false},"product_brand":[],"product_cat":[421],"product_tag":[1654,1655],"class_list":{"0":"post-12904","1":"product","2":"type-product","3":"status-publish","4":"has-post-thumbnail","6":"product_cat-sold-items","7":"product_tag-unusual-imperial-russian-sword-m-1907-bebut-for-artillery-units","8":"product_tag--1907----","9":"product_shipping_class-average-item-500-1500-g","11":"first","12":"outofstock","13":"shipping-taxable","14":"product-type-simple"},"aioseo_notices":[],"_links":{"self":[{"href":"https:\/\/thebestantique.com\/et\/wp-json\/wp\/v2\/product\/12904","targetHints":{"allow":["GET"]}}],"collection":[{"href":"https:\/\/thebestantique.com\/et\/wp-json\/wp\/v2\/product"}],"about":[{"href":"https:\/\/thebestantique.com\/et\/wp-json\/wp\/v2\/types\/product"}],"replies":[{"embeddable":true,"href":"https:\/\/thebestantique.com\/et\/wp-json\/wp\/v2\/comments?post=12904"}],"wp:featuredmedia":[{"embeddable":true,"href":"https:\/\/thebestantique.com\/et\/wp-json\/wp\/v2\/media\/12854"}],"wp:attachment":[{"href":"https:\/\/thebestantique.com\/et\/wp-json\/wp\/v2\/media?parent=12904"}],"wp:term":[{"taxonomy":"product_brand","embeddable":true,"href":"https:\/\/thebestantique.com\/et\/wp-json\/wp\/v2\/product_brand?post=12904"},{"taxonomy":"product_cat","embeddable":true,"href":"https:\/\/thebestantique.com\/et\/wp-json\/wp\/v2\/product_cat?post=12904"},{"taxonomy":"product_tag","embeddable":true,"href":"https:\/\/thebestantique.com\/et\/wp-json\/wp\/v2\/product_tag?post=12904"}],"curies":[{"name":"wp","href":"https:\/\/api.w.org\/{rel}","templated":true}]}}