{"id":12868,"date":"2020-03-18T17:38:46","date_gmt":"2020-03-18T15:38:46","guid":{"rendered":"https:\/\/thebestantique.com\/?post_type=product&#038;p=12868"},"modified":"2020-04-30T14:12:43","modified_gmt":"2020-04-30T12:12:43","slug":"m-1907-imperial-russian-sword-bebut-for-artillery-units","status":"publish","type":"product","link":"https:\/\/thebestantique.com\/et\/product\/m-1907-imperial-russian-sword-bebut-for-artillery-units\/","title":{"rendered":"Vene Tsaariaegne m\u00f5\u00f5k-bebut. M-1907"},"content":{"rendered":"<p>M-1907 vene\u00a0 tsaariaegne m\u00f5\u00f5k bebut.<\/p>\n<p>Zlatoust, 1915 a.<\/p>\n<p>&nbsp;<\/p>\n<blockquote><p>M\u00f5\u00f5dud: \u00fcldpikkus: 64 cm.<\/p>\n<p>Tera pikkus: 43.5 cm.<\/p>\n<p>Tera laius: 3.7 cm.<\/p><\/blockquote>\n<p><\/p>","protected":false},"excerpt":{"rendered":"<p>Veene Tsaari aeg m\u00f5\u00f5k bebut. M-1907.<\/p>\n<p>Zlatoust, 1915 a.<\/p>\n<p>&nbsp;<\/p>\n<blockquote><p>M\u00f5\u00f5dud: kogupikkus: 64 cm. Tera pikkus: 43.5 cm. Tera laius: 3.7 cm.<\/p><\/blockquote>\n","protected":false},"featured_media":12912,"comment_status":"closed","ping_status":"closed","template":"","meta":{"_exactmetrics_skip_tracking":false,"_exactmetrics_sitenote_active":false,"_exactmetrics_sitenote_note":"","_exactmetrics_sitenote_category":0,"_uf_show_specific_survey":0,"_uf_disable_surveys":false},"product_brand":[],"product_cat":[421],"product_tag":[1658,1659],"class_list":{"0":"post-12868","1":"product","2":"type-product","3":"status-publish","4":"has-post-thumbnail","6":"product_cat-sold-items","7":"product_tag-m-1907-imperial-russian-sword-bebut","8":"product_tag-----1907-","9":"product_shipping_class-average-item-500-1500-g","11":"first","12":"outofstock","13":"sold-individually","14":"shipping-taxable","15":"product-type-simple"},"aioseo_notices":[],"_links":{"self":[{"href":"https:\/\/thebestantique.com\/et\/wp-json\/wp\/v2\/product\/12868","targetHints":{"allow":["GET"]}}],"collection":[{"href":"https:\/\/thebestantique.com\/et\/wp-json\/wp\/v2\/product"}],"about":[{"href":"https:\/\/thebestantique.com\/et\/wp-json\/wp\/v2\/types\/product"}],"replies":[{"embeddable":true,"href":"https:\/\/thebestantique.com\/et\/wp-json\/wp\/v2\/comments?post=12868"}],"wp:featuredmedia":[{"embeddable":true,"href":"https:\/\/thebestantique.com\/et\/wp-json\/wp\/v2\/media\/12912"}],"wp:attachment":[{"href":"https:\/\/thebestantique.com\/et\/wp-json\/wp\/v2\/media?parent=12868"}],"wp:term":[{"taxonomy":"product_brand","embeddable":true,"href":"https:\/\/thebestantique.com\/et\/wp-json\/wp\/v2\/product_brand?post=12868"},{"taxonomy":"product_cat","embeddable":true,"href":"https:\/\/thebestantique.com\/et\/wp-json\/wp\/v2\/product_cat?post=12868"},{"taxonomy":"product_tag","embeddable":true,"href":"https:\/\/thebestantique.com\/et\/wp-json\/wp\/v2\/product_tag?post=12868"}],"curies":[{"name":"wp","href":"https:\/\/api.w.org\/{rel}","templated":true}]}}