{"id":12860,"date":"2020-03-18T17:36:07","date_gmt":"2020-03-18T15:36:07","guid":{"rendered":"https:\/\/thebestantique.com\/?post_type=product&#038;p=12860"},"modified":"2023-03-14T15:00:39","modified_gmt":"2023-03-14T13:00:39","slug":"fine-imperial-lion-head-shooting-guild-sword-with-motto-on-the-blade","status":"publish","type":"product","link":"https:\/\/thebestantique.com\/et\/product\/fine-imperial-lion-head-shooting-guild-sword-with-motto-on-the-blade\/","title":{"rendered":"Impeeriumi k\u00fctidiviisi m\u00f5\u00f5k"},"content":{"rendered":"<p>\u00dchelt poolt signeeritud tera: &#8220;B\u00fcrgersch\u00fctzengilde Recklinhausen&#8221;. M\u00f5\u00f5k kuulus Recklinhausen gildisse hulka. Teine tera pool samuti signeeritud ja t\u00e4hednab Isamaa-armastust: \u201cB\u00fcrgersinn, Einigkeit, Vaterlandliebe\u201d. Kollektsioneerimise ese.<\/p>\n<blockquote><p>&nbsp;<\/p><\/blockquote>\n<blockquote><p>\u00dcldpikkus: 99 cm.<\/p>\n<p>Tera pikkus: 84.3 cm.<\/p>\n<p>Tera laius: 2 cm.<\/p><\/blockquote>\n<p><\/p>","protected":false},"excerpt":{"rendered":"<p>Fine Imperial Lion Head Shooting Guild Sword with Motto on the blade.<\/p>\n<p>\u00dchelt poolt signeeritud tera: &#8220;B\u00fcrgersch\u00fctzengilde Recklinhausen&#8221;. M\u00f5\u00f5k kuulus Recklinhausen gildisse hulka. Teine tera pool samuti signeeritud ja t\u00e4hednab Isamaa-armastust: \u201cB\u00fcrgersinn, Einigkeit, Vaterlandliebe\u201d. Kollektsioneerimise ese.<\/p>\n<blockquote><p>&nbsp;<\/p><\/blockquote>\n<blockquote><p>\u00dcldpikkus: 99 cm.<\/p>\n<p>Tera pikkus: 84.3 cm.<\/p>\n<p>Tera laius: 2 cm.<\/p><\/blockquote>\n","protected":false},"featured_media":12897,"comment_status":"closed","ping_status":"closed","template":"","meta":{"_exactmetrics_skip_tracking":false,"_exactmetrics_sitenote_active":false,"_exactmetrics_sitenote_note":"","_exactmetrics_sitenote_category":0,"_uf_show_specific_survey":0,"_uf_disable_surveys":false},"product_brand":[],"product_cat":[421],"product_tag":[1670,1683,1684,1673,1674],"class_list":{"0":"post-12860","1":"product","2":"type-product","3":"status-publish","4":"has-post-thumbnail","6":"product_cat-sold-items","7":"product_tag-fine-imperial-lion-head-shooting-guild-sword-with-motto-on-the-blade","8":"product_tag-impeeriumi-kutidiviisi-mook","9":"product_tag-mook-kuulus-recklinhausen-gildisse-hulka","10":"product_tag-1673","11":"product_tag-1674","12":"product_shipping_class-free-shipping","14":"first","15":"outofstock","16":"sold-individually","17":"shipping-taxable","18":"product-type-simple"},"aioseo_notices":[],"_links":{"self":[{"href":"https:\/\/thebestantique.com\/et\/wp-json\/wp\/v2\/product\/12860","targetHints":{"allow":["GET"]}}],"collection":[{"href":"https:\/\/thebestantique.com\/et\/wp-json\/wp\/v2\/product"}],"about":[{"href":"https:\/\/thebestantique.com\/et\/wp-json\/wp\/v2\/types\/product"}],"replies":[{"embeddable":true,"href":"https:\/\/thebestantique.com\/et\/wp-json\/wp\/v2\/comments?post=12860"}],"wp:featuredmedia":[{"embeddable":true,"href":"https:\/\/thebestantique.com\/et\/wp-json\/wp\/v2\/media\/12897"}],"wp:attachment":[{"href":"https:\/\/thebestantique.com\/et\/wp-json\/wp\/v2\/media?parent=12860"}],"wp:term":[{"taxonomy":"product_brand","embeddable":true,"href":"https:\/\/thebestantique.com\/et\/wp-json\/wp\/v2\/product_brand?post=12860"},{"taxonomy":"product_cat","embeddable":true,"href":"https:\/\/thebestantique.com\/et\/wp-json\/wp\/v2\/product_cat?post=12860"},{"taxonomy":"product_tag","embeddable":true,"href":"https:\/\/thebestantique.com\/et\/wp-json\/wp\/v2\/product_tag?post=12860"}],"curies":[{"name":"wp","href":"https:\/\/api.w.org\/{rel}","templated":true}]}}