{"id":12803,"date":"2020-03-14T20:58:16","date_gmt":"2020-03-14T18:58:16","guid":{"rendered":"https:\/\/thebestantique.com\/?post_type=product&#038;p=12803"},"modified":"2022-01-27T23:38:40","modified_gmt":"2022-01-27T21:38:40","slug":"type-19-ww2-japanese-officers-sword-kyu-gunto","status":"publish","type":"product","link":"https:\/\/thebestantique.com\/et\/product\/type-19-ww2-japanese-officers-sword-kyu-gunto\/","title":{"rendered":"WWII Jaapani ohvitseri katana\/m\u00f5\u00f5k"},"content":{"rendered":"<p>WWII Jaapani ohvitseri katana\/m\u00f5\u00f5k.\u00a0 (Major, Lt-Col, Colonel). Katana omamine oli lubatud vaid samuraidele.<\/p>\n<p>Mudel:\u00a0 1876. T\u00fc\u00fcp 19. Teine maailma s\u00f5da.<\/p>\n<p>&nbsp;<\/p>\n<blockquote><p>M\u00f5\u00f5dud: \u00fcldpikkus: 95.5 cm.<\/p>\n<p>Tera pikkus: 71.7 cm.<\/p>\n<p>Tera laius: 2.8 cm.<\/p><\/blockquote>\n<p><\/p>","protected":false},"excerpt":{"rendered":"<p class=\"qtranxs-available-languages-message qtranxs-available-languages-message-et\">Vabandame, see kanne on saadaval ainult %LANG : ja %.<\/p>\n","protected":false},"featured_media":12830,"comment_status":"closed","ping_status":"closed","template":"","meta":{"_exactmetrics_skip_tracking":false,"_exactmetrics_sitenote_active":false,"_exactmetrics_sitenote_note":"","_exactmetrics_sitenote_category":0,"_uf_show_specific_survey":0,"_uf_disable_surveys":false},"product_brand":[],"product_cat":[252,80],"product_tag":[1653,1660],"class_list":{"0":"post-12803","1":"product","2":"type-product","3":"status-publish","4":"has-post-thumbnail","6":"product_cat-japanese-swords","7":"product_cat-swords","8":"product_tag-type-19-ww2-japanese-officers-sword-kyu-gunto","9":"product_tag-wwii-jaapani-ohvitseri-katana-mook","10":"product_shipping_class-average-item-500-1500-g","12":"first","13":"instock","14":"sale","15":"sold-individually","16":"shipping-taxable","17":"purchasable","18":"product-type-simple"},"aioseo_notices":[],"_links":{"self":[{"href":"https:\/\/thebestantique.com\/et\/wp-json\/wp\/v2\/product\/12803","targetHints":{"allow":["GET"]}}],"collection":[{"href":"https:\/\/thebestantique.com\/et\/wp-json\/wp\/v2\/product"}],"about":[{"href":"https:\/\/thebestantique.com\/et\/wp-json\/wp\/v2\/types\/product"}],"replies":[{"embeddable":true,"href":"https:\/\/thebestantique.com\/et\/wp-json\/wp\/v2\/comments?post=12803"}],"wp:featuredmedia":[{"embeddable":true,"href":"https:\/\/thebestantique.com\/et\/wp-json\/wp\/v2\/media\/12830"}],"wp:attachment":[{"href":"https:\/\/thebestantique.com\/et\/wp-json\/wp\/v2\/media?parent=12803"}],"wp:term":[{"taxonomy":"product_brand","embeddable":true,"href":"https:\/\/thebestantique.com\/et\/wp-json\/wp\/v2\/product_brand?post=12803"},{"taxonomy":"product_cat","embeddable":true,"href":"https:\/\/thebestantique.com\/et\/wp-json\/wp\/v2\/product_cat?post=12803"},{"taxonomy":"product_tag","embeddable":true,"href":"https:\/\/thebestantique.com\/et\/wp-json\/wp\/v2\/product_tag?post=12803"}],"curies":[{"name":"wp","href":"https:\/\/api.w.org\/{rel}","templated":true}]}}