{"id":12790,"date":"2020-03-14T20:39:11","date_gmt":"2020-03-14T18:39:11","guid":{"rendered":"https:\/\/thebestantique.com\/?post_type=product&#038;p=12790"},"modified":"2022-01-27T23:38:41","modified_gmt":"2022-01-27T21:38:41","slug":"russo-japanese-ww2-d-guard-samurai-sword-antique-old-ww-ii","status":"publish","type":"product","link":"https:\/\/thebestantique.com\/et\/product\/russo-japanese-ww2-d-guard-samurai-sword-antique-old-ww-ii\/","title":{"rendered":"Vene-Jaapani II maailmas\u00f5ja\u00a0 samurai m\u00f5\u00f5k -Antiik \/ Vana II maailmas\u00f5da"},"content":{"rendered":"<p>Vene-Jaapani II maailmas\u00f5ja\u00a0 samurai m\u00f5\u00f5k -Antiik \/ Vana II maailmas\u00f5da.<\/p>\n<p>Algne m\u00f5\u00f5k v\u00e4ga heas korras. Tera v\u00f5ib vajada v\u00e4ikest puhastamist, kuid \u00fcldiselt heas korras.<\/p>\n<blockquote><p>M\u00f5\u00f5dud: Kogupikkus: 92,5 cm. Tera pikkus: 67,2 cm. Tera laius: 3 cm.<\/p><\/blockquote>\n<p><\/p>","protected":false},"excerpt":{"rendered":"<p>Vene-Jaapani II maailmas\u00f5ja\u00a0 samurai m\u00f5\u00f5k -Antiik \/ Vana II maailmas\u00f5da.<\/p>\n<p>Algne m\u00f5\u00f5k v\u00e4ga heas korras. Tera v\u00f5ib vajada v\u00e4ikest puhastamist, kuid \u00fcldiselt heas korras.<\/p>\n","protected":false},"featured_media":12802,"comment_status":"closed","ping_status":"closed","template":"","meta":{"_exactmetrics_skip_tracking":false,"_exactmetrics_sitenote_active":false,"_exactmetrics_sitenote_note":"","_exactmetrics_sitenote_category":0,"_uf_show_specific_survey":0,"_uf_disable_surveys":false},"product_brand":[],"product_cat":[252,80],"product_tag":[1666,1667,1669,1668],"class_list":{"0":"post-12790","1":"product","2":"type-product","3":"status-publish","4":"has-post-thumbnail","6":"product_cat-japanese-swords","7":"product_cat-swords","8":"product_tag-russo-japanese-ww2-d-guard-samurai-sword-antique-old-ww-ii","9":"product_tag-vene-jaapani-ii-maailmasoja-samurai-mook","10":"product_tag-----1886--","11":"product_tag-ww2-d-guard--","12":"product_shipping_class-average-item-500-1500-g","14":"first","15":"instock","16":"sale","17":"sold-individually","18":"shipping-taxable","19":"purchasable","20":"product-type-simple"},"aioseo_notices":[],"_links":{"self":[{"href":"https:\/\/thebestantique.com\/et\/wp-json\/wp\/v2\/product\/12790","targetHints":{"allow":["GET"]}}],"collection":[{"href":"https:\/\/thebestantique.com\/et\/wp-json\/wp\/v2\/product"}],"about":[{"href":"https:\/\/thebestantique.com\/et\/wp-json\/wp\/v2\/types\/product"}],"replies":[{"embeddable":true,"href":"https:\/\/thebestantique.com\/et\/wp-json\/wp\/v2\/comments?post=12790"}],"wp:featuredmedia":[{"embeddable":true,"href":"https:\/\/thebestantique.com\/et\/wp-json\/wp\/v2\/media\/12802"}],"wp:attachment":[{"href":"https:\/\/thebestantique.com\/et\/wp-json\/wp\/v2\/media?parent=12790"}],"wp:term":[{"taxonomy":"product_brand","embeddable":true,"href":"https:\/\/thebestantique.com\/et\/wp-json\/wp\/v2\/product_brand?post=12790"},{"taxonomy":"product_cat","embeddable":true,"href":"https:\/\/thebestantique.com\/et\/wp-json\/wp\/v2\/product_cat?post=12790"},{"taxonomy":"product_tag","embeddable":true,"href":"https:\/\/thebestantique.com\/et\/wp-json\/wp\/v2\/product_tag?post=12790"}],"curies":[{"name":"wp","href":"https:\/\/api.w.org\/{rel}","templated":true}]}}