{"id":12739,"date":"2020-03-05T12:34:33","date_gmt":"2020-03-05T10:34:33","guid":{"rendered":"https:\/\/thebestantique.com\/?post_type=product&#038;p=12739"},"modified":"2021-08-05T09:57:16","modified_gmt":"2021-08-05T07:57:16","slug":"imperial-russian-dragoon-officer-sword-1881-1909","status":"publish","type":"product","link":"https:\/\/thebestantique.com\/et\/product\/imperial-russian-dragoon-officer-sword-1881-1909\/","title":{"rendered":"Vene ohvitseri Nikolai II monogramiga m\u00f5\u00f5k"},"content":{"rendered":"<p>Vene ohvitseri Nikolai II monogramiga k\u00f5vera teraga m\u00f5\u00f5k. Venemaa, Moskva 1881\/1909.<\/p>\n<p>Heas korras.<\/p>","protected":false},"excerpt":{"rendered":"<p class=\"qtranxs-available-languages-message qtranxs-available-languages-message-et\">Vabandame, see kanne on saadaval ainult %LANG : ja %.<\/p>\n","protected":false},"featured_media":12742,"comment_status":"closed","ping_status":"closed","template":"","meta":{"_exactmetrics_skip_tracking":false,"_exactmetrics_sitenote_active":false,"_exactmetrics_sitenote_note":"","_exactmetrics_sitenote_category":0,"_uf_show_specific_survey":0,"_uf_disable_surveys":false},"product_brand":[],"product_cat":[421],"product_tag":[1645,1644,1643,611,1642,1641,1640],"class_list":{"0":"post-12739","1":"product","2":"type-product","3":"status-publish","4":"has-post-thumbnail","6":"product_cat-sold-items","7":"product_tag-1881-1909","8":"product_tag-1881-1909-russia","9":"product_tag-imperial-russian-dragoon-officer-sword","10":"product_tag-moscow","11":"product_tag-moskva-1881-1909","12":"product_tag-vene-ohvitseri-nikolai-ii-monogramiga-kovera-teraga-mook-venemaa","13":"product_tag-----1881","14":"product_shipping_class-average-item-500-1500-g","16":"first","17":"outofstock","18":"sold-individually","19":"shipping-taxable","20":"product-type-simple"},"aioseo_notices":[],"_links":{"self":[{"href":"https:\/\/thebestantique.com\/et\/wp-json\/wp\/v2\/product\/12739","targetHints":{"allow":["GET"]}}],"collection":[{"href":"https:\/\/thebestantique.com\/et\/wp-json\/wp\/v2\/product"}],"about":[{"href":"https:\/\/thebestantique.com\/et\/wp-json\/wp\/v2\/types\/product"}],"replies":[{"embeddable":true,"href":"https:\/\/thebestantique.com\/et\/wp-json\/wp\/v2\/comments?post=12739"}],"wp:featuredmedia":[{"embeddable":true,"href":"https:\/\/thebestantique.com\/et\/wp-json\/wp\/v2\/media\/12742"}],"wp:attachment":[{"href":"https:\/\/thebestantique.com\/et\/wp-json\/wp\/v2\/media?parent=12739"}],"wp:term":[{"taxonomy":"product_brand","embeddable":true,"href":"https:\/\/thebestantique.com\/et\/wp-json\/wp\/v2\/product_brand?post=12739"},{"taxonomy":"product_cat","embeddable":true,"href":"https:\/\/thebestantique.com\/et\/wp-json\/wp\/v2\/product_cat?post=12739"},{"taxonomy":"product_tag","embeddable":true,"href":"https:\/\/thebestantique.com\/et\/wp-json\/wp\/v2\/product_tag?post=12739"}],"curies":[{"name":"wp","href":"https:\/\/api.w.org\/{rel}","templated":true}]}}