{"id":12689,"date":"2020-02-12T12:25:26","date_gmt":"2020-02-12T10:25:26","guid":{"rendered":"https:\/\/thebestantique.com\/?post_type=product&#038;p=12689"},"modified":"2020-11-10T20:53:20","modified_gmt":"2020-11-10T18:53:20","slug":"russian-icon-presentation-of-jesus-at-the-temple","status":"publish","type":"product","link":"https:\/\/thebestantique.com\/et\/product\/russian-icon-presentation-of-jesus-at-the-temple\/","title":{"rendered":"Vene suur ikoon \u201cK\u00fc\u00fcnlap\u00e4ev\u201d"},"content":{"rendered":"<p><\/p>\n<div class=\"tab-content\">\n<div id=\"t1\" class=\"tab-pane active\">\n<div class=\"col-md-9\">\n<div>\n<div class=\"core_post_content\">\n<p>Vene suur ikoon \u201cK\u00fc\u00fcnlap\u00e4ev\u201d. Puit, tempera. 19 sajand.<\/p>\n<blockquote><p>Ikooni m\u00f5\u00f5dud: 50.5 \u0445 37.5 cm.<\/p>\n<p>Raam: 66 \u0445 53 cm.<\/p><\/blockquote>\n<\/div>\n<\/div>\n<\/div>\n<\/div>\n<\/div>\n<div id=\"wlt_shortcode_related\" class=\"owl-carousel wlt_search_results grid_style owl-theme\">\n<div class=\"owl-wrapper-outer\">\n<div class=\"owl-wrapper\">\n<div class=\"owl-item\">\n<div class=\"itemdata icons itemid7317  item-7317 col-xs-12\">\n<div>\n<div>\n<div><\/div>\n<\/div>\n<div><\/div>\n<\/div>\n<div class=\"lotnum\" align=\"center\"><\/div>\n<\/div>\n<\/div>\n<\/div>\n<\/div>\n<\/div>\n<p><\/p>","protected":false},"excerpt":{"rendered":"<p>Vene suur ikoon \u201cK\u00fc\u00fcnlap\u00e4ev\u201d. Puit, tempera. 19 sajand. Ikooni m\u00f5\u00f5dud: 50.5 \u0445 37.5 cm. Raam: 66 \u0445 53 cm.<\/p>\n","protected":false},"featured_media":12690,"comment_status":"closed","ping_status":"closed","template":"","meta":{"_exactmetrics_skip_tracking":false,"_exactmetrics_sitenote_active":false,"_exactmetrics_sitenote_note":"","_exactmetrics_sitenote_category":0,"_uf_show_specific_survey":0,"_uf_disable_surveys":false},"product_brand":[],"product_cat":[421],"product_tag":[1616,1620,1617,1618,1619,1613,1615,1614],"class_list":{"0":"post-12689","1":"product","2":"type-product","3":"status-publish","4":"has-post-thumbnail","6":"product_cat-sold-items","7":"product_tag-russian-icon-presentation-of-jesus-at-the-temple-wood","8":"product_tag-tempera-19-sajand","9":"product_tag-tempera-19th-century-icon","10":"product_tag-the-frame-is-new","11":"product_tag-vene-suur-ikoon-kuunlapaev-puit","12":"product_tag-1613","13":"product_tag-1615","14":"product_tag--19--","15":"product_shipping_class-big-item-1500-3000-g","17":"first","18":"outofstock","19":"sold-individually","20":"shipping-taxable","21":"product-type-simple"},"aioseo_notices":[],"_links":{"self":[{"href":"https:\/\/thebestantique.com\/et\/wp-json\/wp\/v2\/product\/12689","targetHints":{"allow":["GET"]}}],"collection":[{"href":"https:\/\/thebestantique.com\/et\/wp-json\/wp\/v2\/product"}],"about":[{"href":"https:\/\/thebestantique.com\/et\/wp-json\/wp\/v2\/types\/product"}],"replies":[{"embeddable":true,"href":"https:\/\/thebestantique.com\/et\/wp-json\/wp\/v2\/comments?post=12689"}],"wp:featuredmedia":[{"embeddable":true,"href":"https:\/\/thebestantique.com\/et\/wp-json\/wp\/v2\/media\/12690"}],"wp:attachment":[{"href":"https:\/\/thebestantique.com\/et\/wp-json\/wp\/v2\/media?parent=12689"}],"wp:term":[{"taxonomy":"product_brand","embeddable":true,"href":"https:\/\/thebestantique.com\/et\/wp-json\/wp\/v2\/product_brand?post=12689"},{"taxonomy":"product_cat","embeddable":true,"href":"https:\/\/thebestantique.com\/et\/wp-json\/wp\/v2\/product_cat?post=12689"},{"taxonomy":"product_tag","embeddable":true,"href":"https:\/\/thebestantique.com\/et\/wp-json\/wp\/v2\/product_tag?post=12689"}],"curies":[{"name":"wp","href":"https:\/\/api.w.org\/{rel}","templated":true}]}}