{"id":12568,"date":"2020-01-30T11:14:32","date_gmt":"2020-01-30T09:14:32","guid":{"rendered":"https:\/\/thebestantique.com\/?post_type=product&#038;p=12568"},"modified":"2020-08-05T15:36:03","modified_gmt":"2020-08-05T13:36:03","slug":"12568","status":"publish","type":"product","link":"https:\/\/thebestantique.com\/et\/product\/12568\/","title":{"rendered":"Modern antiikne pun\u0161i jaoks n\u00f5u"},"content":{"rendered":"<p>Modern antiikne pun\u0161i n\u00f5u. 20.-30 aasta. Klaas, metall. Saksamaa.<\/p>\n<blockquote><p>K\u00f5rgus: 55 cm.<\/p><\/blockquote>\n<p><\/p>","protected":false},"excerpt":{"rendered":"<p>Modern antiikne pun\u0161i n\u00f5u. 20.-30 aasta. Klaas, metall. Saksamaa. K\u00f5rgus: 55 cm.<\/p>\n","protected":false},"featured_media":12562,"comment_status":"closed","ping_status":"closed","template":"","meta":{"_exactmetrics_skip_tracking":false,"_exactmetrics_sitenote_active":false,"_exactmetrics_sitenote_note":"","_exactmetrics_sitenote_category":0,"_uf_show_specific_survey":0,"_uf_disable_surveys":false},"product_brand":[],"product_cat":[291,18],"product_tag":[1622,1621],"class_list":{"0":"post-12568","1":"product","2":"type-product","3":"status-publish","4":"has-post-thumbnail","6":"product_cat-other","7":"product_cat-vases","8":"product_tag-metall-saksamaa","9":"product_tag-modern-antiikne-punsi-nou-20-30-aasta-klaas","10":"product_shipping_class-big-item-1500-3000-g","12":"first","13":"instock","14":"sale","15":"sold-individually","16":"shipping-taxable","17":"purchasable","18":"product-type-simple"},"aioseo_notices":[],"_links":{"self":[{"href":"https:\/\/thebestantique.com\/et\/wp-json\/wp\/v2\/product\/12568","targetHints":{"allow":["GET"]}}],"collection":[{"href":"https:\/\/thebestantique.com\/et\/wp-json\/wp\/v2\/product"}],"about":[{"href":"https:\/\/thebestantique.com\/et\/wp-json\/wp\/v2\/types\/product"}],"replies":[{"embeddable":true,"href":"https:\/\/thebestantique.com\/et\/wp-json\/wp\/v2\/comments?post=12568"}],"wp:featuredmedia":[{"embeddable":true,"href":"https:\/\/thebestantique.com\/et\/wp-json\/wp\/v2\/media\/12562"}],"wp:attachment":[{"href":"https:\/\/thebestantique.com\/et\/wp-json\/wp\/v2\/media?parent=12568"}],"wp:term":[{"taxonomy":"product_brand","embeddable":true,"href":"https:\/\/thebestantique.com\/et\/wp-json\/wp\/v2\/product_brand?post=12568"},{"taxonomy":"product_cat","embeddable":true,"href":"https:\/\/thebestantique.com\/et\/wp-json\/wp\/v2\/product_cat?post=12568"},{"taxonomy":"product_tag","embeddable":true,"href":"https:\/\/thebestantique.com\/et\/wp-json\/wp\/v2\/product_tag?post=12568"}],"curies":[{"name":"wp","href":"https:\/\/api.w.org\/{rel}","templated":true}]}}