{"id":12498,"date":"2020-01-07T15:28:31","date_gmt":"2020-01-07T13:28:31","guid":{"rendered":"https:\/\/thebestantique.com\/?post_type=product&#038;p=12498"},"modified":"2020-01-07T15:28:32","modified_gmt":"2020-01-07T13:28:32","slug":"japanese-sword-wakizashi","status":"publish","type":"product","link":"https:\/\/thebestantique.com\/et\/product\/japanese-sword-wakizashi\/","title":{"rendered":"Jaapani m\u00f5\u00f5k &#8211; Wakizashi"},"content":{"rendered":"<p>Jaapani m\u00f5\u00f5k &#8211; Wakizashi.\u00a0<b>Wakizashi<\/b>\u00a0(jaapani keeles \u8107\u5dee) on traditsiooniline l\u00fchikese teraga jaapani m\u00f5\u00f5k<\/p>\n<blockquote><p>\u00dcldpikkus: 66.6 cm.<\/p>\n<p>Tera pikkus: 37.5 cm<\/p><\/blockquote>\n<p><\/p>","protected":false},"excerpt":{"rendered":"<p>Jaapani m\u00f5\u00f5k &#8211; Wakizashi.\u00a0Wakizashi\u00a0(jaapani keeles \u8107\u5dee) on traditsiooniline l\u00fchikese teraga jaapani m\u00f5\u00f5k \u00dcldpikkus: 66.6 cm. Tera pikkus: 37.5 cm<\/p>\n","protected":false},"featured_media":12513,"comment_status":"closed","ping_status":"closed","template":"","meta":{"_exactmetrics_skip_tracking":false,"_exactmetrics_sitenote_active":false,"_exactmetrics_sitenote_note":"","_exactmetrics_sitenote_category":0,"_uf_show_specific_survey":0,"_uf_disable_surveys":false},"product_brand":[],"product_cat":[252],"product_tag":[1551,1552,1553],"class_list":{"0":"post-12498","1":"product","2":"type-product","3":"status-publish","4":"has-post-thumbnail","6":"product_cat-japanese-swords","7":"product_tag-jaapani-mook-wakizashi","8":"product_tag-japanese-sword-wakizashi-with-kozuka-small-knife","9":"product_tag-wakizashi-jaapani-keeles--on-traditsiooniline-luhikese-teraga-jaapani-mook","10":"product_shipping_class-big-item-1500-3000-g","12":"first","13":"instock","14":"sale","15":"sold-individually","16":"shipping-taxable","17":"purchasable","18":"product-type-simple"},"aioseo_notices":[],"_links":{"self":[{"href":"https:\/\/thebestantique.com\/et\/wp-json\/wp\/v2\/product\/12498","targetHints":{"allow":["GET"]}}],"collection":[{"href":"https:\/\/thebestantique.com\/et\/wp-json\/wp\/v2\/product"}],"about":[{"href":"https:\/\/thebestantique.com\/et\/wp-json\/wp\/v2\/types\/product"}],"replies":[{"embeddable":true,"href":"https:\/\/thebestantique.com\/et\/wp-json\/wp\/v2\/comments?post=12498"}],"wp:featuredmedia":[{"embeddable":true,"href":"https:\/\/thebestantique.com\/et\/wp-json\/wp\/v2\/media\/12513"}],"wp:attachment":[{"href":"https:\/\/thebestantique.com\/et\/wp-json\/wp\/v2\/media?parent=12498"}],"wp:term":[{"taxonomy":"product_brand","embeddable":true,"href":"https:\/\/thebestantique.com\/et\/wp-json\/wp\/v2\/product_brand?post=12498"},{"taxonomy":"product_cat","embeddable":true,"href":"https:\/\/thebestantique.com\/et\/wp-json\/wp\/v2\/product_cat?post=12498"},{"taxonomy":"product_tag","embeddable":true,"href":"https:\/\/thebestantique.com\/et\/wp-json\/wp\/v2\/product_tag?post=12498"}],"curies":[{"name":"wp","href":"https:\/\/api.w.org\/{rel}","templated":true}]}}