{"id":12433,"date":"2019-12-03T14:29:15","date_gmt":"2019-12-03T12:29:15","guid":{"rendered":"https:\/\/thebestantique.com\/?post_type=product&#038;p=12433"},"modified":"2021-05-08T09:52:17","modified_gmt":"2021-05-08T07:52:17","slug":"%d1%80%d1%83%d1%81%d1%81%d0%ba%d0%b8%d0%b9-%d1%81%d0%b0%d0%b1%d0%bb%d1%8f-%d0%ba%d0%b0%d0%b2%d0%b0%d0%bb%d0%b5%d1%80%d0%b8%d0%b9%d1%81%d0%ba%d0%b0%d1%8f-%d0%be%d1%84%d0%b8%d1%86%d0%b5%d1%80%d1%81","status":"publish","type":"product","link":"https:\/\/thebestantique.com\/et\/product\/%d1%80%d1%83%d1%81%d1%81%d0%ba%d0%b8%d0%b9-%d1%81%d0%b0%d0%b1%d0%bb%d1%8f-%d0%ba%d0%b0%d0%b2%d0%b0%d0%bb%d0%b5%d1%80%d0%b8%d0%b9%d1%81%d0%ba%d0%b0%d1%8f-%d0%be%d1%84%d0%b8%d1%86%d0%b5%d1%80%d1%81\/","title":{"rendered":"Vene ohvitseri m\u00f5\u00f5k, mudel 1827."},"content":{"rendered":"<p>Vene ohvitseri m\u00f5\u00f5k, mudel 1827. Meistri tempel:\u00a0&#8220;SVALLING&#8221;.<\/p>\n<blockquote><p>Tera pikkus: 78 cm.<\/p>\n<p>\u00dcldpikkus: 96 cm.<\/p><\/blockquote>\n<p>&nbsp;<\/p>","protected":false},"excerpt":{"rendered":"<p>Vene ohvitseri m\u00f5\u00f5k, mudel 1827. Meistri tempel:\u00a0&#8220;SVALLING&#8221;.<\/p>\n<p>&nbsp;<\/p>\n","protected":false},"featured_media":12443,"comment_status":"closed","ping_status":"closed","template":"","meta":{"_exactmetrics_skip_tracking":false,"_exactmetrics_sitenote_active":false,"_exactmetrics_sitenote_note":"","_exactmetrics_sitenote_category":0,"_uf_show_specific_survey":0,"_uf_disable_surveys":false},"product_brand":[],"product_cat":[421],"product_tag":[1531,1536,510,1535,1538,934,1541,1526,1532,1540,1537,1533,1534,1539,1542,1544,1543,1530,1546,1547,1545,1529,1550,1549,1548],"class_list":{"0":"post-12433","1":"product","2":"type-product","3":"status-publish","4":"has-post-thumbnail","6":"product_cat-sold-items","7":"product_tag-a-russian-cavalry-officers-sabre","8":"product_tag-antiikne-mook","9":"product_tag-antique","10":"product_tag-antiqueintallinn","11":"product_tag-at-the-base-of-the-blade-makers-mark-of-manufacturer-svalling","12":"product_tag-collection","13":"product_tag-kollektsioneerimine","14":"product_tag-military","15":"product_tag-model-1827y","16":"product_tag-mudel-1827-meistri-tempel-svalling","17":"product_tag-muuk-ja-ost-tallinnas","18":"product_tag-russian-sabre-sword","19":"product_tag-svalling-blade","20":"product_tag-vene-ohvitseri-mook","21":"product_tag-1542","22":"product_tag-1544","23":"product_tag-1543","24":"product_tag-1530","25":"product_tag-1546","26":"product_tag-1547","27":"product_tag-1545","28":"product_tag-1529","29":"product_tag-1550","30":"product_tag-1549","31":"product_tag-1548","32":"product_shipping_class-average-item-500-1500-g","34":"first","35":"outofstock","36":"shipping-taxable","37":"product-type-simple"},"aioseo_notices":[],"_links":{"self":[{"href":"https:\/\/thebestantique.com\/et\/wp-json\/wp\/v2\/product\/12433","targetHints":{"allow":["GET"]}}],"collection":[{"href":"https:\/\/thebestantique.com\/et\/wp-json\/wp\/v2\/product"}],"about":[{"href":"https:\/\/thebestantique.com\/et\/wp-json\/wp\/v2\/types\/product"}],"replies":[{"embeddable":true,"href":"https:\/\/thebestantique.com\/et\/wp-json\/wp\/v2\/comments?post=12433"}],"wp:featuredmedia":[{"embeddable":true,"href":"https:\/\/thebestantique.com\/et\/wp-json\/wp\/v2\/media\/12443"}],"wp:attachment":[{"href":"https:\/\/thebestantique.com\/et\/wp-json\/wp\/v2\/media?parent=12433"}],"wp:term":[{"taxonomy":"product_brand","embeddable":true,"href":"https:\/\/thebestantique.com\/et\/wp-json\/wp\/v2\/product_brand?post=12433"},{"taxonomy":"product_cat","embeddable":true,"href":"https:\/\/thebestantique.com\/et\/wp-json\/wp\/v2\/product_cat?post=12433"},{"taxonomy":"product_tag","embeddable":true,"href":"https:\/\/thebestantique.com\/et\/wp-json\/wp\/v2\/product_tag?post=12433"}],"curies":[{"name":"wp","href":"https:\/\/api.w.org\/{rel}","templated":true}]}}