{"id":12407,"date":"2019-10-17T10:12:14","date_gmt":"2019-10-17T08:12:14","guid":{"rendered":"https:\/\/thebestantique.com\/?post_type=product&#038;p=12407"},"modified":"2021-01-12T13:04:47","modified_gmt":"2021-01-12T11:04:47","slug":"french-asparagus-server","status":"publish","type":"product","link":"https:\/\/thebestantique.com\/et\/product\/french-asparagus-server\/","title":{"rendered":"Serveerimise labidas spargli jaoks"},"content":{"rendered":"<p>Serveerimise labidas spargli jaoks. K\u00e4epide &#8211; h\u00f5be 950, h\u00f5betatud ja kullatud teraosa. Prantsusmaa, 19-20 sajand. Pikkus: 26 cm. Karp: 31.5 x 14 x 4 cm.<\/p>","protected":false},"excerpt":{"rendered":"<p>Serveerimise labidas spargli jaoks. K\u00e4epide &#8211; h\u00f5be 950, h\u00f5betatud ja kullatud teraosa. Prantsusmaa, 19-20 sajand. Pikkus: 26 cm. Karp: 31.5 x 14 x 4 cm.<\/p>\n","protected":false},"featured_media":12408,"comment_status":"closed","ping_status":"closed","template":"","meta":{"_exactmetrics_skip_tracking":false,"_exactmetrics_sitenote_active":false,"_exactmetrics_sitenote_note":"","_exactmetrics_sitenote_category":0,"_uf_show_specific_survey":0,"_uf_disable_surveys":false},"product_brand":[],"product_cat":[421],"product_tag":[1523,1520,1525,1521,1524,1522],"class_list":{"0":"post-12407","1":"product","2":"type-product","3":"status-publish","4":"has-post-thumbnail","6":"product_cat-sold-items","7":"product_tag-950-silver-standard-handle","8":"product_tag-french-asparagus-server","9":"product_tag-late-19th-beginning-of-the-20th-centuries-length-26-cm-box-dimensions-31-5-x-14-x-4-cm","10":"product_tag-serveerimise-labidas-spargli-jaoks","11":"product_tag-silver-plated-and-gilded-working-part-france","12":"product_tag-1522","13":"product_shipping_class-average-item-500-1500-g","15":"first","16":"outofstock","17":"sold-individually","18":"shipping-taxable","19":"product-type-simple"},"aioseo_notices":[],"_links":{"self":[{"href":"https:\/\/thebestantique.com\/et\/wp-json\/wp\/v2\/product\/12407","targetHints":{"allow":["GET"]}}],"collection":[{"href":"https:\/\/thebestantique.com\/et\/wp-json\/wp\/v2\/product"}],"about":[{"href":"https:\/\/thebestantique.com\/et\/wp-json\/wp\/v2\/types\/product"}],"replies":[{"embeddable":true,"href":"https:\/\/thebestantique.com\/et\/wp-json\/wp\/v2\/comments?post=12407"}],"wp:featuredmedia":[{"embeddable":true,"href":"https:\/\/thebestantique.com\/et\/wp-json\/wp\/v2\/media\/12408"}],"wp:attachment":[{"href":"https:\/\/thebestantique.com\/et\/wp-json\/wp\/v2\/media?parent=12407"}],"wp:term":[{"taxonomy":"product_brand","embeddable":true,"href":"https:\/\/thebestantique.com\/et\/wp-json\/wp\/v2\/product_brand?post=12407"},{"taxonomy":"product_cat","embeddable":true,"href":"https:\/\/thebestantique.com\/et\/wp-json\/wp\/v2\/product_cat?post=12407"},{"taxonomy":"product_tag","embeddable":true,"href":"https:\/\/thebestantique.com\/et\/wp-json\/wp\/v2\/product_tag?post=12407"}],"curies":[{"name":"wp","href":"https:\/\/api.w.org\/{rel}","templated":true}]}}