{"id":12394,"date":"2019-10-16T13:26:24","date_gmt":"2019-10-16T11:26:24","guid":{"rendered":"https:\/\/thebestantique.com\/?post_type=product&#038;p=12394"},"modified":"2021-01-12T13:03:46","modified_gmt":"2021-01-12T11:03:46","slug":"french-silver-egoist-set-in-a-box","status":"publish","type":"product","link":"https:\/\/thebestantique.com\/et\/product\/french-silver-egoist-set-in-a-box\/","title":{"rendered":"Prantsusmaa h\u00f5be komplelt &#8220;Egoist&#8221;"},"content":{"rendered":"<p><span data-sheets-value=\"{&quot;1&quot;:2,&quot;2&quot;:&quot;Prantsusmaa h\u00f5be komplelt \\&quot;Egoist\\&quot;. H\u00f5be 800. Prantsusmaa, 20 sajand. Tass: 8 cm. H\u00f5beda \u00fcldkaal: 156 g. Karp: 19.5 x 18.5 x 8 cm.&quot;}\" data-sheets-userformat=\"{&quot;2&quot;:12718,&quot;4&quot;:{&quot;1&quot;:2,&quot;2&quot;:16777215},&quot;5&quot;:{&quot;1&quot;:[{&quot;1&quot;:2,&quot;2&quot;:0,&quot;5&quot;:{&quot;1&quot;:2,&quot;2&quot;:0}},{&quot;1&quot;:0,&quot;2&quot;:0,&quot;3&quot;:3},{&quot;1&quot;:1,&quot;2&quot;:0,&quot;4&quot;:1}]},&quot;6&quot;:{&quot;1&quot;:[{&quot;1&quot;:2,&quot;2&quot;:0,&quot;5&quot;:{&quot;1&quot;:2,&quot;2&quot;:0}},{&quot;1&quot;:0,&quot;2&quot;:0,&quot;3&quot;:3},{&quot;1&quot;:1,&quot;2&quot;:0,&quot;4&quot;:1}]},&quot;8&quot;:{&quot;1&quot;:[{&quot;1&quot;:2,&quot;2&quot;:0,&quot;5&quot;:{&quot;1&quot;:2,&quot;2&quot;:0}},{&quot;1&quot;:0,&quot;2&quot;:0,&quot;3&quot;:3},{&quot;1&quot;:1,&quot;2&quot;:0,&quot;4&quot;:1}]},&quot;10&quot;:2,&quot;11&quot;:4,&quot;15&quot;:&quot;arial,sans,sans-serif&quot;,&quot;16&quot;:12}\">Prantsusmaa h\u00f5be komplelt &#8220;Egoist&#8221;. H\u00f5be 800. Prantsusmaa, 20 sajand. Tass: 8 cm. H\u00f5beda \u00fcldkaal: 156 g. Karp: 19.5 x 18.5 x 8 cm.<\/span><\/p>","protected":false},"excerpt":{"rendered":"<p>Prantsusmaa h\u00f5be komplelt &#8220;Egoist&#8221;. H\u00f5be 800. Prantsusmaa, 20 sajand. Tass: 8 cm. H\u00f5beda \u00fcldkaal: 156 g. Karp: 19.5 x 18.5 x 8 cm.<\/p>\n","protected":false},"featured_media":12395,"comment_status":"closed","ping_status":"closed","template":"","meta":{"_exactmetrics_skip_tracking":false,"_exactmetrics_sitenote_active":false,"_exactmetrics_sitenote_note":"","_exactmetrics_sitenote_category":0,"_uf_show_specific_survey":0,"_uf_disable_surveys":false},"product_brand":[],"product_cat":[421],"product_tag":[1516,564,345,1515,1514],"class_list":{"0":"post-12394","1":"product","2":"type-product","3":"status-publish","4":"has-post-thumbnail","6":"product_cat-sold-items","7":"product_tag-800-silver-standard","8":"product_tag-beginning-of-the-20th-century","9":"product_tag-france","10":"product_tag-french-silver-egoist-set-in-a-box","11":"product_tag-prantsusmaa-hobe-komplelt-egoist","12":"product_shipping_class-average-item-500-1500-g","14":"first","15":"outofstock","16":"sold-individually","17":"shipping-taxable","18":"product-type-simple"},"aioseo_notices":[],"_links":{"self":[{"href":"https:\/\/thebestantique.com\/et\/wp-json\/wp\/v2\/product\/12394","targetHints":{"allow":["GET"]}}],"collection":[{"href":"https:\/\/thebestantique.com\/et\/wp-json\/wp\/v2\/product"}],"about":[{"href":"https:\/\/thebestantique.com\/et\/wp-json\/wp\/v2\/types\/product"}],"replies":[{"embeddable":true,"href":"https:\/\/thebestantique.com\/et\/wp-json\/wp\/v2\/comments?post=12394"}],"wp:featuredmedia":[{"embeddable":true,"href":"https:\/\/thebestantique.com\/et\/wp-json\/wp\/v2\/media\/12395"}],"wp:attachment":[{"href":"https:\/\/thebestantique.com\/et\/wp-json\/wp\/v2\/media?parent=12394"}],"wp:term":[{"taxonomy":"product_brand","embeddable":true,"href":"https:\/\/thebestantique.com\/et\/wp-json\/wp\/v2\/product_brand?post=12394"},{"taxonomy":"product_cat","embeddable":true,"href":"https:\/\/thebestantique.com\/et\/wp-json\/wp\/v2\/product_cat?post=12394"},{"taxonomy":"product_tag","embeddable":true,"href":"https:\/\/thebestantique.com\/et\/wp-json\/wp\/v2\/product_tag?post=12394"}],"curies":[{"name":"wp","href":"https:\/\/api.w.org\/{rel}","templated":true}]}}