{"id":12385,"date":"2019-10-16T13:15:05","date_gmt":"2019-10-16T11:15:05","guid":{"rendered":"https:\/\/thebestantique.com\/?post_type=product&#038;p=12385"},"modified":"2021-01-12T13:17:30","modified_gmt":"2021-01-12T11:17:30","slug":"french-4-piece-silver-dessert-serving-set","status":"publish","type":"product","link":"https:\/\/thebestantique.com\/et\/product\/french-4-piece-silver-dessert-serving-set\/","title":{"rendered":"Prantsusmaa h\u00f5be 4-osaline desserdi komplekt karbis"},"content":{"rendered":"<p>Prantsusmaa h\u00f5be 4-osaline desserdi komplekt karbis. H\u00f5be 950, graveeringuga. Pierre Bezou, Prantsusmaa, 1920.<\/p>\n<blockquote><p>H\u00f5beda \u00fcldkaal: 79 g.<\/p>\n<p>Nuga: 16.5 cm.<\/p>\n<p>Karp: 18.5 \u0445 19 \u0445 4 cm.<\/p><\/blockquote>\n<p><\/p>","protected":false},"excerpt":{"rendered":"<p class=\"qtranxs-available-languages-message qtranxs-available-languages-message-et\">Vabandame, see kanne on saadaval ainult %LANG : ja %.<\/p>\n","protected":false},"featured_media":12386,"comment_status":"closed","ping_status":"closed","template":"","meta":{"_exactmetrics_skip_tracking":false,"_exactmetrics_sitenote_active":false,"_exactmetrics_sitenote_note":"","_exactmetrics_sitenote_category":0,"_uf_show_specific_survey":0,"_uf_disable_surveys":false},"product_brand":[],"product_cat":[221,6],"product_tag":[1511],"class_list":{"0":"post-12385","1":"product","2":"type-product","3":"status-publish","4":"has-post-thumbnail","6":"product_cat-flatware-and-serving-pieces","7":"product_cat-silver","8":"product_tag-french-4-piece-silver-dessert-serving-set","9":"product_shipping_class-small-item-0-500-g","11":"first","12":"instock","13":"sale","14":"sold-individually","15":"shipping-taxable","16":"purchasable","17":"product-type-simple"},"aioseo_notices":[],"_links":{"self":[{"href":"https:\/\/thebestantique.com\/et\/wp-json\/wp\/v2\/product\/12385","targetHints":{"allow":["GET"]}}],"collection":[{"href":"https:\/\/thebestantique.com\/et\/wp-json\/wp\/v2\/product"}],"about":[{"href":"https:\/\/thebestantique.com\/et\/wp-json\/wp\/v2\/types\/product"}],"replies":[{"embeddable":true,"href":"https:\/\/thebestantique.com\/et\/wp-json\/wp\/v2\/comments?post=12385"}],"wp:featuredmedia":[{"embeddable":true,"href":"https:\/\/thebestantique.com\/et\/wp-json\/wp\/v2\/media\/12386"}],"wp:attachment":[{"href":"https:\/\/thebestantique.com\/et\/wp-json\/wp\/v2\/media?parent=12385"}],"wp:term":[{"taxonomy":"product_brand","embeddable":true,"href":"https:\/\/thebestantique.com\/et\/wp-json\/wp\/v2\/product_brand?post=12385"},{"taxonomy":"product_cat","embeddable":true,"href":"https:\/\/thebestantique.com\/et\/wp-json\/wp\/v2\/product_cat?post=12385"},{"taxonomy":"product_tag","embeddable":true,"href":"https:\/\/thebestantique.com\/et\/wp-json\/wp\/v2\/product_tag?post=12385"}],"curies":[{"name":"wp","href":"https:\/\/api.w.org\/{rel}","templated":true}]}}