{"id":12369,"date":"2019-10-16T11:02:21","date_gmt":"2019-10-16T09:02:21","guid":{"rendered":"https:\/\/thebestantique.com\/?post_type=product&#038;p=12369"},"modified":"2021-01-12T12:05:04","modified_gmt":"2021-01-12T10:05:04","slug":"a-set-of-12-elegant-silver-tea-spoons","status":"publish","type":"product","link":"https:\/\/thebestantique.com\/et\/product\/a-set-of-12-elegant-silver-tea-spoons\/","title":{"rendered":"12-osaline h\u00f5be teelusikate komplekt"},"content":{"rendered":"<p><\/p>\n<div class=\"tab-content\">\n<div id=\"t1\" class=\"tab-pane active\">\n<div class=\"col-md-9\">\n<div class=\"core_post_content\">\n<p>12-osaline h\u00f5be teelusikate komplekt. H\u00f5be 950, kullatis. Henin &amp; Cie, Pariis, 1896-1930.<\/p>\n<blockquote><p>Pikkus: 12 cm.<\/p>\n<p>\u00dcldkaal: 215 g.<\/p><\/blockquote>\n<\/div>\n<\/div>\n<\/div>\n<\/div>\n<div id=\"wlt_shortcode_related\" class=\"owl-carousel wlt_search_results grid_style owl-theme\">\n<div class=\"owl-wrapper-outer\">\n<div class=\"owl-wrapper\">\n<div class=\"owl-item\">\n<div class=\"itemdata icons itemid29010 item-29010 col-xs-12\">\n<div>\n<div>\n<div><\/div>\n<\/div>\n<div><\/div>\n<\/div>\n<div class=\"lotnum\" align=\"center\"><\/div>\n<\/div>\n<\/div>\n<\/div>\n<\/div>\n<\/div>\n<p><\/p>","protected":false},"excerpt":{"rendered":"<p>12-osaline h\u00f5be teelusikate komplekt. H\u00f5be 950, kullatis. Henin &amp; Cie, Pariis, 1896-1930. Pikkus: 12 cm. \u00dcldkaal: 215 g.<\/p>\n","protected":false},"featured_media":12370,"comment_status":"closed","ping_status":"closed","template":"","meta":{"_exactmetrics_skip_tracking":false,"_exactmetrics_sitenote_active":false,"_exactmetrics_sitenote_note":"","_exactmetrics_sitenote_category":0,"_uf_show_specific_survey":0,"_uf_disable_surveys":false},"product_brand":[],"product_cat":[421],"product_tag":[1503,1501,1502],"class_list":{"0":"post-12369","1":"product","2":"type-product","3":"status-publish","4":"has-post-thumbnail","6":"product_cat-sold-items","7":"product_tag-12-osaline-hobe-teelusikate-komplekt","8":"product_tag-a-set-of-12-elegant-silver-tea-spoons","9":"product_tag---12----","10":"product_shipping_class-small-item-0-500-g","12":"first","13":"outofstock","14":"sold-individually","15":"shipping-taxable","16":"product-type-simple"},"aioseo_notices":[],"_links":{"self":[{"href":"https:\/\/thebestantique.com\/et\/wp-json\/wp\/v2\/product\/12369","targetHints":{"allow":["GET"]}}],"collection":[{"href":"https:\/\/thebestantique.com\/et\/wp-json\/wp\/v2\/product"}],"about":[{"href":"https:\/\/thebestantique.com\/et\/wp-json\/wp\/v2\/types\/product"}],"replies":[{"embeddable":true,"href":"https:\/\/thebestantique.com\/et\/wp-json\/wp\/v2\/comments?post=12369"}],"wp:featuredmedia":[{"embeddable":true,"href":"https:\/\/thebestantique.com\/et\/wp-json\/wp\/v2\/media\/12370"}],"wp:attachment":[{"href":"https:\/\/thebestantique.com\/et\/wp-json\/wp\/v2\/media?parent=12369"}],"wp:term":[{"taxonomy":"product_brand","embeddable":true,"href":"https:\/\/thebestantique.com\/et\/wp-json\/wp\/v2\/product_brand?post=12369"},{"taxonomy":"product_cat","embeddable":true,"href":"https:\/\/thebestantique.com\/et\/wp-json\/wp\/v2\/product_cat?post=12369"},{"taxonomy":"product_tag","embeddable":true,"href":"https:\/\/thebestantique.com\/et\/wp-json\/wp\/v2\/product_tag?post=12369"}],"curies":[{"name":"wp","href":"https:\/\/api.w.org\/{rel}","templated":true}]}}