{"id":12358,"date":"2019-10-16T10:48:06","date_gmt":"2019-10-16T08:48:06","guid":{"rendered":"https:\/\/thebestantique.com\/?post_type=product&#038;p=12358"},"modified":"2021-01-12T12:04:22","modified_gmt":"2021-01-12T10:04:22","slug":"french-silver-shovel","status":"publish","type":"product","link":"https:\/\/thebestantique.com\/et\/product\/french-silver-shovel\/","title":{"rendered":"Prantsusmaa h\u00f5be lauak\u00fchvel"},"content":{"rendered":"<p>Prantsusmaa h\u00f5be lauak\u00fchvel. H\u00f5be 950, graveeringuga. Prantsusmaa, 19-20 sajand.<\/p>\n<blockquote><p>M\u00f5\u00f5dud: 23.5 \u0445 14 cm.<\/p>\n<p>Kaal: 163 g.<\/p><\/blockquote>\n<p><\/p>","protected":false},"excerpt":{"rendered":"<p>Prantsusmaa h\u00f5be lauak\u00fchvel. H\u00f5be 950, graveeringuga. Prantsusmaa, 19-20 sajand. M\u00f5\u00f5dud: 23.5 \u0445 14 cm. Kaal: 163 g.<\/p>\n","protected":false},"featured_media":12359,"comment_status":"closed","ping_status":"closed","template":"","meta":{"_exactmetrics_skip_tracking":false,"_exactmetrics_sitenote_active":false,"_exactmetrics_sitenote_note":"","_exactmetrics_sitenote_category":0,"_uf_show_specific_survey":0,"_uf_disable_surveys":false},"product_brand":[],"product_cat":[421],"product_tag":[980,1493,1495,1494,1497,977,1496],"class_list":{"0":"post-12358","1":"product","2":"type-product","3":"status-publish","4":"has-post-thumbnail","6":"product_cat-sold-items","7":"product_tag-19-20-sajand","8":"product_tag-french-silver-shovel","9":"product_tag-graveeringuga-prantsusmaa","10":"product_tag-prantsusmaa-hobe-lauakuhvel-hobe-950","11":"product_tag-1497","12":"product_tag--19----20--","13":"product_tag-1496","14":"product_shipping_class-average-item-500-1500-g","16":"first","17":"outofstock","18":"sold-individually","19":"shipping-taxable","20":"product-type-simple"},"aioseo_notices":[],"_links":{"self":[{"href":"https:\/\/thebestantique.com\/et\/wp-json\/wp\/v2\/product\/12358","targetHints":{"allow":["GET"]}}],"collection":[{"href":"https:\/\/thebestantique.com\/et\/wp-json\/wp\/v2\/product"}],"about":[{"href":"https:\/\/thebestantique.com\/et\/wp-json\/wp\/v2\/types\/product"}],"replies":[{"embeddable":true,"href":"https:\/\/thebestantique.com\/et\/wp-json\/wp\/v2\/comments?post=12358"}],"wp:featuredmedia":[{"embeddable":true,"href":"https:\/\/thebestantique.com\/et\/wp-json\/wp\/v2\/media\/12359"}],"wp:attachment":[{"href":"https:\/\/thebestantique.com\/et\/wp-json\/wp\/v2\/media?parent=12358"}],"wp:term":[{"taxonomy":"product_brand","embeddable":true,"href":"https:\/\/thebestantique.com\/et\/wp-json\/wp\/v2\/product_brand?post=12358"},{"taxonomy":"product_cat","embeddable":true,"href":"https:\/\/thebestantique.com\/et\/wp-json\/wp\/v2\/product_cat?post=12358"},{"taxonomy":"product_tag","embeddable":true,"href":"https:\/\/thebestantique.com\/et\/wp-json\/wp\/v2\/product_tag?post=12358"}],"curies":[{"name":"wp","href":"https:\/\/api.w.org\/{rel}","templated":true}]}}