{"id":12219,"date":"2019-09-25T13:12:52","date_gmt":"2019-09-25T11:12:52","guid":{"rendered":"https:\/\/thebestantique.com\/?post_type=product&#038;p=12219"},"modified":"2019-11-26T19:25:01","modified_gmt":"2019-11-26T17:25:01","slug":"%d1%80%d1%83%d1%81%d1%81%d0%ba%d0%b8%d0%b9-%d1%80%d1%83%d1%81%d1%81%d0%ba%d0%b0%d1%8f-%d0%be%d1%84%d0%b8%d1%86%d0%b5%d1%80%d1%81%d0%ba%d0%b0%d1%8f-%d1%81%d0%b0%d0%b1%d0%bb%d1%8f-%d0%be%d0%b1","status":"publish","type":"product","link":"https:\/\/thebestantique.com\/et\/product\/%d1%80%d1%83%d1%81%d1%81%d0%ba%d0%b8%d0%b9-%d1%80%d1%83%d1%81%d1%81%d0%ba%d0%b0%d1%8f-%d0%be%d1%84%d0%b8%d1%86%d0%b5%d1%80%d1%81%d0%ba%d0%b0%d1%8f-%d1%81%d0%b0%d0%b1%d0%bb%d1%8f-%d0%be%d0%b1\/","title":{"rendered":"Vene ohvitseri m\u00f5\u00f5k P\u00fcha Anna ordeniga"},"content":{"rendered":"<p>Vene ohvitseri m\u00f5\u00f5k P\u00fcha Anna ordeniga. T\u00fc\u00fcp 1913a. Signeeritud:\u00a0&#8220;Carl Eickhorn&#8221; .<\/p>\n<blockquote><p>\u00dcldpikkus: 107.5 cm.<br \/>\nTera pikkus: 91 cm.<\/p>\n<p>Tera laius: 4 cm.<\/p><\/blockquote>\n<p><\/p>","protected":false},"excerpt":{"rendered":"<p>Vene ohvitseri m\u00f5\u00f5k P\u00fcha Anna ordeniga. T\u00fc\u00fcp 1913a.<\/p>\n","protected":false},"featured_media":12267,"comment_status":"closed","ping_status":"closed","template":"","meta":{"_exactmetrics_skip_tracking":false,"_exactmetrics_sitenote_active":false,"_exactmetrics_sitenote_note":"","_exactmetrics_sitenote_category":0,"_uf_show_specific_survey":0,"_uf_disable_surveys":false},"product_brand":[],"product_cat":[421],"product_tag":[1448,1469,1452,1451,1447,1449,1446,1450],"class_list":{"0":"post-12219","1":"product","2":"type-product","3":"status-publish","4":"has-post-thumbnail","6":"product_cat-sold-items","7":"product_tag-m1913-imperial-russian-infantry-saber-shashka-sword","8":"product_tag-vene-ohvitseri-mook-puha-anna-ordeniga-tuup-1913a","9":"product_tag-1452","10":"product_tag-1451","11":"product_tag-----1913-","13":"product_tag-1446","14":"product_tag-----4----","15":"product_shipping_class-average-item-500-1500-g","17":"first","18":"outofstock","19":"shipping-taxable","20":"product-type-simple"},"aioseo_notices":[],"_links":{"self":[{"href":"https:\/\/thebestantique.com\/et\/wp-json\/wp\/v2\/product\/12219","targetHints":{"allow":["GET"]}}],"collection":[{"href":"https:\/\/thebestantique.com\/et\/wp-json\/wp\/v2\/product"}],"about":[{"href":"https:\/\/thebestantique.com\/et\/wp-json\/wp\/v2\/types\/product"}],"replies":[{"embeddable":true,"href":"https:\/\/thebestantique.com\/et\/wp-json\/wp\/v2\/comments?post=12219"}],"wp:featuredmedia":[{"embeddable":true,"href":"https:\/\/thebestantique.com\/et\/wp-json\/wp\/v2\/media\/12267"}],"wp:attachment":[{"href":"https:\/\/thebestantique.com\/et\/wp-json\/wp\/v2\/media?parent=12219"}],"wp:term":[{"taxonomy":"product_brand","embeddable":true,"href":"https:\/\/thebestantique.com\/et\/wp-json\/wp\/v2\/product_brand?post=12219"},{"taxonomy":"product_cat","embeddable":true,"href":"https:\/\/thebestantique.com\/et\/wp-json\/wp\/v2\/product_cat?post=12219"},{"taxonomy":"product_tag","embeddable":true,"href":"https:\/\/thebestantique.com\/et\/wp-json\/wp\/v2\/product_tag?post=12219"}],"curies":[{"name":"wp","href":"https:\/\/api.w.org\/{rel}","templated":true}]}}