{"id":12078,"date":"2019-06-19T11:47:11","date_gmt":"2019-06-19T09:47:11","guid":{"rendered":"https:\/\/thebestantique.com\/?post_type=product&#038;p=12078"},"modified":"2020-05-27T20:03:52","modified_gmt":"2020-05-27T18:03:52","slug":"a-set-of-3-french-gravy-boats","status":"publish","type":"product","link":"https:\/\/thebestantique.com\/et\/product\/a-set-of-3-french-gravy-boats\/","title":{"rendered":"Prantsusmaa 3-osaline kastme jaoks komplekt"},"content":{"rendered":"<p><\/p>\n<div class=\"tab-content\">\n<div id=\"t1\" class=\"tab-pane active\">\n<div class=\"col-md-8\">\n<div class=\"core_post_content\">\n<p>Prantsusmaa 3-osaline kastme jaoks komplekt. H\u00f5be 950, sinine klaas. Meister: Charles Hack, Pariis, 1902-1920.<\/p>\n<blockquote><p>Diameeter: 6 cm.<\/p>\n<p>Pikkus: 11.5 cm.<\/p>\n<p>H\u00f5beda \u00fcldkaal: 71 g.<\/p><\/blockquote>\n<\/div>\n<\/div>\n<\/div>\n<\/div>\n<p><\/p>","protected":false},"excerpt":{"rendered":"<p>Prantsusmaa 3-osaline kastme jaoks komplekt. H\u00f5be 950, sinine klaas. Meister: Charles Hack, Pariis, 1902-1920. Diameeter: 6 cm. Pikkus: 11.5 cm. H\u00f5beda \u00fcldkaal: 71 g.<\/p>\n","protected":false},"featured_media":12079,"comment_status":"closed","ping_status":"closed","template":"","meta":{"_exactmetrics_skip_tracking":false,"_exactmetrics_sitenote_active":false,"_exactmetrics_sitenote_note":"","_exactmetrics_sitenote_category":0,"_uf_show_specific_survey":0,"_uf_disable_surveys":false},"product_brand":[],"product_cat":[421],"product_tag":[1379,1383,1375,1373,1374,1382,537,1380,1381,1131,1377,1376,1378],"class_list":{"0":"post-12078","1":"product","2":"type-product","3":"status-publish","4":"has-post-thumbnail","6":"product_cat-sold-items","7":"product_tag-1902-1920-","8":"product_tag-1902-1920","9":"product_tag-1902-1920s","10":"product_tag-a-set-of-3-french-gravy-boats-950-silver-standard","11":"product_tag-blue-glass-makers-mark-of-charles-hack","12":"product_tag-pariis","13":"product_tag-paris","14":"product_tag-prantsusmaa-3-osaline-kastme-jaoks-komplekt-hobe-950","15":"product_tag-sinine-klaas-meister-charles-hack","16":"product_tag-1131","17":"product_tag--950--","18":"product_tag----3----","19":"product_tag-------charle","20":"product_shipping_class-average-item-500-1500-g","22":"first","23":"outofstock","24":"shipping-taxable","25":"purchasable","26":"product-type-simple"},"aioseo_notices":[],"_links":{"self":[{"href":"https:\/\/thebestantique.com\/et\/wp-json\/wp\/v2\/product\/12078","targetHints":{"allow":["GET"]}}],"collection":[{"href":"https:\/\/thebestantique.com\/et\/wp-json\/wp\/v2\/product"}],"about":[{"href":"https:\/\/thebestantique.com\/et\/wp-json\/wp\/v2\/types\/product"}],"replies":[{"embeddable":true,"href":"https:\/\/thebestantique.com\/et\/wp-json\/wp\/v2\/comments?post=12078"}],"wp:featuredmedia":[{"embeddable":true,"href":"https:\/\/thebestantique.com\/et\/wp-json\/wp\/v2\/media\/12079"}],"wp:attachment":[{"href":"https:\/\/thebestantique.com\/et\/wp-json\/wp\/v2\/media?parent=12078"}],"wp:term":[{"taxonomy":"product_brand","embeddable":true,"href":"https:\/\/thebestantique.com\/et\/wp-json\/wp\/v2\/product_brand?post=12078"},{"taxonomy":"product_cat","embeddable":true,"href":"https:\/\/thebestantique.com\/et\/wp-json\/wp\/v2\/product_cat?post=12078"},{"taxonomy":"product_tag","embeddable":true,"href":"https:\/\/thebestantique.com\/et\/wp-json\/wp\/v2\/product_tag?post=12078"}],"curies":[{"name":"wp","href":"https:\/\/api.w.org\/{rel}","templated":true}]}}