{"id":12051,"date":"2019-06-18T14:58:53","date_gmt":"2019-06-18T12:58:53","guid":{"rendered":"https:\/\/thebestantique.com\/?post_type=product&#038;p=12051"},"modified":"2019-06-29T11:24:39","modified_gmt":"2019-06-29T09:24:39","slug":"vintage-gold-and-enamel-pocket-watch","status":"publish","type":"product","link":"https:\/\/thebestantique.com\/et\/product\/vintage-gold-and-enamel-pocket-watch\/","title":{"rendered":"Vanaaegne kuld taskukell"},"content":{"rendered":"<p><\/p>\n<div class=\"tab-content\">\n<div id=\"t1\" class=\"tab-pane active\">\n<div class=\"col-md-8\">\n<div class=\"core_post_content\">\n<p>Vanaaegne kuld taskukell. 18K kuld, v\u00e4rvitud emailiga, araabia numbrid. Prantsusmaa V\u00f5i \u0160veits, 19. sajand.<\/p>\n<blockquote><p>Korpuse l\u00e4bim\u00f5\u00f5t: 39 mm.<\/p>\n<p>Kaal: 47,5 g.<\/p><\/blockquote>\n<\/div>\n<\/div>\n<\/div>\n<\/div>\n<p><\/p>","protected":false},"excerpt":{"rendered":"<p>Vanaaegne kuld taskukell. 18K kuld, v\u00e4rvitud emailiga, araabia numbrid. Prantsusmaa V\u00f5i \u0160veits, 19. sajand. Korpuse l\u00e4bim\u00f5\u00f5t: 39 mm. Kaal: 47,5 g.<\/p>\n","protected":false},"featured_media":12052,"comment_status":"closed","ping_status":"closed","template":"","meta":{"_exactmetrics_skip_tracking":false,"_exactmetrics_sitenote_active":false,"_exactmetrics_sitenote_note":"","_exactmetrics_sitenote_category":0,"_uf_show_specific_survey":0,"_uf_disable_surveys":false},"product_brand":[],"product_cat":[421],"product_tag":[1288,1311,1284,1362,1359,1358,1360,1361,1357,1355,1354,1356,1363],"class_list":{"0":"post-12051","1":"product","2":"type-product","3":"status-publish","4":"has-post-thumbnail","6":"product_cat-sold-items","7":"product_tag-19-sajand","8":"product_tag-19--","9":"product_tag-19th-century","10":"product_tag-araabia-numbrid-prantsusmaa-voi-sveits","11":"product_tag-enamel-dial-with-arabic-numerals-france-or-switzerland","12":"product_tag-painted-enamel","13":"product_tag-vanaaegne-kuld-taskukell-18k-kuld","14":"product_tag-varvitud-emailiga","15":"product_tag-vintage-gold-and-enamel-pocket-watch-18k-gold","16":"product_tag-1355","17":"product_tag-1354","18":"product_tag-1356","19":"product_tag-1363","20":"product_shipping_class-small-item-0-500-g","22":"first","23":"outofstock","24":"sold-individually","25":"shipping-taxable","26":"purchasable","27":"product-type-simple"},"aioseo_notices":[],"_links":{"self":[{"href":"https:\/\/thebestantique.com\/et\/wp-json\/wp\/v2\/product\/12051","targetHints":{"allow":["GET"]}}],"collection":[{"href":"https:\/\/thebestantique.com\/et\/wp-json\/wp\/v2\/product"}],"about":[{"href":"https:\/\/thebestantique.com\/et\/wp-json\/wp\/v2\/types\/product"}],"replies":[{"embeddable":true,"href":"https:\/\/thebestantique.com\/et\/wp-json\/wp\/v2\/comments?post=12051"}],"wp:featuredmedia":[{"embeddable":true,"href":"https:\/\/thebestantique.com\/et\/wp-json\/wp\/v2\/media\/12052"}],"wp:attachment":[{"href":"https:\/\/thebestantique.com\/et\/wp-json\/wp\/v2\/media?parent=12051"}],"wp:term":[{"taxonomy":"product_brand","embeddable":true,"href":"https:\/\/thebestantique.com\/et\/wp-json\/wp\/v2\/product_brand?post=12051"},{"taxonomy":"product_cat","embeddable":true,"href":"https:\/\/thebestantique.com\/et\/wp-json\/wp\/v2\/product_cat?post=12051"},{"taxonomy":"product_tag","embeddable":true,"href":"https:\/\/thebestantique.com\/et\/wp-json\/wp\/v2\/product_tag?post=12051"}],"curies":[{"name":"wp","href":"https:\/\/api.w.org\/{rel}","templated":true}]}}