{"id":12004,"date":"2019-06-04T13:23:51","date_gmt":"2019-06-04T11:23:51","guid":{"rendered":"https:\/\/thebestantique.com\/?post_type=product&#038;p=12004"},"modified":"2024-07-15T10:53:58","modified_gmt":"2024-07-15T08:53:58","slug":"antique-glass-jar-with-silver-lid","status":"publish","type":"product","link":"https:\/\/thebestantique.com\/et\/product\/antique-glass-jar-with-silver-lid\/","title":{"rendered":"Vanaaegne klaasist h\u00f5beda kaanega n\u00f5u"},"content":{"rendered":"<p>Vanaaegne klaasist h\u00f5beda kaanega n\u00f5u.<\/p>\n<p>K\u00f5rgus:\u00a07,5 \u0445 12 cm.<\/p>","protected":false},"excerpt":{"rendered":"<p>Vanaaegne klaasist h\u00f5beda kaanega n\u00f5u. K\u00f5rgus:\u00a07,5 \u0445 12 cm.<\/p>\n","protected":false},"featured_media":12005,"comment_status":"closed","ping_status":"closed","template":"","meta":{"_exactmetrics_skip_tracking":false,"_exactmetrics_sitenote_active":false,"_exactmetrics_sitenote_note":"","_exactmetrics_sitenote_category":0,"_uf_show_specific_survey":0,"_uf_disable_surveys":false},"product_brand":[],"product_cat":[421],"product_tag":[1489,1342,1488,1341],"class_list":{"0":"post-12004","1":"product","2":"type-product","3":"status-publish","4":"has-post-thumbnail","6":"product_cat-sold-items","7":"product_tag-french-silver-mounted-candy-bowl","8":"product_tag-vanaaegne-klaasist-hobeda-kaanega-nou","9":"product_tag-1488","10":"product_tag-1341","11":"product_shipping_class-average-item-500-1500-g","13":"first","14":"outofstock","15":"sold-individually","16":"shipping-taxable","17":"product-type-simple"},"aioseo_notices":[],"_links":{"self":[{"href":"https:\/\/thebestantique.com\/et\/wp-json\/wp\/v2\/product\/12004","targetHints":{"allow":["GET"]}}],"collection":[{"href":"https:\/\/thebestantique.com\/et\/wp-json\/wp\/v2\/product"}],"about":[{"href":"https:\/\/thebestantique.com\/et\/wp-json\/wp\/v2\/types\/product"}],"replies":[{"embeddable":true,"href":"https:\/\/thebestantique.com\/et\/wp-json\/wp\/v2\/comments?post=12004"}],"wp:featuredmedia":[{"embeddable":true,"href":"https:\/\/thebestantique.com\/et\/wp-json\/wp\/v2\/media\/12005"}],"wp:attachment":[{"href":"https:\/\/thebestantique.com\/et\/wp-json\/wp\/v2\/media?parent=12004"}],"wp:term":[{"taxonomy":"product_brand","embeddable":true,"href":"https:\/\/thebestantique.com\/et\/wp-json\/wp\/v2\/product_brand?post=12004"},{"taxonomy":"product_cat","embeddable":true,"href":"https:\/\/thebestantique.com\/et\/wp-json\/wp\/v2\/product_cat?post=12004"},{"taxonomy":"product_tag","embeddable":true,"href":"https:\/\/thebestantique.com\/et\/wp-json\/wp\/v2\/product_tag?post=12004"}],"curies":[{"name":"wp","href":"https:\/\/api.w.org\/{rel}","templated":true}]}}