{"id":11972,"date":"2019-06-04T10:36:20","date_gmt":"2019-06-04T08:36:20","guid":{"rendered":"https:\/\/thebestantique.com\/?post_type=product&#038;p=11972"},"modified":"2021-01-12T13:20:53","modified_gmt":"2021-01-12T11:20:53","slug":"russian-orthodox-crucifix","status":"publish","type":"product","link":"https:\/\/thebestantique.com\/et\/product\/russian-orthodox-crucifix\/","title":{"rendered":"Vene \u00f5igeusklik pronks rist"},"content":{"rendered":"<p><\/p>\n<div class=\"tab-content\">\n<div id=\"t1\" class=\"tab-pane active\">\n<div class=\"col-md-8\">\n<div class=\"core_post_content\">\n<p>Vene \u00f5igeusklik pronks rist. Venemaa, 19 sajand.<\/p>\n<blockquote><p>M\u00f5\u00f5dud: 16.2 x 10 cm.<\/p><\/blockquote>\n<\/div>\n<\/div>\n<\/div>\n<\/div>\n<p><\/p>","protected":false},"excerpt":{"rendered":"<p>Vene \u00f5igeusklik pronks rist. Venemaa, 19 sajand. M\u00f5\u00f5dud: 16.2 x 10 cm.<\/p>\n","protected":false},"featured_media":11973,"comment_status":"closed","ping_status":"closed","template":"","meta":{"_exactmetrics_skip_tracking":false,"_exactmetrics_sitenote_active":false,"_exactmetrics_sitenote_note":"","_exactmetrics_sitenote_category":0,"_uf_show_specific_survey":0,"_uf_disable_surveys":false},"product_brand":[],"product_cat":[13,421],"product_tag":[1311,1321,1322,1325,1323,1324],"class_list":{"0":"post-11972","1":"product","2":"type-product","3":"status-publish","4":"has-post-thumbnail","6":"product_cat-icons","7":"product_cat-sold-items","8":"product_tag-19--","9":"product_tag-russian-orthodox-crucifix","10":"product_tag-vene-oigeusklik-pronks-rist","11":"product_tag-1325","12":"product_tag-1323","13":"product_tag-1324","15":"first","16":"outofstock","17":"sold-individually","18":"shipping-taxable","19":"product-type-simple"},"aioseo_notices":[],"_links":{"self":[{"href":"https:\/\/thebestantique.com\/et\/wp-json\/wp\/v2\/product\/11972","targetHints":{"allow":["GET"]}}],"collection":[{"href":"https:\/\/thebestantique.com\/et\/wp-json\/wp\/v2\/product"}],"about":[{"href":"https:\/\/thebestantique.com\/et\/wp-json\/wp\/v2\/types\/product"}],"replies":[{"embeddable":true,"href":"https:\/\/thebestantique.com\/et\/wp-json\/wp\/v2\/comments?post=11972"}],"wp:featuredmedia":[{"embeddable":true,"href":"https:\/\/thebestantique.com\/et\/wp-json\/wp\/v2\/media\/11973"}],"wp:attachment":[{"href":"https:\/\/thebestantique.com\/et\/wp-json\/wp\/v2\/media?parent=11972"}],"wp:term":[{"taxonomy":"product_brand","embeddable":true,"href":"https:\/\/thebestantique.com\/et\/wp-json\/wp\/v2\/product_brand?post=11972"},{"taxonomy":"product_cat","embeddable":true,"href":"https:\/\/thebestantique.com\/et\/wp-json\/wp\/v2\/product_cat?post=11972"},{"taxonomy":"product_tag","embeddable":true,"href":"https:\/\/thebestantique.com\/et\/wp-json\/wp\/v2\/product_tag?post=11972"}],"curies":[{"name":"wp","href":"https:\/\/api.w.org\/{rel}","templated":true}]}}