{"id":11964,"date":"2019-05-30T17:09:17","date_gmt":"2019-05-30T15:09:17","guid":{"rendered":"https:\/\/thebestantique.com\/?post_type=product&#038;p=11964"},"modified":"2026-01-16T11:48:47","modified_gmt":"2026-01-16T09:48:47","slug":"set-of-2-silver-beakers","status":"publish","type":"product","link":"https:\/\/thebestantique.com\/et\/product\/set-of-2-silver-beakers\/","title":{"rendered":"H\u00f5bedast pitside paar"},"content":{"rendered":"<p>H\u00f5be pitside paar. H\u00f5be (875), niello.<\/p>\n<blockquote><p>K\u00f5rgus: 6.2 cm.<\/p>\n<p>\u00dcldkaal: 62,6 g.<\/p><\/blockquote>\n<p><\/p>","protected":false},"excerpt":{"rendered":"<p>H\u00f5be pitside paar. H\u00f5be (875), niello. K\u00f5rgus: 6.2 cm. \u00dcldkaal: 62,6 g.<\/p>\n","protected":false},"featured_media":11951,"comment_status":"closed","ping_status":"closed","template":"","meta":{"_exactmetrics_skip_tracking":false,"_exactmetrics_sitenote_active":false,"_exactmetrics_sitenote_note":"","_exactmetrics_sitenote_category":0,"_uf_show_specific_survey":0,"_uf_disable_surveys":false},"product_brand":[],"product_cat":[222,6],"product_tag":[1296,1295,1297,1298],"class_list":{"0":"post-11964","1":"product","2":"type-product","3":"status-publish","4":"has-post-thumbnail","6":"product_cat-more-silver","7":"product_cat-silver","8":"product_tag-hobedast-pitside-paar","9":"product_tag---2--","10":"product_tag---2----875","11":"product_tag-1298","12":"product_shipping_class-small-item-0-500-g","14":"first","15":"outofstock","16":"sold-individually","17":"shipping-taxable","18":"purchasable","19":"product-type-simple"},"aioseo_notices":[],"_links":{"self":[{"href":"https:\/\/thebestantique.com\/et\/wp-json\/wp\/v2\/product\/11964","targetHints":{"allow":["GET"]}}],"collection":[{"href":"https:\/\/thebestantique.com\/et\/wp-json\/wp\/v2\/product"}],"about":[{"href":"https:\/\/thebestantique.com\/et\/wp-json\/wp\/v2\/types\/product"}],"replies":[{"embeddable":true,"href":"https:\/\/thebestantique.com\/et\/wp-json\/wp\/v2\/comments?post=11964"}],"wp:featuredmedia":[{"embeddable":true,"href":"https:\/\/thebestantique.com\/et\/wp-json\/wp\/v2\/media\/11951"}],"wp:attachment":[{"href":"https:\/\/thebestantique.com\/et\/wp-json\/wp\/v2\/media?parent=11964"}],"wp:term":[{"taxonomy":"product_brand","embeddable":true,"href":"https:\/\/thebestantique.com\/et\/wp-json\/wp\/v2\/product_brand?post=11964"},{"taxonomy":"product_cat","embeddable":true,"href":"https:\/\/thebestantique.com\/et\/wp-json\/wp\/v2\/product_cat?post=11964"},{"taxonomy":"product_tag","embeddable":true,"href":"https:\/\/thebestantique.com\/et\/wp-json\/wp\/v2\/product_tag?post=11964"}],"curies":[{"name":"wp","href":"https:\/\/api.w.org\/{rel}","templated":true}]}}