{"id":11963,"date":"2019-05-30T16:59:47","date_gmt":"2019-05-30T14:59:47","guid":{"rendered":"https:\/\/thebestantique.com\/?post_type=product&#038;p=11963"},"modified":"2024-03-26T12:53:21","modified_gmt":"2024-03-26T10:53:21","slug":"antique-small-salt-cellar","status":"publish","type":"product","link":"https:\/\/thebestantique.com\/et\/product\/antique-small-salt-cellar\/","title":{"rendered":"V\u00e4ike h\u00f5be soolatoos"},"content":{"rendered":"<p>V\u00e4ike h\u00f5be klaasiga soolatoos. Klaas, h\u00f5be. Euroopa.<\/p>\n<blockquote><p>H\u00f5beda kaal: 5, 2 g.<\/p>\n<p>L\u00e4bim\u00f5\u00f5t: 4 cm.<\/p><\/blockquote>\n<p><\/p>","protected":false},"excerpt":{"rendered":"<p>V\u00e4ike h\u00f5be klaasiga soolatoos. Klaas, h\u00f5be. Euroopa. H\u00f5beda kaal: 5, 2 g. L\u00e4bim\u00f5\u00f5t: 4 cm.<\/p>\n","protected":false},"featured_media":15848,"comment_status":"closed","ping_status":"closed","template":"","meta":{"_exactmetrics_skip_tracking":false,"_exactmetrics_sitenote_active":false,"_exactmetrics_sitenote_note":"","_exactmetrics_sitenote_category":0,"_uf_show_specific_survey":0,"_uf_disable_surveys":false},"product_brand":[],"product_cat":[222,6],"product_tag":[1293,1294],"class_list":{"0":"post-11963","1":"product","2":"type-product","3":"status-publish","4":"has-post-thumbnail","6":"product_cat-more-silver","7":"product_cat-silver","8":"product_tag-antiikne-vaike-soolatoos","9":"product_tag-antique-small-salt-cellar","10":"product_shipping_class-small-item-0-500-g","12":"first","13":"instock","14":"sold-individually","15":"shipping-taxable","16":"purchasable","17":"product-type-simple"},"aioseo_notices":[],"_links":{"self":[{"href":"https:\/\/thebestantique.com\/et\/wp-json\/wp\/v2\/product\/11963","targetHints":{"allow":["GET"]}}],"collection":[{"href":"https:\/\/thebestantique.com\/et\/wp-json\/wp\/v2\/product"}],"about":[{"href":"https:\/\/thebestantique.com\/et\/wp-json\/wp\/v2\/types\/product"}],"replies":[{"embeddable":true,"href":"https:\/\/thebestantique.com\/et\/wp-json\/wp\/v2\/comments?post=11963"}],"wp:featuredmedia":[{"embeddable":true,"href":"https:\/\/thebestantique.com\/et\/wp-json\/wp\/v2\/media\/15848"}],"wp:attachment":[{"href":"https:\/\/thebestantique.com\/et\/wp-json\/wp\/v2\/media?parent=11963"}],"wp:term":[{"taxonomy":"product_brand","embeddable":true,"href":"https:\/\/thebestantique.com\/et\/wp-json\/wp\/v2\/product_brand?post=11963"},{"taxonomy":"product_cat","embeddable":true,"href":"https:\/\/thebestantique.com\/et\/wp-json\/wp\/v2\/product_cat?post=11963"},{"taxonomy":"product_tag","embeddable":true,"href":"https:\/\/thebestantique.com\/et\/wp-json\/wp\/v2\/product_tag?post=11963"}],"curies":[{"name":"wp","href":"https:\/\/api.w.org\/{rel}","templated":true}]}}