{"id":11962,"date":"2019-05-30T16:53:06","date_gmt":"2019-05-30T14:53:06","guid":{"rendered":"https:\/\/thebestantique.com\/?post_type=product&#038;p=11962"},"modified":"2026-01-16T11:29:52","modified_gmt":"2026-01-16T09:29:52","slug":"silver-napkin-ring","status":"publish","type":"product","link":"https:\/\/thebestantique.com\/et\/product\/silver-napkin-ring\/","title":{"rendered":"H\u00f5be salvr\u00e4tikur\u00f5ngas"},"content":{"rendered":"<p>H\u00f5be salvr\u00e4tikur\u00f5ngas. H\u00f5be (950), graveeringuga.<\/p>\n<blockquote><p>Kaal: 30 g.<\/p>\n<p>L\u00e4bim\u00f5\u00f5t: 5 cm.<\/p><\/blockquote>\n<p><\/p>","protected":false},"excerpt":{"rendered":"<p>H\u00f5be salvr\u00e4tikur\u00f5ngas. H\u00f5be (950), graveeringuga. Kaal: 30 g. L\u00e4bim\u00f5\u00f5t: 5 cm.<\/p>\n","protected":false},"featured_media":11939,"comment_status":"closed","ping_status":"closed","template":"","meta":{"_exactmetrics_skip_tracking":false,"_exactmetrics_sitenote_active":false,"_exactmetrics_sitenote_note":"","_exactmetrics_sitenote_category":0,"_uf_show_specific_survey":0,"_uf_disable_surveys":false},"product_brand":[],"product_cat":[421],"product_tag":[1290,1292,1289,1180,1291],"class_list":{"0":"post-11962","1":"product","2":"type-product","3":"status-publish","4":"has-post-thumbnail","6":"product_cat-sold-items","7":"product_tag-engraved","8":"product_tag-hobe-salvratikurongas","9":"product_tag-silver-napkin-ring-silver-950","10":"product_tag-1180","11":"product_tag-1291","12":"product_shipping_class-small-item-0-500-g","14":"first","15":"outofstock","16":"sold-individually","17":"shipping-taxable","18":"purchasable","19":"product-type-simple"},"aioseo_notices":[],"_links":{"self":[{"href":"https:\/\/thebestantique.com\/et\/wp-json\/wp\/v2\/product\/11962","targetHints":{"allow":["GET"]}}],"collection":[{"href":"https:\/\/thebestantique.com\/et\/wp-json\/wp\/v2\/product"}],"about":[{"href":"https:\/\/thebestantique.com\/et\/wp-json\/wp\/v2\/types\/product"}],"replies":[{"embeddable":true,"href":"https:\/\/thebestantique.com\/et\/wp-json\/wp\/v2\/comments?post=11962"}],"wp:featuredmedia":[{"embeddable":true,"href":"https:\/\/thebestantique.com\/et\/wp-json\/wp\/v2\/media\/11939"}],"wp:attachment":[{"href":"https:\/\/thebestantique.com\/et\/wp-json\/wp\/v2\/media?parent=11962"}],"wp:term":[{"taxonomy":"product_brand","embeddable":true,"href":"https:\/\/thebestantique.com\/et\/wp-json\/wp\/v2\/product_brand?post=11962"},{"taxonomy":"product_cat","embeddable":true,"href":"https:\/\/thebestantique.com\/et\/wp-json\/wp\/v2\/product_cat?post=11962"},{"taxonomy":"product_tag","embeddable":true,"href":"https:\/\/thebestantique.com\/et\/wp-json\/wp\/v2\/product_tag?post=11962"}],"curies":[{"name":"wp","href":"https:\/\/api.w.org\/{rel}","templated":true}]}}