{"id":11929,"date":"2019-05-30T16:21:41","date_gmt":"2019-05-30T14:21:41","guid":{"rendered":"https:\/\/thebestantique.com\/?post_type=product&#038;p=11929"},"modified":"2023-12-12T15:06:24","modified_gmt":"2023-12-12T13:06:24","slug":"russian-bronze-travel-icon","status":"publish","type":"product","link":"https:\/\/thebestantique.com\/et\/product\/russian-bronze-travel-icon\/","title":{"rendered":"Vene pronks reisiikoon"},"content":{"rendered":"<p>Vene v\u00e4ike pronks reisiikoon. Pronks, emailitud.<\/p>\n<blockquote><p>M\u00f5\u00f5dud: 10.9 x 4.2 cm.<\/p><\/blockquote>\n<p><\/p>","protected":false},"excerpt":{"rendered":"<p>Vene v\u00e4ike pronks reisiikoon. Pronks, emailitud. M\u00f5\u00f5dud: 10.9 x 4.2 cm.<\/p>\n","protected":false},"featured_media":11957,"comment_status":"closed","ping_status":"closed","template":"","meta":{"_exactmetrics_skip_tracking":false,"_exactmetrics_sitenote_active":false,"_exactmetrics_sitenote_note":"","_exactmetrics_sitenote_category":0,"_uf_show_specific_survey":0,"_uf_disable_surveys":false},"product_brand":[],"product_cat":[421],"product_tag":[1279,1278,1280],"class_list":{"0":"post-11929","1":"product","2":"type-product","3":"status-publish","4":"has-post-thumbnail","6":"product_cat-sold-items","7":"product_tag-russian-bronze-travel-icon","8":"product_tag-vene-vaike-pronks-reisiikoon","9":"product_tag-1280","10":"product_shipping_class-small-item-0-500-g","12":"first","13":"outofstock","14":"sold-individually","15":"shipping-taxable","16":"product-type-simple"},"aioseo_notices":[],"_links":{"self":[{"href":"https:\/\/thebestantique.com\/et\/wp-json\/wp\/v2\/product\/11929","targetHints":{"allow":["GET"]}}],"collection":[{"href":"https:\/\/thebestantique.com\/et\/wp-json\/wp\/v2\/product"}],"about":[{"href":"https:\/\/thebestantique.com\/et\/wp-json\/wp\/v2\/types\/product"}],"replies":[{"embeddable":true,"href":"https:\/\/thebestantique.com\/et\/wp-json\/wp\/v2\/comments?post=11929"}],"wp:featuredmedia":[{"embeddable":true,"href":"https:\/\/thebestantique.com\/et\/wp-json\/wp\/v2\/media\/11957"}],"wp:attachment":[{"href":"https:\/\/thebestantique.com\/et\/wp-json\/wp\/v2\/media?parent=11929"}],"wp:term":[{"taxonomy":"product_brand","embeddable":true,"href":"https:\/\/thebestantique.com\/et\/wp-json\/wp\/v2\/product_brand?post=11929"},{"taxonomy":"product_cat","embeddable":true,"href":"https:\/\/thebestantique.com\/et\/wp-json\/wp\/v2\/product_cat?post=11929"},{"taxonomy":"product_tag","embeddable":true,"href":"https:\/\/thebestantique.com\/et\/wp-json\/wp\/v2\/product_tag?post=11929"}],"curies":[{"name":"wp","href":"https:\/\/api.w.org\/{rel}","templated":true}]}}