{"id":11919,"date":"2019-05-28T14:58:34","date_gmt":"2019-05-28T12:58:34","guid":{"rendered":"https:\/\/thebestantique.com\/?post_type=product&#038;p=11919"},"modified":"2019-06-06T11:44:19","modified_gmt":"2019-06-06T09:44:19","slug":"french-navy-sword-epee","status":"publish","type":"product","link":"https:\/\/thebestantique.com\/et\/product\/french-navy-sword-epee\/","title":{"rendered":"Prantsusmaa merev\u00e4e m\u00f5\u00f5k"},"content":{"rendered":"<p>Prantsusmaa merev\u00e4e m\u00f5\u00f5k.<\/p>\n<blockquote><p>\u00dcldpikkus: 98 cm.<\/p><\/blockquote>\n<p><\/p>","protected":false},"excerpt":{"rendered":"<p>Prantsusmaa merev\u00e4e m\u00f5\u00f5k. \u00dcldpikkus: 98 cm.<\/p>\n","protected":false},"featured_media":11920,"comment_status":"closed","ping_status":"closed","template":"","meta":{"_exactmetrics_skip_tracking":false,"_exactmetrics_sitenote_active":false,"_exactmetrics_sitenote_note":"","_exactmetrics_sitenote_category":0,"_uf_show_specific_survey":0,"_uf_disable_surveys":false},"product_brand":[],"product_cat":[80],"product_tag":[1211,1212],"class_list":{"0":"post-11919","1":"product","2":"type-product","3":"status-publish","4":"has-post-thumbnail","6":"product_cat-swords","7":"product_tag-french-navy-sword-epees-19th-century","8":"product_tag-prantsusmaa-merevae-mook","9":"product_shipping_class-average-item-500-1500-g","11":"first","12":"instock","13":"sale","14":"sold-individually","15":"shipping-taxable","16":"purchasable","17":"product-type-simple"},"aioseo_notices":[],"_links":{"self":[{"href":"https:\/\/thebestantique.com\/et\/wp-json\/wp\/v2\/product\/11919","targetHints":{"allow":["GET"]}}],"collection":[{"href":"https:\/\/thebestantique.com\/et\/wp-json\/wp\/v2\/product"}],"about":[{"href":"https:\/\/thebestantique.com\/et\/wp-json\/wp\/v2\/types\/product"}],"replies":[{"embeddable":true,"href":"https:\/\/thebestantique.com\/et\/wp-json\/wp\/v2\/comments?post=11919"}],"wp:featuredmedia":[{"embeddable":true,"href":"https:\/\/thebestantique.com\/et\/wp-json\/wp\/v2\/media\/11920"}],"wp:attachment":[{"href":"https:\/\/thebestantique.com\/et\/wp-json\/wp\/v2\/media?parent=11919"}],"wp:term":[{"taxonomy":"product_brand","embeddable":true,"href":"https:\/\/thebestantique.com\/et\/wp-json\/wp\/v2\/product_brand?post=11919"},{"taxonomy":"product_cat","embeddable":true,"href":"https:\/\/thebestantique.com\/et\/wp-json\/wp\/v2\/product_cat?post=11919"},{"taxonomy":"product_tag","embeddable":true,"href":"https:\/\/thebestantique.com\/et\/wp-json\/wp\/v2\/product_tag?post=11919"}],"curies":[{"name":"wp","href":"https:\/\/api.w.org\/{rel}","templated":true}]}}