{"id":11907,"date":"2019-05-28T14:44:05","date_gmt":"2019-05-28T12:44:05","guid":{"rendered":"https:\/\/thebestantique.com\/?post_type=product&#038;p=11907"},"modified":"2019-09-09T07:15:04","modified_gmt":"2019-09-09T05:15:04","slug":"spain-sword","status":"publish","type":"product","link":"https:\/\/thebestantique.com\/et\/product\/spain-sword\/","title":{"rendered":"Hispaania m\u00f5\u00f5k"},"content":{"rendered":"<p>Hispaania m\u00f5\u00f5k.<\/p>\n<blockquote><p>\u00dcldpikkus: 90 cm.<\/p><\/blockquote>\n<p><\/p>","protected":false},"excerpt":{"rendered":"<p>Hispaania m\u00f5\u00f5k. \u00dcldpikkus: 90 cm.<\/p>\n","protected":false},"featured_media":11909,"comment_status":"closed","ping_status":"closed","template":"","meta":{"_exactmetrics_skip_tracking":false,"_exactmetrics_sitenote_active":false,"_exactmetrics_sitenote_note":"","_exactmetrics_sitenote_category":0,"_uf_show_specific_survey":0,"_uf_disable_surveys":false},"product_brand":[],"product_cat":[421],"product_tag":[1209,1208,1210],"class_list":{"0":"post-11907","1":"product","2":"type-product","3":"status-publish","4":"has-post-thumbnail","6":"product_cat-sold-items","7":"product_tag-hispaania-antiik-mook","8":"product_tag-spain-lion-head-sword-in-a-leather-scabbard-engraved-blade-with-inscription-marina-ispanola-circa-1900-yy","9":"product_tag-vanaaegne-mook-vana","10":"product_shipping_class-average-item-500-1500-g","12":"first","13":"outofstock","14":"sold-individually","15":"shipping-taxable","16":"product-type-simple"},"aioseo_notices":[],"_links":{"self":[{"href":"https:\/\/thebestantique.com\/et\/wp-json\/wp\/v2\/product\/11907","targetHints":{"allow":["GET"]}}],"collection":[{"href":"https:\/\/thebestantique.com\/et\/wp-json\/wp\/v2\/product"}],"about":[{"href":"https:\/\/thebestantique.com\/et\/wp-json\/wp\/v2\/types\/product"}],"replies":[{"embeddable":true,"href":"https:\/\/thebestantique.com\/et\/wp-json\/wp\/v2\/comments?post=11907"}],"wp:featuredmedia":[{"embeddable":true,"href":"https:\/\/thebestantique.com\/et\/wp-json\/wp\/v2\/media\/11909"}],"wp:attachment":[{"href":"https:\/\/thebestantique.com\/et\/wp-json\/wp\/v2\/media?parent=11907"}],"wp:term":[{"taxonomy":"product_brand","embeddable":true,"href":"https:\/\/thebestantique.com\/et\/wp-json\/wp\/v2\/product_brand?post=11907"},{"taxonomy":"product_cat","embeddable":true,"href":"https:\/\/thebestantique.com\/et\/wp-json\/wp\/v2\/product_cat?post=11907"},{"taxonomy":"product_tag","embeddable":true,"href":"https:\/\/thebestantique.com\/et\/wp-json\/wp\/v2\/product_tag?post=11907"}],"curies":[{"name":"wp","href":"https:\/\/api.w.org\/{rel}","templated":true}]}}