{"id":11832,"date":"2019-05-13T11:27:36","date_gmt":"2019-05-13T09:27:36","guid":{"rendered":"https:\/\/thebestantique.com\/?post_type=product&#038;p=11832"},"modified":"2021-01-12T13:25:03","modified_gmt":"2021-01-12T11:25:03","slug":"small-miniature-bronze-figure-of-islamic-warrior","status":"publish","type":"product","link":"https:\/\/thebestantique.com\/et\/product\/small-miniature-bronze-figure-of-islamic-warrior\/","title":{"rendered":"V\u00e4ike huvitv pronks kuju &#8220;Islam s\u00f5jav\u00e4elane&#8221;."},"content":{"rendered":"<p>V\u00e4ike pronks kuju &#8220;Islam s\u00f5jav\u00e4elane&#8221;.<\/p>\n<blockquote><p>M\u00f5\u00f5dud: 7.5 x 7.8 x 7.2 cm.<\/p><\/blockquote>\n<p><\/p>","protected":false},"excerpt":{"rendered":"<p class=\"qtranxs-available-languages-message qtranxs-available-languages-message-et\">Vabandame, see kanne on saadaval ainult %LANG : ja %.<\/p>\n","protected":false},"featured_media":11853,"comment_status":"closed","ping_status":"closed","template":"","meta":{"_exactmetrics_skip_tracking":false,"_exactmetrics_sitenote_active":false,"_exactmetrics_sitenote_note":"","_exactmetrics_sitenote_category":0,"_uf_show_specific_survey":0,"_uf_disable_surveys":false},"product_brand":[],"product_cat":[421],"product_tag":[1202,1203,1277,1276],"class_list":{"0":"post-11832","1":"product","2":"type-product","3":"status-publish","4":"has-post-thumbnail","6":"product_cat-sold-items","7":"product_tag-small-miniature-bronze-figure-of-islamic-warrior","8":"product_tag-vaike-pronks-kuju-islam-sojavaelane","9":"product_tag-1861-1936-","10":"product_tag-1276","11":"product_shipping_class-small-item-0-500-g","13":"first","14":"outofstock","15":"sold-individually","16":"shipping-taxable","17":"product-type-simple"},"aioseo_notices":[],"_links":{"self":[{"href":"https:\/\/thebestantique.com\/et\/wp-json\/wp\/v2\/product\/11832","targetHints":{"allow":["GET"]}}],"collection":[{"href":"https:\/\/thebestantique.com\/et\/wp-json\/wp\/v2\/product"}],"about":[{"href":"https:\/\/thebestantique.com\/et\/wp-json\/wp\/v2\/types\/product"}],"replies":[{"embeddable":true,"href":"https:\/\/thebestantique.com\/et\/wp-json\/wp\/v2\/comments?post=11832"}],"wp:featuredmedia":[{"embeddable":true,"href":"https:\/\/thebestantique.com\/et\/wp-json\/wp\/v2\/media\/11853"}],"wp:attachment":[{"href":"https:\/\/thebestantique.com\/et\/wp-json\/wp\/v2\/media?parent=11832"}],"wp:term":[{"taxonomy":"product_brand","embeddable":true,"href":"https:\/\/thebestantique.com\/et\/wp-json\/wp\/v2\/product_brand?post=11832"},{"taxonomy":"product_cat","embeddable":true,"href":"https:\/\/thebestantique.com\/et\/wp-json\/wp\/v2\/product_cat?post=11832"},{"taxonomy":"product_tag","embeddable":true,"href":"https:\/\/thebestantique.com\/et\/wp-json\/wp\/v2\/product_tag?post=11832"}],"curies":[{"name":"wp","href":"https:\/\/api.w.org\/{rel}","templated":true}]}}