{"id":11829,"date":"2019-05-13T11:00:45","date_gmt":"2019-05-13T09:00:45","guid":{"rendered":"https:\/\/thebestantique.com\/?post_type=product&#038;p=11829"},"modified":"2019-09-09T07:08:46","modified_gmt":"2019-09-09T05:08:46","slug":"extremely-rare-estonian-officer-sword-1920-1930s","status":"publish","type":"product","link":"https:\/\/thebestantique.com\/et\/product\/extremely-rare-estonian-officer-sword-1920-1930s\/","title":{"rendered":"Harva esinev Eesti ohvitseri m\u00f5\u00f5k aastal 1920-1930"},"content":{"rendered":"<p>Harva esinev Eesti ohvitseri m\u00f5\u00f5k aastal 1920-1930. Toompea\u00a0 vaatega ja 3 l\u00f5vi graveeringuga. Eritellimust\u00f6\u00f6- Zolingen, Karl Aikhorn.\u00a0 M\u00f5\u00f5gatupp &#8211; rostes. Tera heas seisukorras.<\/p>\n<p>Ese sobib ideaalselt kollektsiooni.<\/p>\n<blockquote><p>\u00dcldpikkus: 101 cm.<\/p>\n<p>Tera pikkus: 84 cm.<\/p>\n<p>Tera laius: 2.8 cm.<\/p><\/blockquote>\n<p><\/p>","protected":false},"excerpt":{"rendered":"<p>Harva esinev Eesti ohvitseri m\u00f5\u00f5k aastal 1920-1930. Toompea\u00a0 vaatega ja 3 l\u00f5vi graveeringuga. Eritellimust\u00f6\u00f6- Zolingen, Karl Aikhorn.\u00a0 M\u00f5\u00f5gatupp &#8211; rostes. Tera heas seisukorras.<\/p>\n<p>Ese sobib ideaalselt kollektsiooni.<\/p>\n<blockquote><p>\u00dcldpikkus: 101 cm.<\/p>\n<p>Tera pikkus: 84 cm.<\/p>\n<p>Tera laius: 2.8 cm.<\/p><\/blockquote>\n","protected":false},"featured_media":11851,"comment_status":"closed","ping_status":"closed","template":"","meta":{"_exactmetrics_skip_tracking":false,"_exactmetrics_sitenote_active":false,"_exactmetrics_sitenote_note":"","_exactmetrics_sitenote_category":0,"_uf_show_specific_survey":0,"_uf_disable_surveys":false},"product_brand":[],"product_cat":[421],"product_tag":[1200],"class_list":{"0":"post-11829","1":"product","2":"type-product","3":"status-publish","4":"has-post-thumbnail","6":"product_cat-sold-items","7":"product_tag-extremely-rare-estonian-officer-sword-1920-1930s","8":"product_shipping_class-average-item-500-1500-g","10":"first","11":"outofstock","12":"sold-individually","13":"shipping-taxable","14":"purchasable","15":"product-type-simple"},"aioseo_notices":[],"_links":{"self":[{"href":"https:\/\/thebestantique.com\/et\/wp-json\/wp\/v2\/product\/11829","targetHints":{"allow":["GET"]}}],"collection":[{"href":"https:\/\/thebestantique.com\/et\/wp-json\/wp\/v2\/product"}],"about":[{"href":"https:\/\/thebestantique.com\/et\/wp-json\/wp\/v2\/types\/product"}],"replies":[{"embeddable":true,"href":"https:\/\/thebestantique.com\/et\/wp-json\/wp\/v2\/comments?post=11829"}],"wp:featuredmedia":[{"embeddable":true,"href":"https:\/\/thebestantique.com\/et\/wp-json\/wp\/v2\/media\/11851"}],"wp:attachment":[{"href":"https:\/\/thebestantique.com\/et\/wp-json\/wp\/v2\/media?parent=11829"}],"wp:term":[{"taxonomy":"product_brand","embeddable":true,"href":"https:\/\/thebestantique.com\/et\/wp-json\/wp\/v2\/product_brand?post=11829"},{"taxonomy":"product_cat","embeddable":true,"href":"https:\/\/thebestantique.com\/et\/wp-json\/wp\/v2\/product_cat?post=11829"},{"taxonomy":"product_tag","embeddable":true,"href":"https:\/\/thebestantique.com\/et\/wp-json\/wp\/v2\/product_tag?post=11829"}],"curies":[{"name":"wp","href":"https:\/\/api.w.org\/{rel}","templated":true}]}}