{"id":11580,"date":"2019-05-10T08:50:28","date_gmt":"2019-05-10T06:50:28","guid":{"rendered":"https:\/\/thebestantique.com\/?post_type=product&#038;p=11580"},"modified":"2021-01-07T11:01:45","modified_gmt":"2021-01-07T09:01:45","slug":"a-19th-century-chinese-talismanic-sword-a-fighting-jian-sword-from-19th-qing-dynasty-its-a-rare-talisman-sword-the-demon-reppeller-blade-with-seven-stars-made-in-longquan-the-famous-sword-maki","status":"publish","type":"product","link":"https:\/\/thebestantique.com\/et\/product\/a-19th-century-chinese-talismanic-sword-a-fighting-jian-sword-from-19th-qing-dynasty-its-a-rare-talisman-sword-the-demon-reppeller-blade-with-seven-stars-made-in-longquan-the-famous-sword-maki\/","title":{"rendered":"Hiina 19 sajandi Talisman m\u00f5\u00f5k"},"content":{"rendered":"<p>Hiina 19 sajandi Talisman m\u00f5\u00f5k. Qing d\u00fcnastia. Haruldane m\u00f5\u00f5k, mille puhul ajati deemoni. Valmistatud Hiina piirkonnas &#8221; Zhejiang.&#8221;, mis oli tuntud osa linnas, kus valmistati suurem osa m\u00f5\u00f5kasid.<\/p>\n<p>&nbsp;<\/p>\n<blockquote><p>M\u00f5\u00f5tmed, kogupikkus, tera pikkus, tera laius: 101cm, 76cm, 33,3cm.<\/p><\/blockquote>\n<p><\/p>","protected":false},"excerpt":{"rendered":"<p class=\"qtranxs-available-languages-message qtranxs-available-languages-message-et\">Vabandame, see kanne on saadaval ainult %LANG : ja %.<\/p>\n","protected":false},"featured_media":11586,"comment_status":"closed","ping_status":"closed","template":"","meta":{"_exactmetrics_skip_tracking":false,"_exactmetrics_sitenote_active":false,"_exactmetrics_sitenote_note":"","_exactmetrics_sitenote_category":0,"_uf_show_specific_survey":0,"_uf_disable_surveys":false},"product_brand":[],"product_cat":[421],"product_tag":[1782,1231,1232,1785,1786,1784,1783],"class_list":{"0":"post-11580","1":"product","2":"type-product","3":"status-publish","4":"has-post-thumbnail","6":"product_cat-sold-items","7":"product_tag---xix----","8":"product_tag-1231","9":"product_tag-1232","10":"product_tag-a-19th-century-chinese-talismanic-sword","11":"product_tag-hiina-19-sajandi-talisman-mook","12":"product_tag-1784","13":"product_tag-1783","14":"product_shipping_class-free-shipping","16":"first","17":"outofstock","18":"sale","19":"shipping-taxable","20":"purchasable","21":"product-type-simple"},"aioseo_notices":[],"_links":{"self":[{"href":"https:\/\/thebestantique.com\/et\/wp-json\/wp\/v2\/product\/11580","targetHints":{"allow":["GET"]}}],"collection":[{"href":"https:\/\/thebestantique.com\/et\/wp-json\/wp\/v2\/product"}],"about":[{"href":"https:\/\/thebestantique.com\/et\/wp-json\/wp\/v2\/types\/product"}],"replies":[{"embeddable":true,"href":"https:\/\/thebestantique.com\/et\/wp-json\/wp\/v2\/comments?post=11580"}],"wp:featuredmedia":[{"embeddable":true,"href":"https:\/\/thebestantique.com\/et\/wp-json\/wp\/v2\/media\/11586"}],"wp:attachment":[{"href":"https:\/\/thebestantique.com\/et\/wp-json\/wp\/v2\/media?parent=11580"}],"wp:term":[{"taxonomy":"product_brand","embeddable":true,"href":"https:\/\/thebestantique.com\/et\/wp-json\/wp\/v2\/product_brand?post=11580"},{"taxonomy":"product_cat","embeddable":true,"href":"https:\/\/thebestantique.com\/et\/wp-json\/wp\/v2\/product_cat?post=11580"},{"taxonomy":"product_tag","embeddable":true,"href":"https:\/\/thebestantique.com\/et\/wp-json\/wp\/v2\/product_tag?post=11580"}],"curies":[{"name":"wp","href":"https:\/\/api.w.org\/{rel}","templated":true}]}}