{"id":11367,"date":"2019-04-16T11:11:36","date_gmt":"2019-04-16T09:11:36","guid":{"rendered":"https:\/\/thebestantique.com\/?post_type=product&#038;p=11367"},"modified":"2019-04-23T08:58:15","modified_gmt":"2019-04-23T06:58:15","slug":"antique-romantic-dagger-with-devil-on-the-hilt","status":"publish","type":"product","link":"https:\/\/thebestantique.com\/et\/product\/antique-romantic-dagger-with-devil-on-the-hilt\/","title":{"rendered":"Romatiline kortik p\u00f5rgulise kujuga"},"content":{"rendered":"<p>Romatiline kortik p\u00f5rgulise kujuga k\u00e4epidel.<\/p>\n<blockquote><p>\u00dcldpikkus: 22 cm.<\/p><\/blockquote>\n<p><\/p>","protected":false},"excerpt":{"rendered":"<p>Romatiline kortik p\u00f5rgulise kujuga k\u00e4epidel. \u00dcldpikkus: 22 cm.<\/p>\n","protected":false},"featured_media":11370,"comment_status":"closed","ping_status":"closed","template":"","meta":{"_exactmetrics_skip_tracking":false,"_exactmetrics_sitenote_active":false,"_exactmetrics_sitenote_note":"","_exactmetrics_sitenote_category":0,"_uf_show_specific_survey":0,"_uf_disable_surveys":false},"product_brand":[],"product_cat":[421],"product_tag":[415,1174,1172,1173],"class_list":{"0":"post-11367","1":"product","2":"type-product","3":"status-publish","4":"has-post-thumbnail","6":"product_cat-sold-items","7":"product_tag-antique-romantic-dagger-with-devil-on-the-hilt","8":"product_tag-romatiline-kortik-porgulise-kujuga","9":"product_tag-skull-dagger","10":"product_tag-1173","11":"product_shipping_class-average-item-500-1500-g","13":"first","14":"outofstock","15":"sale","16":"shipping-taxable","17":"purchasable","18":"product-type-simple"},"aioseo_notices":[],"_links":{"self":[{"href":"https:\/\/thebestantique.com\/et\/wp-json\/wp\/v2\/product\/11367","targetHints":{"allow":["GET"]}}],"collection":[{"href":"https:\/\/thebestantique.com\/et\/wp-json\/wp\/v2\/product"}],"about":[{"href":"https:\/\/thebestantique.com\/et\/wp-json\/wp\/v2\/types\/product"}],"replies":[{"embeddable":true,"href":"https:\/\/thebestantique.com\/et\/wp-json\/wp\/v2\/comments?post=11367"}],"wp:featuredmedia":[{"embeddable":true,"href":"https:\/\/thebestantique.com\/et\/wp-json\/wp\/v2\/media\/11370"}],"wp:attachment":[{"href":"https:\/\/thebestantique.com\/et\/wp-json\/wp\/v2\/media?parent=11367"}],"wp:term":[{"taxonomy":"product_brand","embeddable":true,"href":"https:\/\/thebestantique.com\/et\/wp-json\/wp\/v2\/product_brand?post=11367"},{"taxonomy":"product_cat","embeddable":true,"href":"https:\/\/thebestantique.com\/et\/wp-json\/wp\/v2\/product_cat?post=11367"},{"taxonomy":"product_tag","embeddable":true,"href":"https:\/\/thebestantique.com\/et\/wp-json\/wp\/v2\/product_tag?post=11367"}],"curies":[{"name":"wp","href":"https:\/\/api.w.org\/{rel}","templated":true}]}}