{"id":11361,"date":"2019-04-16T11:04:51","date_gmt":"2019-04-16T09:04:51","guid":{"rendered":"https:\/\/thebestantique.com\/?post_type=product&#038;p=11361"},"modified":"2019-11-01T19:55:57","modified_gmt":"2019-11-01T17:55:57","slug":"germany-mini-officer-miniature-with-lion-head-guard","status":"publish","type":"product","link":"https:\/\/thebestantique.com\/et\/product\/germany-mini-officer-miniature-with-lion-head-guard\/","title":{"rendered":"Saksamaa minuatuur m\u00f5\u00f5k"},"content":{"rendered":"<p>Saksamaa minuatuur merev\u00e4em\u00f5\u00f5k.<\/p>\n<blockquote><p>Pikkus: 25 cm.<\/p><\/blockquote>\n<p><\/p>","protected":false},"excerpt":{"rendered":"<p>Saksamaa minuatuur merev\u00e4em\u00f5\u00f5k. Pikkus: 25 cm.<\/p>\n","protected":false},"featured_media":11363,"comment_status":"closed","ping_status":"closed","template":"","meta":{"_exactmetrics_skip_tracking":false,"_exactmetrics_sitenote_active":false,"_exactmetrics_sitenote_note":"","_exactmetrics_sitenote_category":0,"_uf_show_specific_survey":0,"_uf_disable_surveys":false},"product_brand":[],"product_cat":[421],"product_tag":[1170,1171],"class_list":{"0":"post-11361","1":"product","2":"type-product","3":"status-publish","4":"has-post-thumbnail","6":"product_cat-sold-items","7":"product_tag-germany-mini-officer-miniature-with-lion-head-guard","8":"product_tag-1171","9":"product_shipping_class-small-item-0-500-g","11":"first","12":"outofstock","13":"sold-individually","14":"shipping-taxable","15":"product-type-simple"},"aioseo_notices":[],"_links":{"self":[{"href":"https:\/\/thebestantique.com\/et\/wp-json\/wp\/v2\/product\/11361","targetHints":{"allow":["GET"]}}],"collection":[{"href":"https:\/\/thebestantique.com\/et\/wp-json\/wp\/v2\/product"}],"about":[{"href":"https:\/\/thebestantique.com\/et\/wp-json\/wp\/v2\/types\/product"}],"replies":[{"embeddable":true,"href":"https:\/\/thebestantique.com\/et\/wp-json\/wp\/v2\/comments?post=11361"}],"wp:featuredmedia":[{"embeddable":true,"href":"https:\/\/thebestantique.com\/et\/wp-json\/wp\/v2\/media\/11363"}],"wp:attachment":[{"href":"https:\/\/thebestantique.com\/et\/wp-json\/wp\/v2\/media?parent=11361"}],"wp:term":[{"taxonomy":"product_brand","embeddable":true,"href":"https:\/\/thebestantique.com\/et\/wp-json\/wp\/v2\/product_brand?post=11361"},{"taxonomy":"product_cat","embeddable":true,"href":"https:\/\/thebestantique.com\/et\/wp-json\/wp\/v2\/product_cat?post=11361"},{"taxonomy":"product_tag","embeddable":true,"href":"https:\/\/thebestantique.com\/et\/wp-json\/wp\/v2\/product_tag?post=11361"}],"curies":[{"name":"wp","href":"https:\/\/api.w.org\/{rel}","templated":true}]}}