{"id":11294,"date":"2019-04-12T15:23:39","date_gmt":"2019-04-12T13:23:39","guid":{"rendered":"https:\/\/thebestantique.com\/?post_type=product&#038;p=11294"},"modified":"2020-05-28T17:08:31","modified_gmt":"2020-05-28T15:08:31","slug":"russian-lacquer-box-winter-troika","status":"publish","type":"product","link":"https:\/\/thebestantique.com\/et\/product\/russian-lacquer-box-winter-troika\/","title":{"rendered":"Vene lakkmaa laegas \u201cTalvine troika\u201d."},"content":{"rendered":"<p><\/p>\n<div class=\"tab-content\">\n<div id=\"t1\" class=\"tab-pane active\">\n<div class=\"col-md-8\">\n<div class=\"core_post_content\">\n<p>Vene lakkmaa laegas \u201cTalvine troika\u201d. Papjeema\u0161ee, tempera, lakkmaa. Venemaa, 19-20 sajand.<\/p>\n<blockquote><p>M\u00f5\u00f5dud: 15.7 \u0445 9.5 \u0445 5.3 cm.<\/p><\/blockquote>\n<\/div>\n<\/div>\n<\/div>\n<\/div>\n<p><\/p>","protected":false},"excerpt":{"rendered":"<p>Vene lakkmaa laegas \u201cTalvine troika\u201d. Papjeema\u0161ee, tempera, lakkmaa. Venemaa, 19-20 sajand. M\u00f5\u00f5dud: 15.7 \u0445 9.5 \u0445 5.3 cm.<\/p>\n","protected":false},"featured_media":11295,"comment_status":"closed","ping_status":"closed","template":"","meta":{"_exactmetrics_skip_tracking":false,"_exactmetrics_sitenote_active":false,"_exactmetrics_sitenote_note":"","_exactmetrics_sitenote_category":0,"_uf_show_specific_survey":0,"_uf_disable_surveys":false},"product_brand":[],"product_cat":[421],"product_tag":[1134,1135,977,1138,1136,1137],"class_list":{"0":"post-11294","1":"product","2":"type-product","3":"status-publish","4":"has-post-thumbnail","6":"product_cat-sold-items","7":"product_tag-russian-lacquer-box-winter-troika","8":"product_tag-vene-lakkmaa-laegas-talvine-troika","9":"product_tag--19----20--","10":"product_tag-1138","11":"product_tag-1136","12":"product_tag-1137","13":"product_shipping_class-average-item-500-1500-g","15":"first","16":"outofstock","17":"sale","18":"shipping-taxable","19":"purchasable","20":"product-type-simple"},"aioseo_notices":[],"_links":{"self":[{"href":"https:\/\/thebestantique.com\/et\/wp-json\/wp\/v2\/product\/11294","targetHints":{"allow":["GET"]}}],"collection":[{"href":"https:\/\/thebestantique.com\/et\/wp-json\/wp\/v2\/product"}],"about":[{"href":"https:\/\/thebestantique.com\/et\/wp-json\/wp\/v2\/types\/product"}],"replies":[{"embeddable":true,"href":"https:\/\/thebestantique.com\/et\/wp-json\/wp\/v2\/comments?post=11294"}],"wp:featuredmedia":[{"embeddable":true,"href":"https:\/\/thebestantique.com\/et\/wp-json\/wp\/v2\/media\/11295"}],"wp:attachment":[{"href":"https:\/\/thebestantique.com\/et\/wp-json\/wp\/v2\/media?parent=11294"}],"wp:term":[{"taxonomy":"product_brand","embeddable":true,"href":"https:\/\/thebestantique.com\/et\/wp-json\/wp\/v2\/product_brand?post=11294"},{"taxonomy":"product_cat","embeddable":true,"href":"https:\/\/thebestantique.com\/et\/wp-json\/wp\/v2\/product_cat?post=11294"},{"taxonomy":"product_tag","embeddable":true,"href":"https:\/\/thebestantique.com\/et\/wp-json\/wp\/v2\/product_tag?post=11294"}],"curies":[{"name":"wp","href":"https:\/\/api.w.org\/{rel}","templated":true}]}}