{"id":11168,"date":"2019-03-11T13:04:53","date_gmt":"2019-03-11T11:04:53","guid":{"rendered":"https:\/\/thebestantique.com\/?post_type=product&#038;p=11168"},"modified":"2019-10-14T15:02:16","modified_gmt":"2019-10-14T13:02:16","slug":"vintage-white-enamel-guilloche-vanity-mirror","status":"publish","type":"product","link":"https:\/\/thebestantique.com\/et\/product\/vintage-white-enamel-guilloche-vanity-mirror\/","title":{"rendered":"Vanaaegne vinage emailitud k\u00e4sipeegel."},"content":{"rendered":"<p>Vanaaegne vintage v\u00e4rvilise emailiga k\u00e4sipeegel. H\u00f5be 925, v\u00e4rviline email. Arthur Cook, Birmingham, 1956.<\/p>\n<blockquote><p>M\u00f5\u00f5dud: 28 \u0445 10 cm.<\/p><\/blockquote>\n<p><\/p>","protected":false},"excerpt":{"rendered":"<p>Vanaaegne vinage emailitud k\u00e4sipeegel.<\/p>\n","protected":false},"featured_media":11169,"comment_status":"closed","ping_status":"closed","template":"","meta":{"_exactmetrics_skip_tracking":false,"_exactmetrics_sitenote_active":false,"_exactmetrics_sitenote_note":"","_exactmetrics_sitenote_category":0,"_uf_show_specific_survey":0,"_uf_disable_surveys":false},"product_brand":[],"product_cat":[421],"product_tag":[1066,1435,1065,1436],"class_list":{"0":"post-11168","1":"product","2":"type-product","3":"status-publish","4":"has-post-thumbnail","6":"product_cat-sold-items","7":"product_tag-vanaaegne-vinage-emailitud-kasipeegel","8":"product_tag-vintage-guilloche-enamel-vanity-mirror","9":"product_tag-vintage-guilloche-white-enamel-vanity-mirror","10":"product_tag-1436","11":"product_shipping_class-average-item-500-1500-g","13":"first","14":"outofstock","15":"shipping-taxable","16":"product-type-simple"},"aioseo_notices":[],"_links":{"self":[{"href":"https:\/\/thebestantique.com\/et\/wp-json\/wp\/v2\/product\/11168","targetHints":{"allow":["GET"]}}],"collection":[{"href":"https:\/\/thebestantique.com\/et\/wp-json\/wp\/v2\/product"}],"about":[{"href":"https:\/\/thebestantique.com\/et\/wp-json\/wp\/v2\/types\/product"}],"replies":[{"embeddable":true,"href":"https:\/\/thebestantique.com\/et\/wp-json\/wp\/v2\/comments?post=11168"}],"wp:featuredmedia":[{"embeddable":true,"href":"https:\/\/thebestantique.com\/et\/wp-json\/wp\/v2\/media\/11169"}],"wp:attachment":[{"href":"https:\/\/thebestantique.com\/et\/wp-json\/wp\/v2\/media?parent=11168"}],"wp:term":[{"taxonomy":"product_brand","embeddable":true,"href":"https:\/\/thebestantique.com\/et\/wp-json\/wp\/v2\/product_brand?post=11168"},{"taxonomy":"product_cat","embeddable":true,"href":"https:\/\/thebestantique.com\/et\/wp-json\/wp\/v2\/product_cat?post=11168"},{"taxonomy":"product_tag","embeddable":true,"href":"https:\/\/thebestantique.com\/et\/wp-json\/wp\/v2\/product_tag?post=11168"}],"curies":[{"name":"wp","href":"https:\/\/api.w.org\/{rel}","templated":true}]}}