{"id":10803,"date":"2019-02-25T12:51:13","date_gmt":"2019-02-25T10:51:13","guid":{"rendered":"https:\/\/thebestantique.com\/?post_type=product&#038;p=10803"},"modified":"2019-02-25T12:51:14","modified_gmt":"2019-02-25T10:51:14","slug":"vintage-switzerland-cow-dairy-milk-bell-brass","status":"publish","type":"product","link":"https:\/\/thebestantique.com\/et\/product\/vintage-switzerland-cow-dairy-milk-bell-brass\/","title":{"rendered":"(English) Vintage switzerland Cow Dairy Milk Bell Brass"},"content":{"rendered":"<p class=\"qtranxs-available-languages-message qtranxs-available-languages-message-et\">Vabandame, see kanne on saadaval ainult %LANG : ja %.<\/p>","protected":false},"excerpt":{"rendered":"<p>Vanaaegne kelluke.\u00a0\u0160veits<\/p>\n<blockquote><p>K\u00f5rgus: 12.6 cm<\/p>\n<p>L\u00e4bim\u00f5\u00f5t: 3.5 x 4.5 cm<\/p><\/blockquote>\n","protected":false},"featured_media":10804,"comment_status":"closed","ping_status":"closed","template":"","meta":{"_exactmetrics_skip_tracking":false,"_exactmetrics_sitenote_active":false,"_exactmetrics_sitenote_note":"","_exactmetrics_sitenote_category":0,"_uf_show_specific_survey":0,"_uf_disable_surveys":false},"product_brand":[],"product_cat":[291],"product_tag":[],"class_list":{"0":"post-10803","1":"product","2":"type-product","3":"status-publish","4":"has-post-thumbnail","6":"product_cat-other","7":"product_shipping_class-small-item-0-500-g","9":"first","10":"instock","11":"sold-individually","12":"shipping-taxable","13":"purchasable","14":"product-type-simple"},"aioseo_notices":[],"_links":{"self":[{"href":"https:\/\/thebestantique.com\/et\/wp-json\/wp\/v2\/product\/10803","targetHints":{"allow":["GET"]}}],"collection":[{"href":"https:\/\/thebestantique.com\/et\/wp-json\/wp\/v2\/product"}],"about":[{"href":"https:\/\/thebestantique.com\/et\/wp-json\/wp\/v2\/types\/product"}],"replies":[{"embeddable":true,"href":"https:\/\/thebestantique.com\/et\/wp-json\/wp\/v2\/comments?post=10803"}],"wp:featuredmedia":[{"embeddable":true,"href":"https:\/\/thebestantique.com\/et\/wp-json\/wp\/v2\/media\/10804"}],"wp:attachment":[{"href":"https:\/\/thebestantique.com\/et\/wp-json\/wp\/v2\/media?parent=10803"}],"wp:term":[{"taxonomy":"product_brand","embeddable":true,"href":"https:\/\/thebestantique.com\/et\/wp-json\/wp\/v2\/product_brand?post=10803"},{"taxonomy":"product_cat","embeddable":true,"href":"https:\/\/thebestantique.com\/et\/wp-json\/wp\/v2\/product_cat?post=10803"},{"taxonomy":"product_tag","embeddable":true,"href":"https:\/\/thebestantique.com\/et\/wp-json\/wp\/v2\/product_tag?post=10803"}],"curies":[{"name":"wp","href":"https:\/\/api.w.org\/{rel}","templated":true}]}}