{"id":10678,"date":"2019-01-28T10:33:36","date_gmt":"2019-01-28T08:33:36","guid":{"rendered":"https:\/\/thebestantique.com\/?post_type=product&#038;p=10678"},"modified":"2019-03-14T13:01:19","modified_gmt":"2019-03-14T11:01:19","slug":"beautiful-antique-silver-and-mother-of-pearl-thimble","status":"publish","type":"product","link":"https:\/\/thebestantique.com\/et\/product\/beautiful-antique-silver-and-mother-of-pearl-thimble\/","title":{"rendered":"Vanaaegne h\u00f5be p\u00e4rlmutrist s\u00f5rmk\u00fcbar"},"content":{"rendered":"<p>Vanaaegne h\u00f5be p\u00e4rlmutrist s\u00f5rmk\u00fcbar. Europa, Prantsusmaa (?), 20 sajandi algus.<\/p>\n<blockquote><p>Pikkus: 2.5 cm.<\/p>\n<p>Karbi m\u00f5\u00f5t: 4.5 \u0445 3.8 \u0445 2.6 cm.<\/p>\n<p>Kaal: 5.0 g.<\/p><\/blockquote>\n<p><\/p>","protected":false},"excerpt":{"rendered":"<p>Vanaaegne h\u00f5be p\u00e4rlmutrist s\u00f5rmk\u00fcbar. Europa, Prantsusmaa (?), 20 sajandi algus.<\/p>\n<blockquote><p>&nbsp;<\/p><\/blockquote>\n","protected":false},"featured_media":10684,"comment_status":"closed","ping_status":"closed","template":"","meta":{"_exactmetrics_skip_tracking":false,"_exactmetrics_sitenote_active":false,"_exactmetrics_sitenote_note":"","_exactmetrics_sitenote_category":0,"_uf_show_specific_survey":0,"_uf_disable_surveys":false},"product_brand":[],"product_cat":[421],"product_tag":[989,983,982,988,987,986,984,985],"class_list":{"0":"post-10678","1":"product","2":"type-product","3":"status-publish","4":"has-post-thumbnail","6":"product_cat-sold-items","7":"product_tag-20-sajandi-algus","8":"product_tag-antiikese","9":"product_tag-beautiful-antique-silver-and-mother-of-pearl-thimble","10":"product_tag-prantsusmaa","11":"product_tag-vanaaegne-hobe-parlmutrist-sormkubar-europa","12":"product_tag--20--","13":"product_tag-984","14":"product_tag-985","15":"product_shipping_class-small-item-0-500-g","17":"first","18":"outofstock","19":"shipping-taxable","20":"product-type-simple"},"aioseo_notices":[],"_links":{"self":[{"href":"https:\/\/thebestantique.com\/et\/wp-json\/wp\/v2\/product\/10678","targetHints":{"allow":["GET"]}}],"collection":[{"href":"https:\/\/thebestantique.com\/et\/wp-json\/wp\/v2\/product"}],"about":[{"href":"https:\/\/thebestantique.com\/et\/wp-json\/wp\/v2\/types\/product"}],"replies":[{"embeddable":true,"href":"https:\/\/thebestantique.com\/et\/wp-json\/wp\/v2\/comments?post=10678"}],"wp:featuredmedia":[{"embeddable":true,"href":"https:\/\/thebestantique.com\/et\/wp-json\/wp\/v2\/media\/10684"}],"wp:attachment":[{"href":"https:\/\/thebestantique.com\/et\/wp-json\/wp\/v2\/media?parent=10678"}],"wp:term":[{"taxonomy":"product_brand","embeddable":true,"href":"https:\/\/thebestantique.com\/et\/wp-json\/wp\/v2\/product_brand?post=10678"},{"taxonomy":"product_cat","embeddable":true,"href":"https:\/\/thebestantique.com\/et\/wp-json\/wp\/v2\/product_cat?post=10678"},{"taxonomy":"product_tag","embeddable":true,"href":"https:\/\/thebestantique.com\/et\/wp-json\/wp\/v2\/product_tag?post=10678"}],"curies":[{"name":"wp","href":"https:\/\/api.w.org\/{rel}","templated":true}]}}