{"id":10559,"date":"2018-12-20T14:45:02","date_gmt":"2018-12-20T12:45:02","guid":{"rendered":"https:\/\/thebestantique.com\/?post_type=product&#038;p=10559"},"modified":"2019-09-10T09:09:32","modified_gmt":"2019-09-10T07:09:32","slug":"philippe-patek-gold-mens-wrist-watch-with-leather-strap","status":"publish","type":"product","link":"https:\/\/thebestantique.com\/et\/product\/philippe-patek-gold-mens-wrist-watch-with-leather-strap\/","title":{"rendered":"Meeste kuld k\u00e4ekell &#8220;Philippe Patek&#8221;"},"content":{"rendered":"<p>Meeste automaatne kuld k\u00e4ekell &#8220;Philippe Patek&#8221;. Musta v\u00e4rvi nahk rihm koos kuld kinnitusega.<\/p>\n<p>Swiss made.<\/p>\n<p>Number: 215\/156,\u00a03085138.<\/p>\n<blockquote><p>Diameeter: 40.71 mm.<\/p><\/blockquote>\n<p><\/p>","protected":false},"excerpt":{"rendered":"<p>Meeste kuld k\u00e4ekell &#8220;Philippe Patek&#8221;. Musta v\u00e4rvi nahk rihm koos kuld kinnitusega.<\/p>\n<p>Swiss made.<\/p>\n<p>Number: 215\/156,\u00a03085138.<\/p>\n<blockquote><p>Diameeter: 40.71 mm.<\/p><\/blockquote>\n","protected":false},"featured_media":10564,"comment_status":"closed","ping_status":"closed","template":"","meta":{"_exactmetrics_skip_tracking":false,"_exactmetrics_sitenote_active":false,"_exactmetrics_sitenote_note":"","_exactmetrics_sitenote_category":0,"_uf_show_specific_survey":0,"_uf_disable_surveys":false},"product_brand":[],"product_cat":[421],"product_tag":[949,950,948],"class_list":{"0":"post-10559","1":"product","2":"type-product","3":"status-publish","4":"has-post-thumbnail","6":"product_cat-sold-items","7":"product_tag-meeste-kuld-kaekell-philippe-patek-musta-varvi-nahk-rihm-koos-kullast-kinnitusega","8":"product_tag-transparent-back-case","9":"product_tag-with-gold-buckle-10-jewels-white-enamel-dial","10":"product_shipping_class-free-shipping","12":"first","13":"outofstock","14":"shipping-taxable","15":"product-type-simple"},"aioseo_notices":[],"_links":{"self":[{"href":"https:\/\/thebestantique.com\/et\/wp-json\/wp\/v2\/product\/10559","targetHints":{"allow":["GET"]}}],"collection":[{"href":"https:\/\/thebestantique.com\/et\/wp-json\/wp\/v2\/product"}],"about":[{"href":"https:\/\/thebestantique.com\/et\/wp-json\/wp\/v2\/types\/product"}],"replies":[{"embeddable":true,"href":"https:\/\/thebestantique.com\/et\/wp-json\/wp\/v2\/comments?post=10559"}],"wp:featuredmedia":[{"embeddable":true,"href":"https:\/\/thebestantique.com\/et\/wp-json\/wp\/v2\/media\/10564"}],"wp:attachment":[{"href":"https:\/\/thebestantique.com\/et\/wp-json\/wp\/v2\/media?parent=10559"}],"wp:term":[{"taxonomy":"product_brand","embeddable":true,"href":"https:\/\/thebestantique.com\/et\/wp-json\/wp\/v2\/product_brand?post=10559"},{"taxonomy":"product_cat","embeddable":true,"href":"https:\/\/thebestantique.com\/et\/wp-json\/wp\/v2\/product_cat?post=10559"},{"taxonomy":"product_tag","embeddable":true,"href":"https:\/\/thebestantique.com\/et\/wp-json\/wp\/v2\/product_tag?post=10559"}],"curies":[{"name":"wp","href":"https:\/\/api.w.org\/{rel}","templated":true}]}}