{"id":10432,"date":"2018-11-06T14:10:15","date_gmt":"2018-11-06T12:10:15","guid":{"rendered":"https:\/\/thebestantique.com\/?post_type=product&#038;p=10432"},"modified":"2021-01-12T12:40:29","modified_gmt":"2021-01-12T10:40:29","slug":"russian-silver-sugar-bowl","status":"publish","type":"product","link":"https:\/\/thebestantique.com\/et\/product\/russian-silver-sugar-bowl\/","title":{"rendered":"Vene vanaaegne h\u00f5be suhkrutoos"},"content":{"rendered":"<p>Vene vanaaegne h\u00f5be suhkrutoos. H\u00f5be, 84. Meister: \u201c\u041f\u0410\u201d, Moskva, 1908-1917.<\/p>\n<p>&nbsp;<\/p>\n<p>Diameeter: 11 cm.<\/p>\n<p>K\u00f5rgus: 8.5 cm.<\/p>\n<p>Kaal: 238 g.<\/p>","protected":false},"excerpt":{"rendered":"<p><span style=\"display: inline !important; float: none; background-color: transparent; color: #333333; cursor: text; font-family: -apple-system,BlinkMacSystemFont,'Segoe UI',Roboto,Oxygen-Sans,Ubuntu,Cantarell,'Helvetica Neue',sans-serif; font-size: 16px; font-style: normal; font-variant: normal; font-weight: 400; letter-spacing: normal; orphans: 2; text-align: left; text-decoration: none; text-indent: 0px; text-transform: none; -webkit-text-stroke-width: 0px; white-space: normal; word-spacing: 0px;\">Vene vanaaegne h\u00f5be suhkrutoos. H\u00f5be, 84. Meister: \u201c\u041f\u0410\u201d, Moskva, 1908-1917. <\/span><\/p>\n","protected":false},"featured_media":10433,"comment_status":"closed","ping_status":"closed","template":"","meta":{"_exactmetrics_skip_tracking":false,"_exactmetrics_sitenote_active":false,"_exactmetrics_sitenote_note":"","_exactmetrics_sitenote_category":0,"_uf_show_specific_survey":0,"_uf_disable_surveys":false},"product_brand":[],"product_cat":[421],"product_tag":[631,896,897,894,895],"class_list":{"0":"post-10432","1":"product","2":"type-product","3":"status-publish","4":"has-post-thumbnail","6":"product_cat-sold-items","7":"product_tag-1908-1917","8":"product_tag-896","9":"product_tag-897","10":"product_tag-894","11":"product_tag-895","12":"product_shipping_class-small-item-0-500-g","14":"first","15":"outofstock","16":"sold-individually","17":"shipping-taxable","18":"product-type-simple"},"aioseo_notices":[],"_links":{"self":[{"href":"https:\/\/thebestantique.com\/et\/wp-json\/wp\/v2\/product\/10432","targetHints":{"allow":["GET"]}}],"collection":[{"href":"https:\/\/thebestantique.com\/et\/wp-json\/wp\/v2\/product"}],"about":[{"href":"https:\/\/thebestantique.com\/et\/wp-json\/wp\/v2\/types\/product"}],"replies":[{"embeddable":true,"href":"https:\/\/thebestantique.com\/et\/wp-json\/wp\/v2\/comments?post=10432"}],"wp:featuredmedia":[{"embeddable":true,"href":"https:\/\/thebestantique.com\/et\/wp-json\/wp\/v2\/media\/10433"}],"wp:attachment":[{"href":"https:\/\/thebestantique.com\/et\/wp-json\/wp\/v2\/media?parent=10432"}],"wp:term":[{"taxonomy":"product_brand","embeddable":true,"href":"https:\/\/thebestantique.com\/et\/wp-json\/wp\/v2\/product_brand?post=10432"},{"taxonomy":"product_cat","embeddable":true,"href":"https:\/\/thebestantique.com\/et\/wp-json\/wp\/v2\/product_cat?post=10432"},{"taxonomy":"product_tag","embeddable":true,"href":"https:\/\/thebestantique.com\/et\/wp-json\/wp\/v2\/product_tag?post=10432"}],"curies":[{"name":"wp","href":"https:\/\/api.w.org\/{rel}","templated":true}]}}