{"id":10420,"date":"2018-11-06T11:35:47","date_gmt":"2018-11-06T09:35:47","guid":{"rendered":"https:\/\/thebestantique.com\/?post_type=product&#038;p=10420"},"modified":"2020-05-28T16:27:15","modified_gmt":"2020-05-28T14:27:15","slug":"a-pair-of-silver-napkin-rings","status":"publish","type":"product","link":"https:\/\/thebestantique.com\/et\/product\/a-pair-of-silver-napkin-rings\/","title":{"rendered":"Vanaaegne h\u00f5be salvr\u00e4tikuhoidja"},"content":{"rendered":"<p>Vanaaegne h\u00f5be salvr\u00e4tikuhoidja. 2 tk. H\u00f5be, 800 proov, monogramm. Saksamaa, 20 sajandi algus.<\/p>\n<p>Diameeter: 5 cm.<\/p>\n<p>K\u00f5rgus: 4 cm.<\/p>\n<p>\u00dcldkaal: 80g.<\/p>","protected":false},"excerpt":{"rendered":"<p>Vanaaegne h\u00f5be salvr\u00e4tikuhoidja. 2 tk. H\u00f5be, 800 proov, monogramm. Saksamaa, 20 sajandi algus.<\/p>\n<p>&nbsp;<\/p>\n","protected":false},"featured_media":10428,"comment_status":"closed","ping_status":"closed","template":"","meta":{"_exactmetrics_skip_tracking":false,"_exactmetrics_sitenote_active":false,"_exactmetrics_sitenote_note":"","_exactmetrics_sitenote_category":0,"_uf_show_specific_survey":0,"_uf_disable_surveys":false},"product_brand":[],"product_cat":[222,6,421],"product_tag":[890],"class_list":{"0":"post-10420","1":"product","2":"type-product","3":"status-publish","4":"has-post-thumbnail","6":"product_cat-more-silver","7":"product_cat-silver","8":"product_cat-sold-items","9":"product_tag-a-pair-of-silver-napkin-rings","10":"product_shipping_class-small-item-0-500-g","12":"first","13":"onbackorder","14":"sold-individually","15":"shipping-taxable","16":"purchasable","17":"product-type-simple"},"aioseo_notices":[],"_links":{"self":[{"href":"https:\/\/thebestantique.com\/et\/wp-json\/wp\/v2\/product\/10420","targetHints":{"allow":["GET"]}}],"collection":[{"href":"https:\/\/thebestantique.com\/et\/wp-json\/wp\/v2\/product"}],"about":[{"href":"https:\/\/thebestantique.com\/et\/wp-json\/wp\/v2\/types\/product"}],"replies":[{"embeddable":true,"href":"https:\/\/thebestantique.com\/et\/wp-json\/wp\/v2\/comments?post=10420"}],"wp:featuredmedia":[{"embeddable":true,"href":"https:\/\/thebestantique.com\/et\/wp-json\/wp\/v2\/media\/10428"}],"wp:attachment":[{"href":"https:\/\/thebestantique.com\/et\/wp-json\/wp\/v2\/media?parent=10420"}],"wp:term":[{"taxonomy":"product_brand","embeddable":true,"href":"https:\/\/thebestantique.com\/et\/wp-json\/wp\/v2\/product_brand?post=10420"},{"taxonomy":"product_cat","embeddable":true,"href":"https:\/\/thebestantique.com\/et\/wp-json\/wp\/v2\/product_cat?post=10420"},{"taxonomy":"product_tag","embeddable":true,"href":"https:\/\/thebestantique.com\/et\/wp-json\/wp\/v2\/product_tag?post=10420"}],"curies":[{"name":"wp","href":"https:\/\/api.w.org\/{rel}","templated":true}]}}