{"id":10369,"date":"2018-08-23T12:17:20","date_gmt":"2018-08-23T10:17:20","guid":{"rendered":"https:\/\/thebestantique.com\/?post_type=product&#038;p=10369"},"modified":"2019-06-14T13:52:00","modified_gmt":"2019-06-14T11:52:00","slug":"russian-imperial-time-silver-icon-lamp","status":"publish","type":"product","link":"https:\/\/thebestantique.com\/et\/product\/russian-imperial-time-silver-icon-lamp\/","title":{"rendered":"Vene tsaariaegne h\u00f5be ikooni lamp."},"content":{"rendered":"<p>Vene tsaariaegne h\u00f5be ikooni lamp. H\u00f5be 84, &#8220;zolotnik&#8221; proov.<\/p>\n<p>Meister: &#8220;\u041f\u041c&#8221;<\/p>\n<p>19 sajand.<\/p>\n<p>K\u00f5rgus: 9.2 cm. \u00dcldpikkus: 45.5 cm. L\u00e4bim\u00f5\u00f5t: 7.2 cm. H\u00f5beda kaal: 147.9 g.<\/p>","protected":false},"excerpt":{"rendered":"<p class=\"qtranxs-available-languages-message qtranxs-available-languages-message-et\">Vabandame, see kanne on saadaval ainult %LANG : ja %.<\/p>\n","protected":false},"featured_media":10335,"comment_status":"closed","ping_status":"closed","template":"","meta":{"_exactmetrics_skip_tracking":false,"_exactmetrics_sitenote_active":false,"_exactmetrics_sitenote_note":"","_exactmetrics_sitenote_category":0,"_uf_show_specific_survey":0,"_uf_disable_surveys":false},"product_brand":[],"product_cat":[421],"product_tag":[859,861,860,858,862,863],"class_list":{"0":"post-10369","1":"product","2":"type-product","3":"status-publish","4":"has-post-thumbnail","6":"product_cat-sold-items","7":"product_tag-859","8":"product_tag-makers-marks-","9":"product_tag-makwer","10":"product_tag-russian-modern-style-silver-icon-lamp-silver","11":"product_tag-862","12":"product_tag-863","13":"product_shipping_class-small-item-0-500-g","15":"first","16":"outofstock","17":"sold-individually","18":"shipping-taxable","19":"purchasable","20":"product-type-simple"},"aioseo_notices":[],"_links":{"self":[{"href":"https:\/\/thebestantique.com\/et\/wp-json\/wp\/v2\/product\/10369","targetHints":{"allow":["GET"]}}],"collection":[{"href":"https:\/\/thebestantique.com\/et\/wp-json\/wp\/v2\/product"}],"about":[{"href":"https:\/\/thebestantique.com\/et\/wp-json\/wp\/v2\/types\/product"}],"replies":[{"embeddable":true,"href":"https:\/\/thebestantique.com\/et\/wp-json\/wp\/v2\/comments?post=10369"}],"wp:featuredmedia":[{"embeddable":true,"href":"https:\/\/thebestantique.com\/et\/wp-json\/wp\/v2\/media\/10335"}],"wp:attachment":[{"href":"https:\/\/thebestantique.com\/et\/wp-json\/wp\/v2\/media?parent=10369"}],"wp:term":[{"taxonomy":"product_brand","embeddable":true,"href":"https:\/\/thebestantique.com\/et\/wp-json\/wp\/v2\/product_brand?post=10369"},{"taxonomy":"product_cat","embeddable":true,"href":"https:\/\/thebestantique.com\/et\/wp-json\/wp\/v2\/product_cat?post=10369"},{"taxonomy":"product_tag","embeddable":true,"href":"https:\/\/thebestantique.com\/et\/wp-json\/wp\/v2\/product_tag?post=10369"}],"curies":[{"name":"wp","href":"https:\/\/api.w.org\/{rel}","templated":true}]}}