{"id":256,"date":"2016-01-26T10:30:23","date_gmt":"2016-01-26T10:30:23","guid":{"rendered":"http:\/\/thebestantique.com\/?page_id=256"},"modified":"2025-12-15T16:01:03","modified_gmt":"2025-12-15T14:01:03","slug":"about-us","status":"publish","type":"page","link":"https:\/\/thebestantique.com\/et\/about-us\/","title":{"rendered":"Meist"},"content":{"rendered":"<p><\/p>\n<div class=\"flex flex-col text-sm @w-xl\/main:pt-header-height pb-25\">\n<article class=\"text-token-text-primary w-full focus:outline-none [--shadow-height:45px] has-data-writing-block:pointer-events-none has-data-writing-block:-mt-(--shadow-height) has-data-writing-block:pt-(--shadow-height) [&amp;:has([data-writing-block])&gt;*]:pointer-events-auto scroll-mt-[calc(var(--header-height)+min(200px,max(70px,20svh)))]\" dir=\"auto\" tabindex=\"-1\" data-turn-id=\"91573ec2-1a11-48fd-8e7f-e3df9305c7a0\" data-testid=\"conversation-turn-4\" data-scroll-anchor=\"true\" data-turn=\"assistant\">\n<div class=\"text-base my-auto mx-auto pb-10 [--thread-content-margin:--spacing(4)] @w-sm\/main:[--thread-content-margin:--spacing(6)] @w-lg\/main:[--thread-content-margin:--spacing(16)] px-(--thread-content-margin)\">\n<div class=\"[--thread-content-max-width:40rem] @w-lg\/main:[--thread-content-max-width:48rem] mx-auto max-w-(--thread-content-max-width) flex-1 group\/turn-messages focus-visible:outline-hidden relative flex w-full min-w-0 flex-col agent-turn\" tabindex=\"-1\">\n<div class=\"flex max-w-full flex-col grow\">\n<div class=\"min-h-8 text-message relative flex w-full flex-col items-end gap-2 text-start break-words whitespace-normal [.text-message+&amp;]:mt-1\" dir=\"auto\" data-message-author-role=\"assistant\" data-message-id=\"a1dc3d19-2a74-4b47-a905-94a1d3f27d31\" data-message-model-slug=\"gpt-5-2\">\n<div class=\"flex w-full flex-col gap-1 empty:hidden first:pt-[1px]\">\n<div class=\"markdown prose dark:prose-invert w-full break-words light markdown-new-styling\">\n<p data-start=\"122\" data-end=\"173\"><strong data-start=\"122\" data-end=\"173\">TheBestAntique O\u00dc \u2013 esindus Tallinna kesklinnas<\/strong><\/p>\n<p data-start=\"175\" data-end=\"243\">C. R. Jakobsoni 7\/1, 10128 Tallinn<br data-start=\"209\" data-end=\"212\" \/><em data-start=\"212\" data-end=\"243\">K\u00fclastus eelneval kokkuleppel<\/em><\/p>\n<p data-start=\"245\" data-end=\"305\">&#x1f4de; <strong data-start=\"248\" data-end=\"260\">Kontakt:<\/strong> +372 5668 4125<br data-start=\"275\" data-end=\"278\" \/>(Viber \u00b7 WhatsApp \u00b7 WeChat)<\/p>\n<p data-start=\"307\" data-end=\"392\">&#x1f310; <strong data-start=\"310\" data-end=\"324\">Veebipood:<\/strong> <a class=\"decorated-link\" href=\"https:\/\/thebestantique.com\" target=\"_new\" rel=\"noopener\" data-start=\"325\" data-end=\"351\">https:\/\/thebestantique.com<\/a><br data-start=\"351\" data-end=\"354\" \/>&#x1f4e7; <strong data-start=\"357\" data-end=\"368\">E-post:<\/strong> <a class=\"decorated-link cursor-pointer\" rel=\"noopener\" data-start=\"369\" data-end=\"392\">info@thebestantique.com<\/a><\/p>\n<\/div>\n<\/div>\n<\/div>\n<\/div>\n<\/div>\n<\/div>\n<\/article>\n<\/div>\n<p><img loading=\"lazy\" decoding=\"async\" class=\"wp-image-10729 alignleft\" src=\"https:\/\/thebestantique.com\/wp-content\/uploads\/2019\/02\/jakobsoni-300x186.jpg\" alt=\"\" width=\"305\" height=\"189\" srcset=\"https:\/\/thebestantique.com\/wp-content\/uploads\/2019\/02\/jakobsoni-300x186.jpg 300w, https:\/\/thebestantique.com\/wp-content\/uploads\/2019\/02\/jakobsoni-768x476.jpg 768w, https:\/\/thebestantique.com\/wp-content\/uploads\/2019\/02\/jakobsoni-416x258.jpg 416w, https:\/\/thebestantique.com\/wp-content\/uploads\/2019\/02\/jakobsoni.jpg 800w\" sizes=\"auto, (max-width: 305px) 100vw, 305px\" \/><\/p>\n<p>&nbsp;<\/p>\n<p>&nbsp;<\/p>\n<p>&nbsp;<\/p>\n<p>&nbsp;<\/p>\n<p>&nbsp;<\/p>\n<p><span style=\"display: inline !important; float: none; background-color: transparent; color: #333333; cursor: text; font-family: -apple-system,BlinkMacSystemFont,'Segoe UI',Roboto,Oxygen-Sans,Ubuntu,Cantarell,'Helvetica Neue',sans-serif; font-size: 16px; font-style: normal; font-variant: normal; font-weight: 400; letter-spacing: normal; orphans: 2; text-align: left; text-decoration: none; text-indent: 0px; text-transform: none; -webkit-text-stroke-width: 0px; white-space: normal; word-spacing: 0px;\">&#8212;&#8212;&#8212;&#8212;&#8212;&#8212;&#8212;&#8212;&#8212;&#8212;&#8212;&#8212;&#8212;&#8212;&#8212;&#8212;&#8212;&#8212;&#8212;&#8212;&#8212;&#8212;&#8212;&#8212;&#8212;&#8212;&#8212;&#8212;&#8212;&#8212;<\/span><\/p>\n<p data-start=\"111\" data-end=\"149\"><strong data-start=\"111\" data-end=\"149\">Raeantiik O\u00dc\u00a0 \u2013 antiigipood vanalinnas<\/strong><\/p>\n<p><img loading=\"lazy\" decoding=\"async\" class=\"alignnone wp-image-12701 \" src=\"https:\/\/thebestantique.com\/wp-content\/uploads\/2020\/02\/raeantiik-300x225.jpg\" alt=\"\" width=\"291\" height=\"218\" srcset=\"https:\/\/thebestantique.com\/wp-content\/uploads\/2020\/02\/raeantiik-300x225.jpg 300w, https:\/\/thebestantique.com\/wp-content\/uploads\/2020\/02\/raeantiik-416x312.jpg 416w, https:\/\/thebestantique.com\/wp-content\/uploads\/2020\/02\/raeantiik.jpg 550w\" sizes=\"auto, (max-width: 291px) 100vw, 291px\" \/><\/p>\n<p>&nbsp;<\/p>\n<p data-start=\"123\" data-end=\"255\">Raekoja platsil asuvas kaupluses on <strong data-start=\"159\" data-end=\"186\">kaks <\/strong>meie klaasvitriini, kus on m\u00fc\u00fcgil valik meie sortimendis olevatest antiikesemetest.<\/p>\n<p data-start=\"257\" data-end=\"280\">Lisainfo telefoni teel.<\/p>\n<p data-start=\"282\" data-end=\"433\">RAEANTIIK O\u00dc on Eesti kapitalil p\u00f5hinev ettev\u00f5te, mis on asutatud 1999. aastal.<br data-start=\"369\" data-end=\"372\" \/>Meie p\u00f5hitegevusalaks on antiigi ja vanavara ost ja m\u00fc\u00fck.<\/p>\n<p data-start=\"435\" data-end=\"533\"><strong data-start=\"435\" data-end=\"447\">Aadress:<\/strong><br data-start=\"447\" data-end=\"450\" \/>Tallinn, Raekoja plats 11 \/ Apteegi 1 \/ Saiakangi 2, 10146<br data-start=\"508\" data-end=\"511\" \/><em data-start=\"511\" data-end=\"533\">(kaks klaasvitriini)<\/em><\/p>\n<p data-start=\"535\" data-end=\"624\"><strong data-start=\"535\" data-end=\"554\">Lahtiolekuajad:<\/strong><br data-start=\"554\" data-end=\"557\" \/><strong data-start=\"557\" data-end=\"565\">E\u2013R:<\/strong> 10:00\u201317:00 \/ 18:00<br data-start=\"585\" data-end=\"588\" \/><strong data-start=\"588\" data-end=\"612\">Laup\u00e4ev ja p\u00fchap\u00e4ev:<\/strong> kokkuleppel<\/p>\n<p data-start=\"626\" data-end=\"698\">&#x1f310; <strong data-start=\"629\" data-end=\"638\">Veeb:<\/strong> thebestantique.com<br data-start=\"657\" data-end=\"660\" \/>&#x1f4e7; <strong data-start=\"663\" data-end=\"674\">E-post:<\/strong> <a class=\"decorated-link cursor-pointer\" rel=\"noopener\" data-start=\"675\" data-end=\"698\">info@thebestantique.com<\/a><\/p>\n<p><\/p>","protected":false},"excerpt":{"rendered":"<p>TheBestAntique O\u00dc \u2013 esindus Tallinna kesklinnas C. R. Jakobsoni 7\/1, 10128 TallinnK\u00fclastus eelneval kokkuleppel &#x1f4de; Kontakt: +372 5668 4125(Viber \u00b7 WhatsApp \u00b7 WeChat) &#x1f310; Veebipood: https:\/\/thebestantique.com&#x1f4e7; E-post: info@thebestantique.com &nbsp; &nbsp; &nbsp; &nbsp; &nbsp; &#8212;&#8212;&#8212;&#8212;&#8212;&#8212;&#8212;&#8212;&#8212;&#8212;&#8212;&#8212;&#8212;&#8212;&#8212;&#8212;&#8212;&#8212;&#8212;&#8212;&#8212;&#8212;&#8212;&#8212;&#8212;&#8212;&#8212;&#8212;&#8212;&#8212; Raeantiik O\u00dc\u00a0 \u2013 antiigipood vanalinnas &nbsp; Raekoja platsil asuvas kaupluses on kaks meie klaasvitriini, kus on m\u00fc\u00fcgil valik meie sortimendis olevatest [&hellip;]<\/p>\n","protected":false},"author":1,"featured_media":0,"parent":0,"menu_order":0,"comment_status":"closed","ping_status":"closed","template":"","meta":{"_exactmetrics_skip_tracking":false,"_exactmetrics_sitenote_active":false,"_exactmetrics_sitenote_note":"","_exactmetrics_sitenote_category":0,"_uf_show_specific_survey":0,"_uf_disable_surveys":false,"footnotes":""},"class_list":["post-256","page","type-page","status-publish","hentry"],"aioseo_notices":[],"_links":{"self":[{"href":"https:\/\/thebestantique.com\/et\/wp-json\/wp\/v2\/pages\/256","targetHints":{"allow":["GET"]}}],"collection":[{"href":"https:\/\/thebestantique.com\/et\/wp-json\/wp\/v2\/pages"}],"about":[{"href":"https:\/\/thebestantique.com\/et\/wp-json\/wp\/v2\/types\/page"}],"author":[{"embeddable":true,"href":"https:\/\/thebestantique.com\/et\/wp-json\/wp\/v2\/users\/1"}],"replies":[{"embeddable":true,"href":"https:\/\/thebestantique.com\/et\/wp-json\/wp\/v2\/comments?post=256"}],"version-history":[{"count":0,"href":"https:\/\/thebestantique.com\/et\/wp-json\/wp\/v2\/pages\/256\/revisions"}],"wp:attachment":[{"href":"https:\/\/thebestantique.com\/et\/wp-json\/wp\/v2\/media?parent=256"}],"curies":[{"name":"wp","href":"https:\/\/api.w.org\/{rel}","templated":true}]}}